{"id":839,"date":"2016-05-03T13:50:59","date_gmt":"2016-05-03T12:50:59","guid":{"rendered":"http:\/\/www.lanuitdelune.fr\/?page_id=839"},"modified":"2016-06-26T19:42:47","modified_gmt":"2016-06-26T18:42:47","slug":"saillie","status":"publish","type":"page","link":"https:\/\/www.lanuitdelune.fr\/index.php\/nos-males\/saillie\/","title":{"rendered":"Saillie"},"content":{"rendered":"<div id=\"dslc-content\" class=\"dslc-content dslc-clearfix\"><div id=\"dslc-main\">\r\n\t\t\t<div  class=\"dslc-modules-section \" style=\"\" data-section-id=\"3c146de7650\">\r\n\t\t\t\t\r\n\t\t\t\t\r\n\t\t\t\t<div class=\"dslc-modules-section-wrapper dslc-clearfix\"><style type=\"text\/css\" id=\"dslca-modules-area-\"><\/style><div  class=\"dslc-modules-area dslc-col dslc-12-col dslc-last-col\" data-size=\"12\" data-valign=\"\" data-modules-area-id=\"\" >\r\n\t\t<div id=\"dslc-module-176\" class=\"dslc-module-front dslc-module-DSLC_Text_Simple dslc-in-viewport-check dslc-in-viewport-anim-none  dslc-col dslc-6-col  dslc-module-handle-like-regular \" data-module-id=\"176\" data-module=\"DSLC_Text_Simple\" data-dslc-module-size=\"6\" data-dslc-anim=\"none\" data-dslc-anim-delay=\"0\" data-dslc-anim-duration=\"650\"  data-dslc-anim-easing=\"ease\" data-dslc-preset=\"none\" >\r\n\r\n\t\t\t\r\n\t\t\t\r\n\t\t\r\n\t\t<div class=\"dslc-text-module-content\">\r\n\t\t\t<p>Nous vous proposons 2 chiens cockers anglais LOF et confirm\u00e9s avec de bons r\u00e9sultats en expo et de tr\u00e8s bons pedigrees pour saillir vos chiennes.<\/p><p>Ils ont tous les 2 un super caract\u00e8re, tr\u00e8s fid\u00e8les, joueurs et bien dans leurs papattes.<\/p><p><br><\/p><p>Les saillies se font uniquement sur des chiennes LOF.<\/p><p>Vous pouvez venir voir nos m\u00e2les, avec ou sans votre femelle, afin de voir si ils vous conviennent.<\/p><p>La saillie se passe chez nous, c\u2019est la femelle qui se d\u00e9place chez le m\u00e2le.<\/p><p><br><\/p><p>Nos m\u00e2les sont LOF et confirm\u00e9s, cotation 2 : recommand\u00e9s, identifi\u00e9s g\u00e9n\u00e9tiquement, sains pour l\u2019APR et la NF.<\/p><p>M\u00eame si votre chienne n\u2019est pas test\u00e9e, c\u2019est l\u2019id\u00e9al pour que les chiots ne soient pas atteints par ces maladies h\u00e9r\u00e9ditaires chez le cocker.<\/p><p><br><\/p><p>N\u2019h\u00e9sitez pas \u00e0 nous contacter si vous avez des questions !<\/p>\t\t<\/div>\r\n\r\n\t\t\r\n\t\t\t\t<\/div><!-- .dslc-module -->\r\n\t\t\r\n\t\t<div id=\"dslc-module-177\" class=\"dslc-module-front dslc-module-DSLC_Image dslc-in-viewport-check dslc-in-viewport-anim-none  dslc-col dslc-4-col  dslc-module-handle-like-regular \" data-module-id=\"177\" data-module=\"DSLC_Image\" data-dslc-module-size=\"4\" data-dslc-anim=\"none\" data-dslc-anim-delay=\"0\" data-dslc-anim-duration=\"650\"  data-dslc-anim-easing=\"ease\" data-dslc-preset=\"none\" >\r\n\r\n\t\t\t\r\n\t\t\t\r\n\t\t\t\t<div class=\"dslc-image-container\">\r\n\t\t<div class=\"dslc-image\">\r\n\r\n\t\t\t\r\n\t\t\t\t\r\n\t\t\t\t\t\t\t\t\t<img src=\"https:\/\/www.lanuitdelune.fr\/wp-content\/uploads\/2016\/03\/20160327_223517_resized-e1474547776744.jpg\" alt=\"\" title=\"\"   \/>\r\n\t\t\t\t\r\n\t\t\t\t\r\n\t\t\t\t\t<div class=\"dslc-image-caption\">\r\n\r\n\t\t\t\t\t\t\t\t\t\t\t\t\tJaguar et Lypha\u00ebl en pleine action<br>\t\t\t\t\t\t\t\t\t\t\t<\/div>\r\n\t\t\t\t\t\t\t\t\t<\/div><!-- .dslc-image -->\r\n\t\t<\/div>\r\n\t\t\r\n\t\t\t\t<\/div><!-- .dslc-module -->\r\n\t\t\r\n\t\t<div id=\"dslc-module-180\" class=\"dslc-module-front dslc-module-DSLC_Separator dslc-in-viewport-check dslc-in-viewport-anim-none  dslc-col dslc-12-col  dslc-module-handle-like-regular \" data-module-id=\"180\" data-module=\"DSLC_Separator\" data-dslc-module-size=\"12\" data-dslc-anim=\"none\" data-dslc-anim-delay=\"0\" data-dslc-anim-duration=\"650\"  data-dslc-anim-easing=\"ease\" data-dslc-preset=\"none\" >\r\n\r\n\t\t\t\r\n\t\t\t\r\n\t\t\t\t\t<div class=\"dslc-separator-wrapper\">\r\n\t\t\t\t<div class=\"dslc-separator dslc-separator-style-solid\">\r\n\t\t\t\t\t\t\t\t\t<\/div>\r\n\t\t\t\t<div><\/div>\r\n\t\t\t<\/div><!-- .dslc-separator-wrapper -->\r\n\t\t\t\r\n\t\t\t\t<\/div><!-- .dslc-module -->\r\n\t\t\r\n\t\t<div id=\"dslc-module-178\" class=\"dslc-module-front dslc-module-DSLC_Text_Simple dslc-in-viewport-check dslc-in-viewport-anim-none  dslc-col dslc-12-col  dslc-module-handle-like-regular \" data-module-id=\"178\" data-module=\"DSLC_Text_Simple\" data-dslc-module-size=\"12\" data-dslc-anim=\"none\" data-dslc-anim-delay=\"0\" data-dslc-anim-duration=\"650\"  data-dslc-anim-easing=\"ease\" data-dslc-preset=\"none\" >\r\n\r\n\t\t\t\r\n\t\t\t\r\n\t\t\r\n\t\t<div class=\"dslc-text-module-content\">\r\n\t\t\t<p><strong><u>La NF : <\/u><\/strong>N\u00e9phropathie Familiale est une insuffisance r\u00e9nale pr\u00e9coce. (Mort du chiot vers ses 1 an).<\/p><p><strong><u>L\u2019APR :<\/u><\/strong> Atrophie Progressive de la R\u00e9tine est une perte de vision progressive. (Le chien devient aveugle vers 7 ans).<\/p>\t\t<\/div>\r\n\r\n\t\t\r\n\t\t\t\t<\/div><!-- .dslc-module -->\r\n\t\t\r\n\t\t<div id=\"dslc-module-179\" class=\"dslc-module-front dslc-module-DSLC_Separator dslc-in-viewport-check dslc-in-viewport-anim-none  dslc-col dslc-12-col  dslc-module-handle-like-regular \" data-module-id=\"179\" data-module=\"DSLC_Separator\" data-dslc-module-size=\"12\" data-dslc-anim=\"none\" data-dslc-anim-delay=\"0\" data-dslc-anim-duration=\"650\"  data-dslc-anim-easing=\"ease\" data-dslc-preset=\"none\" >\r\n\r\n\t\t\t\r\n\t\t\t\r\n\t\t\t\t\t<div class=\"dslc-separator-wrapper\">\r\n\t\t\t\t<div class=\"dslc-separator dslc-separator-style-solid\">\r\n\t\t\t\t\t\t\t\t\t<\/div>\r\n\t\t\t\t<div><\/div>\r\n\t\t\t<\/div><!-- .dslc-separator-wrapper -->\r\n\t\t\t\r\n\t\t\t\t<\/div><!-- .dslc-module -->\r\n\t\t\r\n\t\t<div id=\"dslc-module-181\" class=\"dslc-module-front dslc-module-DSLC_Text_Simple dslc-in-viewport-check dslc-in-viewport-anim-none  dslc-col dslc-12-col  dslc-module-handle-like-regular \" data-module-id=\"181\" data-module=\"DSLC_Text_Simple\" data-dslc-module-size=\"12\" data-dslc-anim=\"none\" data-dslc-anim-delay=\"0\" data-dslc-anim-duration=\"650\"  data-dslc-anim-easing=\"ease\" data-dslc-preset=\"none\" >\r\n\r\n\t\t\t\r\n\t\t\t\r\n\t\t\r\n\t\t<div class=\"dslc-text-module-content\">\r\n\t\t\t<h3 style=\"text-align: center;\"><span style=\"text-decoration: underline;\">Jaguar du Songe d\u2019Opaline<\/span><\/h3><h4 style=\"text-align: center;\">Couleur chocolat et feu, LOF et confirm\u00e9,<br> identifi\u00e9 g\u00e9n\u00e9tiquement, sain APR et NF, id\u00e9al saillie sur chiennes chocolats<\/h4><p style=\"text-align: center;\"><span style=\"text-decoration: underline;\">Ses r\u00e9sultats en expo :<\/span><\/p><p style=\"text-align: center;\">Nantes 2015 \u2013 classe jeune : 2\u00e8me excellent<\/p><p style=\"text-align: center;\">Angers 2016 \u2013 classe interm\u00e9diaire : 1er excellent<\/p><p style=\"text-align: center;\">La Roche sur Yon 2016 \u2013 classe interm\u00e9diaire : 1er excellent + CACS<\/p><p style=\"text-align: center;\">Ch\u00e2teaubriant 2016 \u2013 classe interm\u00e9diaire : 1er excellent<\/p><p style=\"text-align: center;\">R\u00e9gionale d'Elevage Tr\u00e9dion 2016 - classe interm\u00e9diaire : 1er excellent + obtention du TAN<\/p><p style=\"text-align: center;\">Tr\u00e8s bon caract\u00e8re, tr\u00e8s c\u00e2lin, tr\u00e8s joueur, origines beaut\u00e9, tr\u00e8s bon pedigree<\/p>\t\t<\/div>\r\n\r\n\t\t\r\n\t\t\t\t<\/div><!-- .dslc-module -->\r\n\t\t\r\n\t\t<div id=\"dslc-module-182\" class=\"dslc-module-front dslc-module-DSLC_Image dslc-in-viewport-check dslc-in-viewport-anim-none  dslc-col dslc-12-col  dslc-module-handle-like-regular \" data-module-id=\"182\" data-module=\"DSLC_Image\" data-dslc-module-size=\"12\" data-dslc-anim=\"none\" data-dslc-anim-delay=\"0\" data-dslc-anim-duration=\"650\"  data-dslc-anim-easing=\"ease\" data-dslc-preset=\"none\" >\r\n\r\n\t\t\t\r\n\t\t\t\r\n\t\t\t\t<div class=\"dslc-image-container\">\r\n\t\t<div class=\"dslc-image\">\r\n\r\n\t\t\t\r\n\t\t\t\t\r\n\t\t\t\t\t\t\t\t\t<img src=\"https:\/\/www.lanuitdelune.fr\/wp-content\/uploads\/2016\/05\/13315407_10153833948958853_3229804111781461940_n.jpg\" alt=\"\" title=\"\" srcset=\"https:\/\/www.lanuitdelune.fr\/wp-content\/uploads\/2016\/05\/13315407_10153833948958853_3229804111781461940_n.jpg 264w, https:\/\/www.lanuitdelune.fr\/wp-content\/uploads\/2016\/05\/13315407_10153833948958853_3229804111781461940_n-165x300.jpg 165w, https:\/\/www.lanuitdelune.fr\/wp-content\/uploads\/2016\/05\/13315407_10153833948958853_3229804111781461940_n-83x150.jpg 83w\" sizes=\"(max-width: 264px) 100vw, 264px\" \/>\r\n\t\t\t\t\r\n\t\t\t\t\r\n\t\t\t\t\t<div class=\"dslc-image-caption\">\r\n\r\n\t\t\t\t\t\t\t\t\t\t\t\t\tJaguar avec ses r\u00e9compenses de l'expo la Roche sur Yon<br>\t\t\t\t\t\t\t\t\t\t\t<\/div>\r\n\t\t\t\t\t\t\t\t\t<\/div><!-- .dslc-image -->\r\n\t\t<\/div>\r\n\t\t\r\n\t\t\t\t<\/div><!-- .dslc-module -->\r\n\t\t\r\n\t\t<div id=\"dslc-module-189\" class=\"dslc-module-front dslc-module-DSLC_Image dslc-in-viewport-check dslc-in-viewport-anim-none  dslc-col dslc-12-col  dslc-module-handle-like-regular \" data-module-id=\"189\" data-module=\"DSLC_Image\" data-dslc-module-size=\"12\" data-dslc-anim=\"none\" data-dslc-anim-delay=\"0\" data-dslc-anim-duration=\"650\"  data-dslc-anim-easing=\"ease\" data-dslc-preset=\"none\" >\r\n\r\n\t\t\t\r\n\t\t\t\r\n\t\t\t\t<div class=\"dslc-image-container\">\r\n\t\t<div class=\"dslc-image\">\r\n\r\n\t\t\t\r\n\t\t\t\t\r\n\t\t\t\t\t\t\t\t\t<a class=\"\" href=\"http:\/\/delanuitdelune.chiens-de-france.com\/cocker-spaniel-anglais,de-la-nuit-d-elune,chiens-fiche,jaguar-du-songe-d-opaline,49431,983216.html\" target=\"_self\"  >\r\n\t\t\t\t\t\t\t\t\t<img src=\"https:\/\/www.lanuitdelune.fr\/wp-content\/uploads\/2016\/07\/la-nuit-delune-sur-chiens-de-france.jpg\" alt=\"\" title=\"\" srcset=\"https:\/\/www.lanuitdelune.fr\/wp-content\/uploads\/2016\/07\/la-nuit-delune-sur-chiens-de-france.jpg 556w, https:\/\/www.lanuitdelune.fr\/wp-content\/uploads\/2016\/07\/la-nuit-delune-sur-chiens-de-france-300x131.jpg 300w, https:\/\/www.lanuitdelune.fr\/wp-content\/uploads\/2016\/07\/la-nuit-delune-sur-chiens-de-france-250x109.jpg 250w, https:\/\/www.lanuitdelune.fr\/wp-content\/uploads\/2016\/07\/la-nuit-delune-sur-chiens-de-france-150x65.jpg 150w\" sizes=\"(max-width: 556px) 100vw, 556px\" \/>\r\n\t\t\t\t\t\t\t\t\t<\/a>\r\n\t\t\t\t\r\n\t\t\t\t\r\n\t\t\t\t\t<div class=\"dslc-image-caption\">\r\n\r\n\t\t\t\t\t\t\t\t\t\t\t\t\tVoir le pedigree de Jaguar sur Chiens de France<br>\t\t\t\t\t\t\t\t\t\t\t<\/div>\r\n\t\t\t\t\t\t\t\t\t<\/div><!-- .dslc-image -->\r\n\t\t<\/div>\r\n\t\t\r\n\t\t\t\t<\/div><!-- .dslc-module -->\r\n\t\t\r\n\t\t<div id=\"dslc-module-186\" class=\"dslc-module-front dslc-module-DSLC_Separator dslc-in-viewport-check dslc-in-viewport-anim-none  dslc-col dslc-12-col  dslc-module-handle-like-regular \" data-module-id=\"186\" data-module=\"DSLC_Separator\" data-dslc-module-size=\"12\" data-dslc-anim=\"none\" data-dslc-anim-delay=\"0\" data-dslc-anim-duration=\"650\"  data-dslc-anim-easing=\"ease\" data-dslc-preset=\"none\" >\r\n\r\n\t\t\t\r\n\t\t\t\r\n\t\t\t\t\t<div class=\"dslc-separator-wrapper\">\r\n\t\t\t\t<div class=\"dslc-separator dslc-separator-style-solid\">\r\n\t\t\t\t\t\t\t\t\t<\/div>\r\n\t\t\t\t<div><\/div>\r\n\t\t\t<\/div><!-- .dslc-separator-wrapper -->\r\n\t\t\t\r\n\t\t\t\t<\/div><!-- .dslc-module -->\r\n\t\t\r\n\t\t<div id=\"dslc-module-183\" class=\"dslc-module-front dslc-module-DSLC_Text_Simple dslc-in-viewport-check dslc-in-viewport-anim-none  dslc-col dslc-12-col  dslc-module-handle-like-regular \" data-module-id=\"183\" data-module=\"DSLC_Text_Simple\" data-dslc-module-size=\"12\" data-dslc-anim=\"none\" data-dslc-anim-delay=\"\" data-dslc-anim-duration=\"650\"  data-dslc-anim-easing=\"ease\" data-dslc-preset=\"none\" >\r\n\r\n\t\t\t\r\n\t\t\t\r\n\t\t\r\n\t\t<div class=\"dslc-text-module-content\">\r\n\t\t\t<h2 style=\"text-align: center;\"><span style=\"text-decoration: underline;\">Lypha\u00ebl des Etangs de C\u00e9lac<\/span><\/h2><h4 style=\"text-align: center;\">Couleur golden, LOF et confirm\u00e9, 1er choix\u00a0 cotation 2<br>identifi\u00e9 g\u00e9n\u00e9tiquement, sain APR et NF<\/h4><p style=\"text-align: center;\"><strong><span style=\"text-decoration: underline;\">Ses r\u00e9sultats en expo :<\/span><\/strong><\/p><p style=\"text-align: center;\">Angers 2016 \u2013 classe jeune : Bon<\/p><p style=\"text-align: center;\">La Roche sur Yon 2016 \u2013 classe jeune : 1er excellent + meilleur jeune<\/p><p style=\"text-align: center;\">Ch\u00e2teaubriant 2016 \u2013 classe interm\u00e9diaire : 1er excellent + RCACS<\/p><p style=\"text-align: center;\">R\u00e9gionale d'Elevage Tr\u00e9dion 2016 - classe interm\u00e9diaire : 2\u00e8me excellent + obtention du TAN<\/p><p style=\"text-align: center;\">Ch\u00e2teaubriant 2017 - classe ouverte : 1er excellent + CACS + meilleur de race rouge<\/p><p style=\"text-align: center;\">Tr\u00e8s bon caract\u00e8re, tr\u00e8s c\u00e2lin, bonnes origines de chasse et de beaut\u00e9, tr\u00e8s bon pedigree, m\u00e8re championne trialer, p\u00e8re champion de beaut\u00e9.<\/p>\t\t<\/div>\r\n\r\n\t\t\r\n\t\t\t\t<\/div><!-- .dslc-module -->\r\n\t\t\r\n\t\t<div id=\"dslc-module-185\" class=\"dslc-module-front dslc-module-DSLC_Image dslc-in-viewport-check dslc-in-viewport-anim-none  dslc-col dslc-12-col  dslc-module-handle-like-regular \" data-module-id=\"185\" data-module=\"DSLC_Image\" data-dslc-module-size=\"12\" data-dslc-anim=\"none\" data-dslc-anim-delay=\"\" data-dslc-anim-duration=\"650\"  data-dslc-anim-easing=\"ease\" data-dslc-preset=\"none\" >\r\n\r\n\t\t\t\r\n\t\t\t\r\n\t\t\t\t<div class=\"dslc-image-container\">\r\n\t\t<div class=\"dslc-image\">\r\n\r\n\t\t\t\r\n\t\t\t\t\r\n\t\t\t\t\t\t\t\t\t<img src=\"https:\/\/www.lanuitdelune.fr\/wp-content\/uploads\/2017\/07\/19875578_10155027578613853_8529039612561141934_n.jpg\" alt=\"\" title=\"\" srcset=\"https:\/\/www.lanuitdelune.fr\/wp-content\/uploads\/2017\/07\/19875578_10155027578613853_8529039612561141934_n.jpg 528w, https:\/\/www.lanuitdelune.fr\/wp-content\/uploads\/2017\/07\/19875578_10155027578613853_8529039612561141934_n-165x300.jpg 165w, https:\/\/www.lanuitdelune.fr\/wp-content\/uploads\/2017\/07\/19875578_10155027578613853_8529039612561141934_n-83x150.jpg 83w\" sizes=\"(max-width: 528px) 100vw, 528px\" \/>\r\n\t\t\t\t\r\n\t\t\t\t\r\n\t\t\t\t\t<div class=\"dslc-image-caption\">\r\n\r\n\t\t\t\t\t\t\t\t\t\t\t\t\tLyp avec ses r\u00e9compenses de l'expo de Ch\u00e2teaubriant 2017<br>\t\t\t\t\t\t\t\t\t\t\t<\/div>\r\n\t\t\t\t\t\t\t\t\t<\/div><!-- .dslc-image -->\r\n\t\t<\/div>\r\n\t\t\r\n\t\t\t\t<\/div><!-- .dslc-module -->\r\n\t\t\r\n\t\t<div id=\"dslc-module-188\" class=\"dslc-module-front dslc-module-DSLC_Image dslc-in-viewport-check dslc-in-viewport-anim-none  dslc-col dslc-12-col  dslc-module-handle-like-regular \" data-module-id=\"188\" data-module=\"DSLC_Image\" data-dslc-module-size=\"12\" data-dslc-anim=\"none\" data-dslc-anim-delay=\"0\" data-dslc-anim-duration=\"650\"  data-dslc-anim-easing=\"ease\" data-dslc-preset=\"none\" >\r\n\r\n\t\t\t\r\n\t\t\t\r\n\t\t\t\t<div class=\"dslc-image-container\">\r\n\t\t<div class=\"dslc-image\">\r\n\r\n\t\t\t\r\n\t\t\t\t\r\n\t\t\t\t\t\t\t\t\t<a class=\"\" href=\"http:\/\/delanuitdelune.chiens-de-france.com\/cocker-spaniel-anglais,de-la-nuit-d-elune,chiens-fiche,lyphael-des-etangs-de-c%EF%BF%BDlac,49431,942853.html\" target=\"_self\"  >\r\n\t\t\t\t\t\t\t\t\t<img src=\"https:\/\/www.lanuitdelune.fr\/wp-content\/uploads\/2016\/07\/la-nuit-delune-sur-chiens-de-france.jpg\" alt=\"\" title=\"\" srcset=\"https:\/\/www.lanuitdelune.fr\/wp-content\/uploads\/2016\/07\/la-nuit-delune-sur-chiens-de-france.jpg 556w, https:\/\/www.lanuitdelune.fr\/wp-content\/uploads\/2016\/07\/la-nuit-delune-sur-chiens-de-france-300x131.jpg 300w, https:\/\/www.lanuitdelune.fr\/wp-content\/uploads\/2016\/07\/la-nuit-delune-sur-chiens-de-france-250x109.jpg 250w, https:\/\/www.lanuitdelune.fr\/wp-content\/uploads\/2016\/07\/la-nuit-delune-sur-chiens-de-france-150x65.jpg 150w\" sizes=\"(max-width: 556px) 100vw, 556px\" \/>\r\n\t\t\t\t\t\t\t\t\t<\/a>\r\n\t\t\t\t\r\n\t\t\t\t\r\n\t\t\t\t\t<div class=\"dslc-image-caption\">\r\n\r\n\t\t\t\t\t\t\t\t\t\t\t\t\tVoir le pedigree de Lypha\u00ebl sur Chiens de France<br>\t\t\t\t\t\t\t\t\t\t\t<\/div>\r\n\t\t\t\t\t\t\t\t\t<\/div><!-- .dslc-image -->\r\n\t\t<\/div>\r\n\t\t\r\n\t\t\t\t<\/div><!-- .dslc-module -->\r\n\t\t<\/div><\/div><\/div><\/div><input type=\"hidden\" id=\"dslca-post-data-thumb\" value=\"https:\/\/www.lanuitdelune.fr\/wp-content\/uploads\/2016\/03\/20160327_223517-Copie-e1474547530444.jpg\" \/><\/div>","protected":false},"excerpt":{"rendered":"<p>Nous vous proposons 2 chiens cockers anglais LOF et confirm\u00e9s avec de bons r\u00e9sultats en expo et de tr\u00e8s bons pedigrees pour saillir vos chiennes.Ils ont tous les 2 un super caract\u00e8re, tr\u00e8s fid\u00e8les, joueurs et bien dans leurs papattes.Les saillies se font uniquement sur des chiennes LOF.Vous pouvez venir\u2026<\/p>\n<p class=\"continue-reading-button\"> <a class=\"continue-reading-link\" href=\"https:\/\/www.lanuitdelune.fr\/index.php\/nos-males\/saillie\/\">Continue reading<i class=\"crycon-right-dir\"><\/i><\/a><\/p>\n","protected":false},"author":2,"featured_media":718,"parent":62,"menu_order":0,"comment_status":"closed","ping_status":"closed","template":"","meta":{"footnotes":""},"class_list":["post-839","page","type-page","status-publish","has-post-thumbnail","hentry"],"_links":{"self":[{"href":"https:\/\/www.lanuitdelune.fr\/index.php\/wp-json\/wp\/v2\/pages\/839","targetHints":{"allow":["GET"]}}],"collection":[{"href":"https:\/\/www.lanuitdelune.fr\/index.php\/wp-json\/wp\/v2\/pages"}],"about":[{"href":"https:\/\/www.lanuitdelune.fr\/index.php\/wp-json\/wp\/v2\/types\/page"}],"author":[{"embeddable":true,"href":"https:\/\/www.lanuitdelune.fr\/index.php\/wp-json\/wp\/v2\/users\/2"}],"replies":[{"embeddable":true,"href":"https:\/\/www.lanuitdelune.fr\/index.php\/wp-json\/wp\/v2\/comments?post=839"}],"version-history":[{"count":20,"href":"https:\/\/www.lanuitdelune.fr\/index.php\/wp-json\/wp\/v2\/pages\/839\/revisions"}],"predecessor-version":[{"id":1264,"href":"https:\/\/www.lanuitdelune.fr\/index.php\/wp-json\/wp\/v2\/pages\/839\/revisions\/1264"}],"up":[{"embeddable":true,"href":"https:\/\/www.lanuitdelune.fr\/index.php\/wp-json\/wp\/v2\/pages\/62"}],"wp:featuredmedia":[{"embeddable":true,"href":"https:\/\/www.lanuitdelune.fr\/index.php\/wp-json\/wp\/v2\/media\/718"}],"wp:attachment":[{"href":"https:\/\/www.lanuitdelune.fr\/index.php\/wp-json\/wp\/v2\/media?parent=839"}],"curies":[{"name":"wp","href":"https:\/\/api.w.org\/{rel}","templated":true}]}}