{"id":665,"date":"2016-03-28T12:57:18","date_gmt":"2016-03-28T11:57:18","guid":{"rendered":"http:\/\/www.lanuitdelune.fr\/?page_id=665"},"modified":"2016-06-26T19:25:52","modified_gmt":"2016-06-26T18:25:52","slug":"resultats-en-expo-2016","status":"publish","type":"page","link":"https:\/\/www.lanuitdelune.fr\/index.php\/lelevage\/expositions\/resultats-en-expo-2016\/","title":{"rendered":"R\u00e9sultats en expo 2016"},"content":{"rendered":"<div id=\"dslc-theme-content\"><div id=\"dslc-theme-content-inner\"><h2 class=\"titre\" style=\"text-align: center;\"><span style=\"text-decoration: underline;\"><strong>Jaguar du Songe d\u2019Opaline \u2013 classe interm\u00e9diaire 2016<\/strong><\/span><\/h2>\n<p class=\"titre\" style=\"text-align: center;\"><strong>26.06.2016 \u2013 Exposition canine nationale Chateaubriant 2016 \u2013 Juge : M. CITERNE Jean-Paul<\/strong><\/p>\n<p class=\"titre\" style=\"text-align: center;\"><span style=\"text-decoration: underline;\">1er excellent<br \/>\n<\/span><\/p>\n<div id=\"attachment_1252\" style=\"width: 175px\" class=\"wp-caption aligncenter\"><img loading=\"lazy\" decoding=\"async\" aria-describedby=\"caption-attachment-1252\" class=\"size-medium wp-image-1252\" src=\"http:\/\/www.lanuitdelune.fr\/wp-content\/uploads\/2016\/06\/13466352_10153900664903853_5454265197952604975_n-165x300.jpg\" alt=\"Jaguar apr\u00e8s l'expo de Chateaubriant\" width=\"165\" height=\"300\" \/><p id=\"caption-attachment-1252\" class=\"wp-caption-text\">Jaguar apr\u00e8s l'expo de Chateaubriant<\/p><\/div>\n<p style=\"text-align: center;\">Chocolat \u2013 Bonne construction \u2013 T\u00eate dans de bonne proportions \u2013 Bonne figure \u2013 Bonne encolure \u2013 Tourne proprement les ant\u00e9rieurs en statique \u2013 Bonne angulation \u2013 Bonne attache de fouet \u2013 Poitrine doit prendre du volume \u2013 Poil un peu sec \u2013 Bonne densit\u00e9 de poil \u2013 Marche un peu d\u00e9sordonn\u00e9e<\/p>\n<p style=\"text-align: center;\">\n<h2 class=\"titre\" style=\"text-align: center;\"><span style=\"text-decoration: underline;\"><strong>Lypha\u00ebl des Etangs de C\u00e9lac \u2013 classe interm\u00e9diaire 2016<\/strong><\/span><\/h2>\n<p class=\"titre\" style=\"text-align: center;\"><strong>26.06.2016 \u2013 Exposition canine nationale Chateaubriant 2016 \u2013 Juge : M. CITERNE Jean-Paul<br \/>\n<\/strong><\/p>\n<p class=\"titre\" style=\"text-align: center;\"><span style=\"text-decoration: underline;\">1er excellent + RCACS<br \/>\n<\/span><\/p>\n<div id=\"attachment_1253\" style=\"width: 175px\" class=\"wp-caption aligncenter\"><img loading=\"lazy\" decoding=\"async\" aria-describedby=\"caption-attachment-1253\" class=\"size-medium wp-image-1253\" src=\"http:\/\/www.lanuitdelune.fr\/wp-content\/uploads\/2016\/06\/13533135_10153900664843853_5901522534608576227_n-165x300.jpg\" alt=\"Lyp apr\u00e8s l'expo de Chateaubriant\" width=\"165\" height=\"300\" srcset=\"https:\/\/www.lanuitdelune.fr\/wp-content\/uploads\/2016\/06\/13533135_10153900664843853_5901522534608576227_n-165x300.jpg 165w, https:\/\/www.lanuitdelune.fr\/wp-content\/uploads\/2016\/06\/13533135_10153900664843853_5901522534608576227_n-83x150.jpg 83w, https:\/\/www.lanuitdelune.fr\/wp-content\/uploads\/2016\/06\/13533135_10153900664843853_5901522534608576227_n.jpg 264w\" sizes=\"auto, (max-width: 165px) 100vw, 165px\" \/><p id=\"caption-attachment-1253\" class=\"wp-caption-text\">Lyp apr\u00e8s l'expo de Chateaubriant<\/p><\/div>\n<p style=\"text-align: center;\">Construction un peu enlev\u00e9e \u2013 T\u00eate un peu \u00e9troite \u2013 Bonne encolure \u2013 Bonne angulations \u2013 Bon arri\u00e8re de fouet \u2013 Corps court \u2013 Bonne quantit\u00e9 de fourrure \u2013 Difficile de juger \u00e0 la marche<\/p>\n<blockquote><p>Il a fait tr\u00e8s beau ! Ouff !! Apr\u00e8s l'expo de La Roche sur Yon tr\u00e8s pluvieuse, nous \u00e9tions tr\u00e8s contents ! Le parasol a \u00e9t\u00e9 un tr\u00e8s bon achat.<\/p><\/blockquote>\n<blockquote><p>Juge sympathique,\u00a0Jaguar aurait pu avoir le RCACS mais n'a pas eu car le juge n'aime pas les cockers chocolats \"\u00e0 cause de leurs poils secs\" comme il a dit, le premier mot du slip veux tout dire ! \"chocolat\"....<\/p><\/blockquote>\n<blockquote><p>Enfin c'est comme \u00e7a ! Il a quand m\u00eame eu de tr\u00e8s bons commentaires malgr\u00e9 le fait qu'il n'a fait que sauter lors du tour ! 1er excellent quand m\u00eame, nous sommes tr\u00e8s content de lui.<\/p><\/blockquote>\n<blockquote><p>Pour Lyp, pareil, tr\u00e8s bons commentaires, il n'a fait que sauter aussi lors du premier tour ! Mais a quand m\u00eame eu un 1excellent + RCACS !<\/p><\/blockquote>\n<blockquote><p>Bravo les toutous !!!<\/p><\/blockquote>\n<hr \/>\n<h2 class=\"titre\" style=\"text-align: center;\"><span style=\"text-decoration: underline;\"><strong>Jaguar du Songe d\u2019Opaline \u2013 classe interm\u00e9diaire 2016<\/strong><\/span><\/h2>\n<p class=\"titre\" style=\"text-align: center;\"><strong>29.05.2016 \u2013 Exposition canine nationale La Roche sur Yon 2016 \u2013 Juge : M. MONSCAVOIR Jacques<\/strong><\/p>\n<p class=\"titre\" style=\"text-align: center;\"><span style=\"text-decoration: underline;\">1er excellent + CACS<br \/>\n<\/span><\/p>\n<div id=\"attachment_1062\" style=\"width: 175px\" class=\"wp-caption aligncenter\"><img loading=\"lazy\" decoding=\"async\" aria-describedby=\"caption-attachment-1062\" class=\"size-medium wp-image-1062 aligncenter\" src=\"http:\/\/www.lanuitdelune.fr\/wp-content\/uploads\/2016\/05\/13315407_10153833948958853_3229804111781461940_n-165x300.jpg\" alt=\"Jaguar apr\u00e8s l'expo La Roche sur Yon\" width=\"165\" height=\"300\" srcset=\"https:\/\/www.lanuitdelune.fr\/wp-content\/uploads\/2016\/05\/13315407_10153833948958853_3229804111781461940_n-165x300.jpg 165w, https:\/\/www.lanuitdelune.fr\/wp-content\/uploads\/2016\/05\/13315407_10153833948958853_3229804111781461940_n-83x150.jpg 83w, https:\/\/www.lanuitdelune.fr\/wp-content\/uploads\/2016\/05\/13315407_10153833948958853_3229804111781461940_n.jpg 264w\" sizes=\"auto, (max-width: 165px) 100vw, 165px\" \/><p id=\"caption-attachment-1062\" class=\"wp-caption-text\">Jaguar apr\u00e8s l'expo La Roche sur Yon<\/p><\/div>\n<p style=\"text-align: center;\">DCC - T\u00eate dans d'excellentes proportions - Excellent encolure - Excellente couleur d\u2019\u0153il- Le dos pourrait \u00eatre un peu tendu - Excellentes angulations arri\u00e8res - Excellentes \u00e9paules<\/p>\n<h2 class=\"titre\" style=\"text-align: center;\"><span style=\"text-decoration: underline;\"><strong>Lypha\u00ebl des Etangs de C\u00e9lac \u2013 classe jeune 2016<\/strong><\/span><\/h2>\n<p class=\"titre\" style=\"text-align: center;\"><strong>29.05.2016 \u2013 Exposition canine nationale La Roche sur Yon 2016 \u2013 Juge : M. MONSCAVOIR Jacques<br \/>\n<\/strong><\/p>\n<p class=\"titre\" style=\"text-align: center;\"><span style=\"text-decoration: underline;\">1er excellent + meilleur jeune<br \/>\n<\/span><\/p>\n<div id=\"attachment_1061\" style=\"width: 175px\" class=\"wp-caption aligncenter\"><img loading=\"lazy\" decoding=\"async\" aria-describedby=\"caption-attachment-1061\" class=\"size-medium wp-image-1061 aligncenter\" src=\"http:\/\/www.lanuitdelune.fr\/wp-content\/uploads\/2016\/05\/13307310_10153833948878853_8161176821565408368_n-165x300.jpg\" alt=\"Lyp apr\u00e8s l'expo La Roche sur Yon\" width=\"165\" height=\"300\" srcset=\"https:\/\/www.lanuitdelune.fr\/wp-content\/uploads\/2016\/05\/13307310_10153833948878853_8161176821565408368_n-165x300.jpg 165w, https:\/\/www.lanuitdelune.fr\/wp-content\/uploads\/2016\/05\/13307310_10153833948878853_8161176821565408368_n-83x150.jpg 83w, https:\/\/www.lanuitdelune.fr\/wp-content\/uploads\/2016\/05\/13307310_10153833948878853_8161176821565408368_n.jpg 264w\" sizes=\"auto, (max-width: 165px) 100vw, 165px\" \/><p id=\"caption-attachment-1061\" class=\"wp-caption-text\">Lyp apr\u00e8s l'expo La Roche sur Yon<\/p><\/div>\n<p style=\"text-align: center;\">T\u00eate manquant un peu de stop - Belle couleur d\u2019\u0153il - Bonne longueur d'oreilles - Doit s'\u00e9clater - Excellent dessus - Excellentes angulations arri\u00e8res - Excellentes \u00e9paules - DCC - Marche bien<\/p>\n<p>Juge tr\u00e8s sympa !<\/p>\n<blockquote>\n<p class=\"txt\">Les juges ont tous des opinions tr\u00e8s diff\u00e9rentes, contrairement au juge d'Angers, celui-ci a ador\u00e9 la bonne grosse t\u00eate de Jaguar.<\/p>\n<p class=\"txt\">Il n'a fait que pleuvoir, les chiens \u00e9taient tremp\u00e9s jusqu'aux os ! Ils avaient \u00e9t\u00e9 tous les deux toilett\u00e9s, mais pour rien :\/ Le juge a \u00e9t\u00e9 tr\u00e8s sympa, il nous a laiss\u00e9 squatter la tente de jugement, sous la condition que les chiens n'aboient pas. Ils ont \u00e9t\u00e9 tr\u00e8s sages !!!<\/p>\n<p class=\"txt\">Tout \u00e9tait tremp\u00e9, nous, les chiens, les affaires et surtout les serviettes pour les essuyer que nous avions pr\u00e9vues en cas de pluie..... Les couvertures imperm\u00e9ables n'ont servies \u00e0 rien tant la pluie \u00e9tait violente.<\/p>\n<p class=\"txt\">Malgr\u00e9 le fait qu'ils soient tremp\u00e9s, ils ont quand m\u00eame eu de tr\u00e8s bons r\u00e9sultats ! Nous n'en attendions pas tant !!!<\/p>\n<p class=\"txt\">Trop fiers de nos toutous !<\/p>\n<p class=\"txt\">Conclusion : Il va falloir qu'on investisse dans de bons K-way, des couvertures imperm\u00e9ables, des prot\u00e8ges cages imperm\u00e9ables.... et\u00a0 une grande tente pour les cas de pluie....<\/p>\n<\/blockquote>\n<hr \/>\n<h2 class=\"titre\" style=\"text-align: center;\"><span style=\"text-decoration: underline;\"><strong>Jaguar du Songe d\u2019Opaline \u2013 classe interm\u00e9diaire 2016<\/strong><\/span><\/h2>\n<p class=\"titre\" style=\"text-align: center;\"><strong>27.03.2016 \u2013 Exposition canine internationale Angers 2016 \u2013 Juge : M. MEDARD MANGIN Jacques<\/strong><\/p>\n<p class=\"titre\" style=\"text-align: center;\"><span style=\"text-decoration: underline;\">1er excellent<\/span><\/p>\n<div id=\"attachment_697\" style=\"width: 179px\" class=\"wp-caption aligncenter\"><img loading=\"lazy\" decoding=\"async\" aria-describedby=\"caption-attachment-697\" class=\"size-medium wp-image-697 aligncenter\" src=\"http:\/\/www.lanuitdelune.fr\/wp-content\/uploads\/2016\/03\/20160328_145104-169x300.jpg\" alt=\"Jaguar et sa 1\u00e8re coupe !\" width=\"169\" height=\"300\" \/><p id=\"caption-attachment-697\" class=\"wp-caption-text\">Jaguar et sa 1\u00e8re coupe !<\/p><\/div>\n<div class=\"info\">\n<p class=\"txt\" style=\"text-align: center;\">Grand chien - Limite sup\u00e9rieur de la taille - Excellentes articulations - T\u00eate un peu lourde - Beaucoup d'ossature - Excellentes \u00e9paules - Excellente poitrine - Angulations arri\u00e8res bien marqu\u00e9es - Insertion anglaise bien marqu\u00e9e - Soies suffisantes - Super caract\u00e8re - Doit apprendre \u00e0 marcher<\/p>\n<h1 class=\"txt\"><\/h1>\n<\/div>\n<h2 style=\"text-align: center;\"><span style=\"color: #000000;\"><strong><span style=\"text-decoration: underline;\">Lypha\u00ebl des Etangs de C\u00e9lac \u2013 classe jeune 2016<\/span><\/strong><\/span><\/h2>\n<p class=\"titre\" style=\"text-align: center;\"><strong>27.03.2016 \u2013 Exposition canine internationale Angers 2016 \u2013 Juge : M. MEDARD MANGIN Jacques<\/strong><\/p>\n<p class=\"titre\" style=\"text-align: center;\"><span style=\"text-decoration: underline;\">Bon<\/span><\/p>\n<div id=\"attachment_695\" style=\"width: 179px\" class=\"wp-caption aligncenter\"><img loading=\"lazy\" decoding=\"async\" aria-describedby=\"caption-attachment-695\" class=\"size-medium wp-image-695\" src=\"http:\/\/www.lanuitdelune.fr\/wp-content\/uploads\/2016\/03\/20160328_145154-169x300.jpg\" alt=\"Lyp apr\u00e8s l'expo d'Angers 2016\" width=\"169\" height=\"300\" \/><p id=\"caption-attachment-695\" class=\"wp-caption-text\">Lyp apr\u00e8s l'expo d'Angers 2016<\/p><\/div>\n<p class=\"titre\" style=\"text-align: center;\">Lignes de cr\u00e2ne divergentes - Excellentes dents - \u0152il un peu ouvert et rond - Tr\u00e8s bonnes \u00e9paules - Excellente ossature - Poitrine lamin\u00e9e - Angulation post\u00e9rieures cocker - Soies suffisantes - Chien gai avec un super caract\u00e8re<\/p>\n<p class=\"titre\"><strong>Il est maintenant confirm\u00e9 ! Reste \u00e0 envoyer le courrier \u00e0 la SCC, il sera, apr\u00e8s r\u00e9ception de son pedigree, disponible pour saillie.<\/strong><\/p>\n<p>Juge tr\u00e8s strict !<\/p>\n<blockquote>\n<p class=\"txt\">Les juges ont tous des opinions tr\u00e8s diff\u00e9rentes, celui-ci n'aimait pas la \"grosse carrure\" de Jaguar, c'est \"un tank\" pour lui ! Tandis que le pr\u00e9c\u00e9dent l'a ador\u00e9. Mais il a quand m\u00eame eu un excellent, il a remarqu\u00e9 son super caract\u00e8re.<\/p>\n<p class=\"txt\">Pour Lyp, sa t\u00eate ne lui a pas plus, pourtant la m\u00eame que son p\u00e8re champion de beaut\u00e9. Il a remarqu\u00e9 son enthousiasme \u00e0 \u00eatre avec nous et son tr\u00e8s bon caract\u00e8re.<\/p>\n<p class=\"txt\">Pour nous, le plus important est le caract\u00e8re de nos chiens, nous ne cherchons pas \u00e0 faire des chiens d'expos, mais avant tout \u00e0 faire de bons et beaux chiens de compagnie. Il a tout de suite remarqu\u00e9 qu'ils \u00e9taient tr\u00e8s sympas ! Du coup, nous sommes tr\u00e8s content de nos toutous ! Ils ont d'ailleurs \u00e9t\u00e9 tr\u00e8s sage toute la journ\u00e9e, ni de pipis, ni de cacas \u00e0 l'int\u00e9rieur \ud83d\ude42<\/p>\n<p class=\"txt\">Conclusion : nous avons encore beaucoup \u00e0 apprendre au niveau des expositions canines !<\/p>\n<\/blockquote>\n<div id=\"attachment_706\" style=\"width: 179px\" class=\"wp-caption alignleft\"><img loading=\"lazy\" decoding=\"async\" aria-describedby=\"caption-attachment-706\" class=\"size-medium wp-image-706\" src=\"http:\/\/www.lanuitdelune.fr\/wp-content\/uploads\/2016\/03\/20160327_130827-169x300.jpg\" alt=\"Lyp et Jaguar \u00e0 l'expo d'Angers 2016\" width=\"169\" height=\"300\" \/><p id=\"caption-attachment-706\" class=\"wp-caption-text\">Lyp et Jaguar \u00e0 l'expo d'Angers 2016<\/p><\/div>\n<div id=\"attachment_708\" style=\"width: 179px\" class=\"wp-caption alignleft\"><img loading=\"lazy\" decoding=\"async\" aria-describedby=\"caption-attachment-708\" class=\"size-medium wp-image-708\" src=\"http:\/\/www.lanuitdelune.fr\/wp-content\/uploads\/2016\/03\/20160327_130733-169x300.jpg\" alt=\"Lyp et Jaguar \u00e0 l'expo d'Angers 2016\" width=\"169\" height=\"300\" \/><p id=\"caption-attachment-708\" class=\"wp-caption-text\">Lyp et Jaguar \u00e0 l'expo d'Angers 2016<\/p><\/div>\n<div id=\"attachment_718\" style=\"width: 179px\" class=\"wp-caption alignleft\"><img loading=\"lazy\" decoding=\"async\" aria-describedby=\"caption-attachment-718\" class=\"size-medium wp-image-718\" src=\"http:\/\/www.lanuitdelune.fr\/wp-content\/uploads\/2016\/03\/20160327_223517-Copie-169x300.jpg\" alt=\"Grosse fatigue apr\u00e8s l'expo d'Angers 2016\" width=\"169\" height=\"300\" \/><p id=\"caption-attachment-718\" class=\"wp-caption-text\">Grosse fatigue apr\u00e8s l'expo d'Angers 2016<\/p><\/div>\n<p>&nbsp;<\/p>\n<p>&nbsp;<\/p>\n<p>&nbsp;<\/p>\n<hr \/>\n<\/div><\/div>","protected":false},"excerpt":{"rendered":"<p>Jaguar du Songe d\u2019Opaline \u2013 classe interm\u00e9diaire 2016 26.06.2016 \u2013 Exposition canine nationale Chateaubriant 2016 \u2013 Juge : M. CITERNE Jean-Paul 1er excellent Chocolat \u2013 Bonne construction \u2013 T\u00eate dans de bonne proportions \u2013 Bonne figure \u2013 Bonne encolure \u2013 Tourne proprement les ant\u00e9rieurs en statique \u2013 Bonne angulation \u2013\u2026<\/p>\n<p class=\"continue-reading-button\"> <a class=\"continue-reading-link\" href=\"https:\/\/www.lanuitdelune.fr\/index.php\/lelevage\/expositions\/resultats-en-expo-2016\/\">Continue reading<i class=\"crycon-right-dir\"><\/i><\/a><\/p>\n","protected":false},"author":2,"featured_media":1062,"parent":129,"menu_order":0,"comment_status":"closed","ping_status":"closed","template":"","meta":{"footnotes":""},"class_list":["post-665","page","type-page","status-publish","has-post-thumbnail","hentry"],"_links":{"self":[{"href":"https:\/\/www.lanuitdelune.fr\/index.php\/wp-json\/wp\/v2\/pages\/665","targetHints":{"allow":["GET"]}}],"collection":[{"href":"https:\/\/www.lanuitdelune.fr\/index.php\/wp-json\/wp\/v2\/pages"}],"about":[{"href":"https:\/\/www.lanuitdelune.fr\/index.php\/wp-json\/wp\/v2\/types\/page"}],"author":[{"embeddable":true,"href":"https:\/\/www.lanuitdelune.fr\/index.php\/wp-json\/wp\/v2\/users\/2"}],"replies":[{"embeddable":true,"href":"https:\/\/www.lanuitdelune.fr\/index.php\/wp-json\/wp\/v2\/comments?post=665"}],"version-history":[{"count":20,"href":"https:\/\/www.lanuitdelune.fr\/index.php\/wp-json\/wp\/v2\/pages\/665\/revisions"}],"predecessor-version":[{"id":1257,"href":"https:\/\/www.lanuitdelune.fr\/index.php\/wp-json\/wp\/v2\/pages\/665\/revisions\/1257"}],"up":[{"embeddable":true,"href":"https:\/\/www.lanuitdelune.fr\/index.php\/wp-json\/wp\/v2\/pages\/129"}],"wp:featuredmedia":[{"embeddable":true,"href":"https:\/\/www.lanuitdelune.fr\/index.php\/wp-json\/wp\/v2\/media\/1062"}],"wp:attachment":[{"href":"https:\/\/www.lanuitdelune.fr\/index.php\/wp-json\/wp\/v2\/media?parent=665"}],"curies":[{"name":"wp","href":"https:\/\/api.w.org\/{rel}","templated":true}]}}