{"id":65,"date":"2016-02-05T20:14:33","date_gmt":"2016-02-05T19:14:33","guid":{"rendered":"http:\/\/www.lanuitdelune.fr\/?page_id=65"},"modified":"2016-03-12T23:20:52","modified_gmt":"2016-03-12T22:20:52","slug":"lelevage","status":"publish","type":"page","link":"https:\/\/www.lanuitdelune.fr\/index.php\/lelevage\/","title":{"rendered":"L'\u00e9levage"},"content":{"rendered":"<div id=\"dslc-content\" class=\"dslc-content dslc-clearfix\"><div id=\"dslc-main\">\r\n\t\t\t<div  class=\"dslc-modules-section \" style=\"\" data-section-id=\"a86fbf1c867\">\r\n\t\t\t\t\r\n\t\t\t\t\r\n\t\t\t\t<div class=\"dslc-modules-section-wrapper dslc-clearfix\"><style type=\"text\/css\" id=\"dslca-modules-area-\"><\/style><div  class=\"dslc-modules-area dslc-col dslc-12-col dslc-last-col dslc-valign- \" data-size=\"12\" data-valign=\"\" data-modules-area-id=\"\" >\r\n\t\t<div id=\"dslc-module-d4a52fa2a2d\" class=\"dslc-module-front dslc-module-DSLC_Image dslc-in-viewport-check dslc-in-viewport-anim-none  dslc-col dslc-12-col dslc-last-col  dslc-module-handle-like-regular \" data-module-id=\"d4a52fa2a2d\" data-module=\"DSLC_Image\" data-dslc-module-size=\"12\" data-dslc-anim=\"none\" data-dslc-anim-delay=\"0\" data-dslc-anim-duration=\"650\"  data-dslc-anim-easing=\"ease\" data-dslc-preset=\"none\" >\r\n\r\n\t\t\t\r\n\t\t\t\r\n\t\t\t\t<div class=\"dslc-image-container\">\r\n\t\t<div class=\"dslc-image\">\r\n\r\n\t\t\t\r\n\t\t\t\t\r\n\t\t\t\t\t\t\t\t\t<img src=\"https:\/\/www.lanuitdelune.fr\/wp-content\/uploads\/2017\/01\/16105492_1527656530596814_511057115084023018_n.jpg\" alt=\"\" title=\"\" srcset=\"https:\/\/www.lanuitdelune.fr\/wp-content\/uploads\/2017\/01\/16105492_1527656530596814_511057115084023018_n.jpg 960w, https:\/\/www.lanuitdelune.fr\/wp-content\/uploads\/2017\/01\/16105492_1527656530596814_511057115084023018_n-300x169.jpg 300w, https:\/\/www.lanuitdelune.fr\/wp-content\/uploads\/2017\/01\/16105492_1527656530596814_511057115084023018_n-768x432.jpg 768w, https:\/\/www.lanuitdelune.fr\/wp-content\/uploads\/2017\/01\/16105492_1527656530596814_511057115084023018_n-250x141.jpg 250w, https:\/\/www.lanuitdelune.fr\/wp-content\/uploads\/2017\/01\/16105492_1527656530596814_511057115084023018_n-150x84.jpg 150w\" sizes=\"(max-width: 960px) 100vw, 960px\" \/>\r\n\t\t\t\t\r\n\t\t\t\t\t\t\t\t\t<\/div><!-- .dslc-image -->\r\n\t\t<\/div>\r\n\t\t\r\n\t\t\t\t<\/div><!-- .dslc-module -->\r\n\t\t\r\n\t\t<div id=\"dslc-module-116\" class=\"dslc-module-front dslc-module-DSLC_Text_Simple dslc-in-viewport-check dslc-in-viewport-anim-none  dslc-col dslc-9-col  dslc-module-handle-like-regular \" data-module-id=\"116\" data-module=\"DSLC_Text_Simple\" data-dslc-module-size=\"9\" data-dslc-anim=\"none\" data-dslc-anim-delay=\"\" data-dslc-anim-duration=\"650\"  data-dslc-anim-easing=\"ease\" data-dslc-preset=\"none\" >\r\n\r\n\t\t\t\r\n\t\t\t\r\n\t\t\r\n\t\t<div class=\"dslc-text-module-content\">\r\n\t\t\t<p>Notre \u00e9levage est devenu professionnel le 1<sup>er<\/sup> janvier 2016\u00a0!<\/p><p>Apr\u00e8s une port\u00e9e avec notre chienne, Ga\u00efa, en tant que particulier, nous avons eu l\u2019envie de passer professionnel, c\u2019est devenu une passion, voir les petits grandir, seulement, en appartement ce n\u2019est pas possible, nous avons donc cherch\u00e9 une maison avec un grand terrain. Apr\u00e8s 2 ans, nous l\u2019avons trouv\u00e9e \u00e0 Lavau sur Loire. C\u2019est pour cela que nous nous sommes agrandis en prenant notre m\u00e2le, Jaguar.<\/p><p>Ensuite, est venue Jade, puis Lypha\u00ebl.<\/p><p>Nous avons eu ensuite Liara, et maintenant, nous avons la petit Ma\u00efev, fille de Jaguar et Ga\u00efa, qui remplacera sa maman quand elle sera en retraite :)<\/p><p>Notre \u00e9levage est familial, nos chiens vivent avec nous, les chiots \u00e9voluent dans la maison et grandissent en s\u2019habituant petit \u00e0 petit aux bruits de tous les jours, aux chats, ils sont sociabilis\u00e9s et tr\u00e8s \u00e0 l\u2019aise avec les humains.<\/p><p>Nous n\u2019avons pas la pr\u00e9tention de faire des chiots de qualit\u00e9 expo, mais de bons et beaux chiens tr\u00e8s sociables et en bonne sant\u00e9. Nos chiens sont des unicolores, goldens et chocolats.<\/p><p>Ils sont nourris avec des croquettes ProPlan Medium Adulte.<\/p><p>Je poss\u00e8de l\u2019attestation de connaissance relative aux activit\u00e9s li\u00e9es aux animaux de compagnie d\u2019esp\u00e8ces domestiques, ce document remplace le certificat de capacit\u00e9 qui n\u2019existe plus depuis le 1<sup>er<\/sup> janvier 2016.<\/p><p><strong>Nos chiens sont sains pour les maladies h\u00e9r\u00e9ditaires chez le cocker, la N\u00e9phropathie Familiale et l\u2019Atrophie Progressive de la R\u00e9tine, nos chiots seront sains pour ces maladies.<\/strong><br><br><strong>Ils sont tous inscrits au LOF, nous ne faisons pas de non LOF.<\/strong><\/p><p>Nous assurons un suivi \u00e0 vie du chiot, si vous avez une question, n\u2019h\u00e9sitez pas \u00e0 nous la poser\u00a0!<\/p><p>Nous sommes heureux d\u2019avoir des nouvelles et des photos de nos petits\u00a0dans leur famille! N\u2019h\u00e9sitez pas \u00e0 nous en envoyer\u00a0!<\/p><p>Nous sommes \u00e0 Lavau sur Loire, \u00e0 35 minutes de Nantes, 20 minutes de St Nazaire.<\/p><h4><strong><span style=\"color: #ff0000;\">Nous recevons uniquement sur rendez-vous.<\/span><\/strong><\/h4>\t\t<\/div>\r\n\r\n\t\t\r\n\t\t\t\t<\/div><!-- .dslc-module -->\r\n\t\t\r\n\t\t<div id=\"dslc-module-124\" class=\"dslc-module-front dslc-module-DSLC_Image dslc-in-viewport-check dslc-in-viewport-anim-none  dslc-col dslc-3-col dslc-last-col  dslc-module-handle-like-regular \" data-module-id=\"124\" data-module=\"DSLC_Image\" data-dslc-module-size=\"3\" data-dslc-anim=\"none\" data-dslc-anim-delay=\"0\" data-dslc-anim-duration=\"650\"  data-dslc-anim-easing=\"ease\" data-dslc-preset=\"none\" >\r\n\r\n\t\t\t\r\n\t\t\t\r\n\t\t\t\t<div class=\"dslc-image-container\">\r\n\t\t<div class=\"dslc-image\">\r\n\r\n\t\t\t\r\n\t\t\t\t\r\n\t\t\t\t\t\t\t\t\t<a class=\"\" href=\"http:\/\/delanuitdelune.chiens-de-france.com\/cocker-spaniel-anglais.html\" target=\"_self\"  >\r\n\t\t\t\t\t\t\t\t\t<img src=\"https:\/\/www.lanuitdelune.fr\/wp-content\/uploads\/2016\/07\/la-nuit-delune-sur-chiens-de-france.jpg\" alt=\"\" title=\"\" srcset=\"https:\/\/www.lanuitdelune.fr\/wp-content\/uploads\/2016\/07\/la-nuit-delune-sur-chiens-de-france.jpg 556w, https:\/\/www.lanuitdelune.fr\/wp-content\/uploads\/2016\/07\/la-nuit-delune-sur-chiens-de-france-300x131.jpg 300w, https:\/\/www.lanuitdelune.fr\/wp-content\/uploads\/2016\/07\/la-nuit-delune-sur-chiens-de-france-250x109.jpg 250w, https:\/\/www.lanuitdelune.fr\/wp-content\/uploads\/2016\/07\/la-nuit-delune-sur-chiens-de-france-150x65.jpg 150w\" sizes=\"(max-width: 556px) 100vw, 556px\" \/>\r\n\t\t\t\t\t\t\t\t\t<\/a>\r\n\t\t\t\t\r\n\t\t\t\t\r\n\t\t\t\t\t<div class=\"dslc-image-caption\">\r\n\r\n\t\t\t\t\t\t\t\t\t\t\t\t\tNotre \u00e9levage sur Chiens de France<br>\t\t\t\t\t\t\t\t\t\t\t<\/div>\r\n\t\t\t\t\t\t\t\t\t<\/div><!-- .dslc-image -->\r\n\t\t<\/div>\r\n\t\t\r\n\t\t\t\t<\/div><!-- .dslc-module -->\r\n\t\t\r\n\t\t<div id=\"dslc-module-118\" class=\"dslc-module-front dslc-module-DSLC_Image dslc-in-viewport-check dslc-in-viewport-anim-none  dslc-col dslc-3-col  dslc-module-handle-like-regular \" data-module-id=\"118\" data-module=\"DSLC_Image\" data-dslc-module-size=\"3\" data-dslc-anim=\"none\" data-dslc-anim-delay=\"0\" data-dslc-anim-duration=\"650\"  data-dslc-anim-easing=\"ease\" data-dslc-preset=\"none\" >\r\n\r\n\t\t\t\r\n\t\t\t\r\n\t\t\t\t<div class=\"dslc-image-container\">\r\n\t\t<div class=\"dslc-image\">\r\n\r\n\t\t\t\r\n\t\t\t\t\r\n\t\t\t\t\t\t\t\t\t<img src=\"https:\/\/www.lanuitdelune.fr\/wp-content\/uploads\/2016\/07\/13600276_10153924677003853_3984157569920699184_n.jpg\" alt=\"\" title=\"\" srcset=\"https:\/\/www.lanuitdelune.fr\/wp-content\/uploads\/2016\/07\/13600276_10153924677003853_3984157569920699184_n.jpg 528w, https:\/\/www.lanuitdelune.fr\/wp-content\/uploads\/2016\/07\/13600276_10153924677003853_3984157569920699184_n-165x300.jpg 165w, https:\/\/www.lanuitdelune.fr\/wp-content\/uploads\/2016\/07\/13600276_10153924677003853_3984157569920699184_n-83x150.jpg 83w\" sizes=\"(max-width: 528px) 100vw, 528px\" \/>\r\n\t\t\t\t\r\n\t\t\t\t\r\n\t\t\t\t\t<div class=\"dslc-image-caption\">\r\n\r\n\t\t\t\t\t\t\t\t\t\t\t\t\tChiot Jade x Jaguar 17 jours\t\t\t\t\t\t\t\t\t\t\t<\/div>\r\n\t\t\t\t\t\t\t\t\t<\/div><!-- .dslc-image -->\r\n\t\t<\/div>\r\n\t\t\r\n\t\t\t\t<\/div><!-- .dslc-module -->\r\n\t\t\r\n\t\t<div id=\"dslc-module-120\" class=\"dslc-module-front dslc-module-DSLC_Image dslc-in-viewport-check dslc-in-viewport-anim-none  dslc-col dslc-3-col  dslc-module-handle-like-regular \" data-module-id=\"120\" data-module=\"DSLC_Image\" data-dslc-module-size=\"3\" data-dslc-anim=\"none\" data-dslc-anim-delay=\"0\" data-dslc-anim-duration=\"650\"  data-dslc-anim-easing=\"ease\" data-dslc-preset=\"none\" >\r\n\r\n\t\t\t\r\n\t\t\t\r\n\t\t\t\t<div class=\"dslc-image-container\">\r\n\t\t<div class=\"dslc-image\">\r\n\r\n\t\t\t\r\n\t\t\t\t\r\n\t\t\t\t\t\t\t\t\t<img src=\"https:\/\/www.lanuitdelune.fr\/wp-content\/uploads\/2016\/06\/13620003_10153937424393853_5329883043889445234_n.jpg\" alt=\"\" title=\"\" srcset=\"https:\/\/www.lanuitdelune.fr\/wp-content\/uploads\/2016\/06\/13620003_10153937424393853_5329883043889445234_n.jpg 528w, https:\/\/www.lanuitdelune.fr\/wp-content\/uploads\/2016\/06\/13620003_10153937424393853_5329883043889445234_n-165x300.jpg 165w, https:\/\/www.lanuitdelune.fr\/wp-content\/uploads\/2016\/06\/13620003_10153937424393853_5329883043889445234_n-83x150.jpg 83w\" sizes=\"(max-width: 528px) 100vw, 528px\" \/>\r\n\t\t\t\t\r\n\t\t\t\t\r\n\t\t\t\t\t<div class=\"dslc-image-caption\">\r\n\r\n\t\t\t\t\t\t\t\t\t\t\t\t\tChiots Ga\u00efa x Jaguar 12 jours\t\t\t\t\t\t\t\t\t\t\t<\/div>\r\n\t\t\t\t\t\t\t\t\t<\/div><!-- .dslc-image -->\r\n\t\t<\/div>\r\n\t\t\r\n\t\t\t\t<\/div><!-- .dslc-module -->\r\n\t\t\r\n\t\t<div id=\"dslc-module-121\" class=\"dslc-module-front dslc-module-DSLC_Image dslc-in-viewport-check dslc-in-viewport-anim-none  dslc-col dslc-3-col  dslc-module-handle-like-regular \" data-module-id=\"121\" data-module=\"DSLC_Image\" data-dslc-module-size=\"3\" data-dslc-anim=\"none\" data-dslc-anim-delay=\"0\" data-dslc-anim-duration=\"650\"  data-dslc-anim-easing=\"ease\" data-dslc-preset=\"none\" >\r\n\r\n\t\t\t\r\n\t\t\t\r\n\t\t\t\t<div class=\"dslc-image-container\">\r\n\t\t<div class=\"dslc-image\">\r\n\r\n\t\t\t\r\n\t\t\t\t\r\n\t\t\t\t\t\t\t\t\t<img src=\"https:\/\/www.lanuitdelune.fr\/wp-content\/uploads\/2016\/05\/13495263_10153892149398853_2933206179298235677_n.jpg\" alt=\"\" title=\"\" srcset=\"https:\/\/www.lanuitdelune.fr\/wp-content\/uploads\/2016\/05\/13495263_10153892149398853_2933206179298235677_n.jpg 528w, https:\/\/www.lanuitdelune.fr\/wp-content\/uploads\/2016\/05\/13495263_10153892149398853_2933206179298235677_n-165x300.jpg 165w, https:\/\/www.lanuitdelune.fr\/wp-content\/uploads\/2016\/05\/13495263_10153892149398853_2933206179298235677_n-83x150.jpg 83w\" sizes=\"(max-width: 528px) 100vw, 528px\" \/>\r\n\t\t\t\t\r\n\t\t\t\t\r\n\t\t\t\t\t<div class=\"dslc-image-caption\">\r\n\r\n\t\t\t\t\t\t\t\t\t\t\t\t\tChiot Jade x Jaguar 3 jours<br>\t\t\t\t\t\t\t\t\t\t\t<\/div>\r\n\t\t\t\t\t\t\t\t\t<\/div><!-- .dslc-image -->\r\n\t\t<\/div>\r\n\t\t\r\n\t\t\t\t<\/div><!-- .dslc-module -->\r\n\t\t\r\n\t\t<div id=\"dslc-module-122\" class=\"dslc-module-front dslc-module-DSLC_Image dslc-in-viewport-check dslc-in-viewport-anim-none  dslc-col dslc-3-col dslc-last-col  dslc-module-handle-like-regular \" data-module-id=\"122\" data-module=\"DSLC_Image\" data-dslc-module-size=\"3\" data-dslc-anim=\"none\" data-dslc-anim-delay=\"0\" data-dslc-anim-duration=\"650\"  data-dslc-anim-easing=\"ease\" data-dslc-preset=\"none\" >\r\n\r\n\t\t\t\r\n\t\t\t\r\n\t\t\t\t<div class=\"dslc-image-container\">\r\n\t\t<div class=\"dslc-image\">\r\n\r\n\t\t\t\r\n\t\t\t\t\r\n\t\t\t\t\t\t\t\t\t<img src=\"https:\/\/www.lanuitdelune.fr\/wp-content\/uploads\/2016\/06\/13599767_10153914591628853_5351055432872316264_n.jpg\" alt=\"\" title=\"\" srcset=\"https:\/\/www.lanuitdelune.fr\/wp-content\/uploads\/2016\/06\/13599767_10153914591628853_5351055432872316264_n.jpg 528w, https:\/\/www.lanuitdelune.fr\/wp-content\/uploads\/2016\/06\/13599767_10153914591628853_5351055432872316264_n-165x300.jpg 165w, https:\/\/www.lanuitdelune.fr\/wp-content\/uploads\/2016\/06\/13599767_10153914591628853_5351055432872316264_n-83x150.jpg 83w\" sizes=\"(max-width: 528px) 100vw, 528px\" \/>\r\n\t\t\t\t\r\n\t\t\t\t\r\n\t\t\t\t\t<div class=\"dslc-image-caption\">\r\n\r\n\t\t\t\t\t\t\t\t\t\t\t\t\tChiots Ga\u00efa x Jaguar \u00e0 2 jours\t\t\t\t\t\t\t\t\t\t\t<\/div>\r\n\t\t\t\t\t\t\t\t\t<\/div><!-- .dslc-image -->\r\n\t\t<\/div>\r\n\t\t\r\n\t\t\t\t<\/div><!-- .dslc-module -->\r\n\t\t<\/div><\/div><\/div><\/div><input type=\"hidden\" id=\"dslca-post-data-thumb\" value=\"https:\/\/www.lanuitdelune.fr\/wp-content\/uploads\/2016\/02\/20150401_164638-e1474548799517.jpg\" \/><\/div>","protected":false},"excerpt":{"rendered":"<p>Notre \u00e9levage est devenu professionnel le 1er janvier 2016\u00a0!Apr\u00e8s une port\u00e9e avec notre chienne, Ga\u00efa, en tant que particulier, nous avons eu l\u2019envie de passer professionnel, c\u2019est devenu une passion, voir les petits grandir, seulement, en appartement ce n\u2019est pas possible, nous avons donc cherch\u00e9 une maison avec un grand\u2026<\/p>\n<p class=\"continue-reading-button\"> <a class=\"continue-reading-link\" href=\"https:\/\/www.lanuitdelune.fr\/index.php\/lelevage\/\">Continue reading<i class=\"crycon-right-dir\"><\/i><\/a><\/p>\n","protected":false},"author":1,"featured_media":47,"parent":0,"menu_order":0,"comment_status":"closed","ping_status":"closed","template":"","meta":{"footnotes":""},"class_list":["post-65","page","type-page","status-publish","has-post-thumbnail","hentry"],"_links":{"self":[{"href":"https:\/\/www.lanuitdelune.fr\/index.php\/wp-json\/wp\/v2\/pages\/65","targetHints":{"allow":["GET"]}}],"collection":[{"href":"https:\/\/www.lanuitdelune.fr\/index.php\/wp-json\/wp\/v2\/pages"}],"about":[{"href":"https:\/\/www.lanuitdelune.fr\/index.php\/wp-json\/wp\/v2\/types\/page"}],"author":[{"embeddable":true,"href":"https:\/\/www.lanuitdelune.fr\/index.php\/wp-json\/wp\/v2\/users\/1"}],"replies":[{"embeddable":true,"href":"https:\/\/www.lanuitdelune.fr\/index.php\/wp-json\/wp\/v2\/comments?post=65"}],"version-history":[{"count":9,"href":"https:\/\/www.lanuitdelune.fr\/index.php\/wp-json\/wp\/v2\/pages\/65\/revisions"}],"predecessor-version":[{"id":552,"href":"https:\/\/www.lanuitdelune.fr\/index.php\/wp-json\/wp\/v2\/pages\/65\/revisions\/552"}],"wp:featuredmedia":[{"embeddable":true,"href":"https:\/\/www.lanuitdelune.fr\/index.php\/wp-json\/wp\/v2\/media\/47"}],"wp:attachment":[{"href":"https:\/\/www.lanuitdelune.fr\/index.php\/wp-json\/wp\/v2\/media?parent=65"}],"curies":[{"name":"wp","href":"https:\/\/api.w.org\/{rel}","templated":true}]}}