{"id":2614,"date":"2024-04-17T15:54:31","date_gmt":"2024-04-17T14:54:31","guid":{"rendered":"https:\/\/www.lanuitdelune.fr\/?page_id=2614"},"modified":"2024-04-17T15:54:31","modified_gmt":"2024-04-17T14:54:31","slug":"unaya-de-la-nuit-delune","status":"publish","type":"page","link":"https:\/\/www.lanuitdelune.fr\/index.php\/unaya-de-la-nuit-delune\/","title":{"rendered":"Unaya de La Nuit d'Elune"},"content":{"rendered":"<div id=\"dslc-content\" class=\"dslc-content dslc-clearfix\"><div id=\"dslc-main\">\r\n\t\t\t<div  class=\"dslc-modules-section \" style=\"\" data-section-id=\"f80641646e8\">\r\n\t\t\t\t\r\n\t\t\t\t\r\n\t\t\t\t<div class=\"dslc-modules-section-wrapper dslc-clearfix\"><style type=\"text\/css\" id=\"dslca-modules-area-\"><\/style><div  class=\"dslc-modules-area dslc-col dslc-12-col dslc-last-col dslc-valign- \" data-size=\"12\" data-valign=\"\" data-modules-area-id=\"\" >\r\n\t\t<div id=\"dslc-module-da49a98a9ca\" class=\"dslc-module-front dslc-module-DSLC_Image dslc-in-viewport-check dslc-in-viewport-anim-none  dslc-col dslc-3-col  dslc-module-handle-like-regular \" data-module-id=\"da49a98a9ca\" data-module=\"DSLC_Image\" data-dslc-module-size=\"3\" data-dslc-anim=\"none\" data-dslc-anim-delay=\"\" data-dslc-anim-duration=\"650\"  data-dslc-anim-easing=\"ease\" data-dslc-preset=\"none\" >\r\n\r\n\t\t\t\r\n\t\t\t\r\n\t\t\t\t<div class=\"dslc-image-container\">\r\n\t\t<div class=\"dslc-image\">\r\n\r\n\t\t\t\r\n\t\t\t\t\r\n\t\t\t\t\t\t\t\t\t<img src=\"https:\/\/www.lanuitdelune.fr\/wp-content\/uploads\/2024\/04\/435791302_1387012306030063_619120749117207872_n.jpg\" alt=\"\" title=\"\" srcset=\"https:\/\/www.lanuitdelune.fr\/wp-content\/uploads\/2024\/04\/435791302_1387012306030063_619120749117207872_n.jpg 1134w, https:\/\/www.lanuitdelune.fr\/wp-content\/uploads\/2024\/04\/435791302_1387012306030063_619120749117207872_n-169x300.jpg 169w, https:\/\/www.lanuitdelune.fr\/wp-content\/uploads\/2024\/04\/435791302_1387012306030063_619120749117207872_n-576x1024.jpg 576w, https:\/\/www.lanuitdelune.fr\/wp-content\/uploads\/2024\/04\/435791302_1387012306030063_619120749117207872_n-768x1365.jpg 768w, https:\/\/www.lanuitdelune.fr\/wp-content\/uploads\/2024\/04\/435791302_1387012306030063_619120749117207872_n-864x1536.jpg 864w, https:\/\/www.lanuitdelune.fr\/wp-content\/uploads\/2024\/04\/435791302_1387012306030063_619120749117207872_n-84x150.jpg 84w\" sizes=\"(max-width: 1134px) 100vw, 1134px\" \/>\r\n\t\t\t\t\r\n\t\t\t\t\t\t\t\t\t<\/div><!-- .dslc-image -->\r\n\t\t<\/div>\r\n\t\t\r\n\t\t\t\t<\/div><!-- .dslc-module -->\r\n\t\t\r\n\t\t<div id=\"dslc-module-51948900633\" class=\"dslc-module-front dslc-module-DSLC_Text_Simple dslc-in-viewport-check dslc-in-viewport-anim-none  dslc-col dslc-9-col dslc-last-col  dslc-module-handle-like-regular \" data-module-id=\"51948900633\" data-module=\"DSLC_Text_Simple\" data-dslc-module-size=\"9\" data-dslc-anim=\"none\" data-dslc-anim-delay=\"\" data-dslc-anim-duration=\"650\"  data-dslc-anim-easing=\"ease\" data-dslc-preset=\"none\" >\r\n\r\n\t\t\t\r\n\t\t\t\r\n\t\t\r\n\t\t<div class=\"dslc-text-module-content\">\r\n\t\t\t<p>Gentille chienne, tr\u00e8s collante et tr\u00e8s douce ! Tr\u00e8s poilue aussi !<br>Fille de Nova et Jaguar, elle a h\u00e9rit\u00e9 de leurs supers caract\u00e8res.... Avec la morphologie de papa :)<\/p><p>\u00a0<\/p><p>Saine APR et NF<\/p>\t\t<\/div>\r\n\r\n\t\t\r\n\t\t\t\t<\/div><!-- .dslc-module -->\r\n\t\t\r\n\t\t<div id=\"dslc-module-e17d744ccf4\" class=\"dslc-module-front dslc-module-DSLC_Image dslc-in-viewport-check dslc-in-viewport-anim-none  dslc-col dslc-4-col  dslc-module-handle-like-regular \" data-module-id=\"e17d744ccf4\" data-module=\"DSLC_Image\" data-dslc-module-size=\"4\" data-dslc-anim=\"none\" data-dslc-anim-delay=\"\" data-dslc-anim-duration=\"650\"  data-dslc-anim-easing=\"ease\" data-dslc-preset=\"none\" >\r\n\r\n\t\t\t\r\n\t\t\t\r\n\t\t\t\t<div class=\"dslc-image-container\">\r\n\t\t<div class=\"dslc-image\">\r\n\r\n\t\t\t\r\n\t\t\t\t\r\n\t\t\t\t\t\t\t\t\t<a class=\"\" href=\"https:\/\/delanuitdelune.chiens-de-france.com\/cocker-spaniel-anglais,de-la-nuit-d-elune,chiens-fiche,unaya-de-la-nuit-d-elune,49431,1388908.html\" target=\"_blank\"  >\r\n\t\t\t\t\t\t\t\t\t<img src=\"https:\/\/www.lanuitdelune.fr\/wp-content\/uploads\/2016\/07\/la-nuit-delune-sur-chiens-de-france.jpg\" alt=\"\" title=\"\" srcset=\"https:\/\/www.lanuitdelune.fr\/wp-content\/uploads\/2016\/07\/la-nuit-delune-sur-chiens-de-france.jpg 556w, https:\/\/www.lanuitdelune.fr\/wp-content\/uploads\/2016\/07\/la-nuit-delune-sur-chiens-de-france-300x131.jpg 300w, https:\/\/www.lanuitdelune.fr\/wp-content\/uploads\/2016\/07\/la-nuit-delune-sur-chiens-de-france-250x109.jpg 250w, https:\/\/www.lanuitdelune.fr\/wp-content\/uploads\/2016\/07\/la-nuit-delune-sur-chiens-de-france-150x65.jpg 150w\" sizes=\"(max-width: 556px) 100vw, 556px\" \/>\r\n\t\t\t\t\t\t\t\t\t<\/a>\r\n\t\t\t\t\r\n\t\t\t\t\r\n\t\t\t\t\t<div class=\"dslc-image-caption\">\r\n\r\n\t\t\t\t\t\t\t\t\t\t\t\t\tVoir le pedigree d'Unaya sur Chiens de France<br>\t\t\t\t\t\t\t\t\t\t\t<\/div>\r\n\t\t\t\t\t\t\t\t\t<\/div><!-- .dslc-image -->\r\n\t\t<\/div>\r\n\t\t\r\n\t\t\t\t<\/div><!-- .dslc-module -->\r\n\t\t<\/div><\/div><\/div>\r\n\t\t\t<div  class=\"dslc-modules-section \" style=\"\" data-section-id=\"f80641646e8\">\r\n\t\t\t\t\r\n\t\t\t\t\r\n\t\t\t\t<div class=\"dslc-modules-section-wrapper dslc-clearfix\"><style type=\"text\/css\" id=\"dslca-modules-area-\"><\/style><div  class=\"dslc-modules-area dslc-col dslc-12-col dslc-last-col dslc-valign- \" data-size=\"12\" data-valign=\"\" data-modules-area-id=\"\" >\r\n\t\t<div id=\"dslc-module-c06f5f32bd2\" class=\"dslc-module-front dslc-module-DSLC_Text_Simple dslc-in-viewport-check dslc-in-viewport-anim-none  dslc-col dslc-12-col dslc-last-col  dslc-module-handle-like-regular \" data-module-id=\"c06f5f32bd2\" data-module=\"DSLC_Text_Simple\" data-dslc-module-size=\"12\" data-dslc-anim=\"none\" data-dslc-anim-delay=\"\" data-dslc-anim-duration=\"650\"  data-dslc-anim-easing=\"ease\" data-dslc-preset=\"none\" >\r\n\r\n\t\t\t\r\n\t\t\t\r\n\t\t\r\n\t\t<div class=\"dslc-text-module-content\">\r\n\t\t\t<p><div id=\"grid-gallery-17-76986\" data-gg-id=\"17\" data-title=\"Unaya\" data-grid-type=\"0\" data-offset=\"5.3\" data-area-position=\"center\" data-icons=\"\" data-preloader=\"true\" data-width=\"215\" data-height=\"215\" data-padding=\"0\" data-quicksand=\"disabled\" data-quicksand-duration=\"1800\" data-popup-theme=\"theme_6\" data-popup-type=\"pretty-photo\" data-popup-image-text=\"data-description\" data-popup-widthsize=\"auto\" data-popup-heightsize=\"auto\" data-popup-i18n-words=\"{&quot;close&quot;:&quot;fermer&quot;,&quot;next&quot;:&quot;suivant&quot;,&quot;previous&quot;:&quot;pr\\u00e9c\\u00e9dent&quot;,&quot;start_slideshow&quot;:&quot;d\\u00e9marrer le diaporama&quot;,&quot;stop_slideshow&quot;:&quot;arr\\u00e9ter le diaporama&quot;,&quot;image&quot;:&quot;image&quot;,&quot;of&quot;:&quot;de&quot;,&quot;prev&quot;:&quot;pr\\u00e9c.&quot;,&quot;cExpand&quot;:&quot;Agrandir&quot;,&quot;cPrevious&quot;:&quot;Pr\\u00e9c\\u00e9dent&quot;,&quot;cNext&quot;:&quot;Suivant&quot;,&quot;cExpandStr&quot;:&quot;Agrandir l&#039;image&quot;,&quot;cRotate&quot;:&quot;Pivoter&quot;,&quot;cDetails&quot;:&quot;Details&quot;}\" data-popup-slideshow=\"false\" data-popup-slideshow-speed=\"2500\" data-popup-hoverstop=\"true\" data-popup-slideshow-auto=\"false\" data-popup-background=\"\" data-popup-transparency=\"30\" data-popup-disable-history=\"\" data-popup-disable-changed-url=\"\" data-popup-border-type=\"\" data-popup-border-color=\"\" data-popup-border-width=\"\" data-popup-border-enable=\"\" data-fullscreen=\"false\" data-hide-tooltip=\"false\" data-caption-font-family=\"Default\" data-caption-text-size=\"140\" data-is-mobile=\"0\" data-caption-mobile=\"false\" data-hide-long-tltp-title=\"0\" data-caption-disabled-on-mobile=\"false\" data-popup-placement-type=\"0\" data-social-sharing=\"{&quot;enabled&quot;:&quot;&quot;,&quot;gallerySharing&quot;:{&quot;enabled&quot;:null,&quot;position&quot;:null},&quot;imageSharing&quot;:{&quot;enabled&quot;:null,&quot;wrapperClass&quot;:&quot; vertical &quot;},&quot;popupSharing&quot;:{&quot;enabled&quot;:null,&quot;wrapperClass&quot;:&quot; vertical &quot;}}\" class=\"grid-gallery grid-gallery-fixed \" style=\" width:100%; height:auto; margin-left:auto; margin-right:auto;position:relative;\"> <div class=\"gallery-loading\"> <div class=\"blocks\"> <div class=\"block\"><\/div> <div class=\"block\"><\/div> <div class=\"block\"><\/div> <div class=\"block\"><\/div> <\/div> <\/div> <div class=\"gallery-sharing-top\" style=\"display:none;\"> <\/div> <div id=\"photos-17\" class=\"grid-gallery-photos\"><FIGURE class=\"grid-gallery-caption\" data-grid-gallery-type=\"quarter-slide-up\" data-index=\"0\" style=\"display:none;border-radius:00;; margin:5.3px; width:2150;\" ><div class=\"crop\" style=\" width:2150; height:2150; overflow:hidden;\"><img src=\"https:\/\/www.lanuitdelune.fr\/wp-content\/uploads\/2024\/04\/435740213_441228028420525_7313152338628624654_n-215x215.jpg\" class=\"ggImg\" alt=\"435740213_441228028420525_7313152338628624654_n\" title=\"435740213_441228028420525_7313152338628624654_n\" data-description=\"435740213_441228028420525_7313152338628624654_n\" data-caption=\"435740213_441228028420525_7313152338628624654_n\" data-title=\"435740213_441228028420525_7313152338628624654_n\" style=\" width:215px; height:215px;\" \/><\/div><FIGCAPTION class=\"\" data-alpha=\"5\" style=\"color:#ffffff; background-color:#6f0000; font-size:140; text-align:2; font-family:Default;\" ><div class=\"grid-gallery-figcaption-wrap\" style=\"\"><\/div><\/FIGCAPTION><\/FIGURE><FIGURE class=\"grid-gallery-caption\" data-grid-gallery-type=\"quarter-slide-up\" data-index=\"1\" style=\"display:none;border-radius:00;; margin:5.3px; width:2150;\" ><div class=\"crop\" style=\" width:2150; height:2150; overflow:hidden;\"><img src=\"https:\/\/www.lanuitdelune.fr\/wp-content\/uploads\/2024\/04\/435791302_1387012306030063_619120749117207872_n-215x215.jpg\" class=\"ggImg\" alt=\"435791302_1387012306030063_619120749117207872_n\" title=\"435791302_1387012306030063_619120749117207872_n\" data-description=\"435791302_1387012306030063_619120749117207872_n\" data-caption=\"435791302_1387012306030063_619120749117207872_n\" data-title=\"435791302_1387012306030063_619120749117207872_n\" style=\" width:215px; height:215px;\" \/><\/div><FIGCAPTION class=\"\" data-alpha=\"5\" style=\"color:#ffffff; background-color:#6f0000; font-size:140; text-align:2; font-family:Default;\" ><div class=\"grid-gallery-figcaption-wrap\" style=\"\"><\/div><\/FIGCAPTION><\/FIGURE><FIGURE class=\"grid-gallery-caption\" data-grid-gallery-type=\"quarter-slide-up\" data-index=\"2\" style=\"display:none;border-radius:00;; margin:5.3px; width:2150;\" ><div class=\"crop\" style=\" width:2150; height:2150; overflow:hidden;\"><img src=\"https:\/\/www.lanuitdelune.fr\/wp-content\/uploads\/2024\/04\/435850340_736994725248758_8464860603378254475_n-215x215.jpg\" class=\"ggImg\" alt=\"435850340_736994725248758_8464860603378254475_n\" title=\"435850340_736994725248758_8464860603378254475_n\" data-description=\"435850340_736994725248758_8464860603378254475_n\" data-caption=\"435850340_736994725248758_8464860603378254475_n\" data-title=\"435850340_736994725248758_8464860603378254475_n\" style=\" width:215px; height:215px;\" \/><\/div><FIGCAPTION class=\"\" data-alpha=\"5\" style=\"color:#ffffff; background-color:#6f0000; font-size:140; text-align:2; font-family:Default;\" ><div class=\"grid-gallery-figcaption-wrap\" style=\"\"><\/div><\/FIGCAPTION><\/FIGURE><FIGURE class=\"grid-gallery-caption\" data-grid-gallery-type=\"quarter-slide-up\" data-index=\"3\" style=\"display:none;border-radius:00;; margin:5.3px; width:2150;\" ><div class=\"crop\" style=\" width:2150; height:2150; overflow:hidden;\"><img src=\"https:\/\/www.lanuitdelune.fr\/wp-content\/uploads\/2024\/04\/436837289_910759127465922_492903485062962653_n-215x215.jpg\" class=\"ggImg\" alt=\"436837289_910759127465922_492903485062962653_n\" title=\"436837289_910759127465922_492903485062962653_n\" data-description=\"436837289_910759127465922_492903485062962653_n\" data-caption=\"436837289_910759127465922_492903485062962653_n\" data-title=\"436837289_910759127465922_492903485062962653_n\" style=\" width:215px; height:215px;\" \/><\/div><FIGCAPTION class=\"\" data-alpha=\"5\" style=\"color:#ffffff; background-color:#6f0000; font-size:140; text-align:2; font-family:Default;\" ><div class=\"grid-gallery-figcaption-wrap\" style=\"\"><\/div><\/FIGCAPTION><\/FIGURE><FIGURE class=\"grid-gallery-caption\" data-grid-gallery-type=\"quarter-slide-up\" data-index=\"4\" style=\"display:none;border-radius:00;; margin:5.3px; width:2150;\" ><div class=\"crop\" style=\" width:2150; height:2150; overflow:hidden;\"><img src=\"https:\/\/www.lanuitdelune.fr\/wp-content\/uploads\/2024\/04\/436946051_1454433928805573_5045794726822915339_n-215x215.jpg\" class=\"ggImg\" alt=\"436946051_1454433928805573_5045794726822915339_n\" title=\"436946051_1454433928805573_5045794726822915339_n\" data-description=\"436946051_1454433928805573_5045794726822915339_n\" data-caption=\"436946051_1454433928805573_5045794726822915339_n\" data-title=\"436946051_1454433928805573_5045794726822915339_n\" style=\" width:215px; height:215px;\" \/><\/div><FIGCAPTION class=\"\" data-alpha=\"5\" style=\"color:#ffffff; background-color:#6f0000; font-size:140; text-align:2; font-family:Default;\" ><div class=\"grid-gallery-figcaption-wrap\" style=\"\"><\/div><\/FIGCAPTION><\/FIGURE><FIGURE class=\"grid-gallery-caption\" data-grid-gallery-type=\"quarter-slide-up\" data-index=\"5\" style=\"display:none;border-radius:00;; margin:5.3px; width:2150;\" ><div class=\"crop\" style=\" width:2150; height:2150; overflow:hidden;\"><img src=\"https:\/\/www.lanuitdelune.fr\/wp-content\/uploads\/2024\/04\/437784263_1092965865260491_3673476473239480784_n-215x215.jpg\" class=\"ggImg\" alt=\"437784263_1092965865260491_3673476473239480784_n\" title=\"437784263_1092965865260491_3673476473239480784_n\" data-description=\"437784263_1092965865260491_3673476473239480784_n\" data-caption=\"437784263_1092965865260491_3673476473239480784_n\" data-title=\"437784263_1092965865260491_3673476473239480784_n\" style=\" width:215px; height:215px;\" \/><\/div><FIGCAPTION class=\"\" data-alpha=\"5\" style=\"color:#ffffff; background-color:#6f0000; font-size:140; text-align:2; font-family:Default;\" ><div class=\"grid-gallery-figcaption-wrap\" style=\"\"><\/div><\/FIGCAPTION><\/FIGURE><FIGURE class=\"grid-gallery-caption\" data-grid-gallery-type=\"quarter-slide-up\" data-index=\"6\" style=\"display:none;border-radius:00;; margin:5.3px; width:2150;\" ><div class=\"crop\" style=\" width:2150; height:2150; overflow:hidden;\"><img src=\"https:\/\/www.lanuitdelune.fr\/wp-content\/uploads\/2024\/04\/437789711_303833779474023_2261246181134022900_n-215x215.jpg\" class=\"ggImg\" alt=\"437789711_303833779474023_2261246181134022900_n\" title=\"437789711_303833779474023_2261246181134022900_n\" data-description=\"437789711_303833779474023_2261246181134022900_n\" data-caption=\"437789711_303833779474023_2261246181134022900_n\" data-title=\"437789711_303833779474023_2261246181134022900_n\" style=\" width:215px; height:215px;\" \/><\/div><FIGCAPTION class=\"\" data-alpha=\"5\" style=\"color:#ffffff; background-color:#6f0000; font-size:140; text-align:2; font-family:Default;\" ><div class=\"grid-gallery-figcaption-wrap\" style=\"\"><\/div><\/FIGCAPTION><\/FIGURE><FIGURE class=\"grid-gallery-caption\" data-grid-gallery-type=\"quarter-slide-up\" data-index=\"7\" style=\"display:none;border-radius:00;; margin:5.3px; width:2150;\" ><div class=\"crop\" style=\" width:2150; height:2150; overflow:hidden;\"><img src=\"https:\/\/www.lanuitdelune.fr\/wp-content\/uploads\/2024\/04\/437880647_752481153685786_3005650408688845510_n-215x215.jpg\" class=\"ggImg\" alt=\"437880647_752481153685786_3005650408688845510_n\" title=\"437880647_752481153685786_3005650408688845510_n\" data-description=\"437880647_752481153685786_3005650408688845510_n\" data-caption=\"437880647_752481153685786_3005650408688845510_n\" data-title=\"437880647_752481153685786_3005650408688845510_n\" style=\" width:215px; height:215px;\" \/><\/div><FIGCAPTION class=\"\" data-alpha=\"5\" style=\"color:#ffffff; background-color:#6f0000; font-size:140; text-align:2; font-family:Default;\" ><div class=\"grid-gallery-figcaption-wrap\" style=\"\"><\/div><\/FIGCAPTION><\/FIGURE> <div class=\"grid-gallery-clearfix\"><\/div> <\/div> <div class=\"gallery-sharing-bottom\" style=\"display:none;\"> <\/div> <div class=\"gallery-sharing-image\" style=\"display:none;\"> <\/div> <div class=\"gallery-sharing-popup\" style=\"display:none;\"> <\/div> <div class=\"grid-gallery-clearfix\"><\/div> <\/div> <!-- Gallery by Supsystic plugin1.15.33 --><a title=\"Wordpress Photo Gallery\" style=\"display:none;\" href=\"https:\/\/supsystic.com\/plugins\/photo-gallery\/?utm_medium=love_link\" target=\"_blank\">Wordpress Photo Gallery<\/a><\/p>\t\t<\/div>\r\n\r\n\t\t\r\n\t\t\t\t<\/div><!-- .dslc-module -->\r\n\t\t<\/div><\/div><\/div><\/div><\/div>","protected":false},"excerpt":{"rendered":"<p>Gentille chienne, tr\u00e8s collante et tr\u00e8s douce ! Tr\u00e8s poilue aussi !Fille de Nova et Jaguar, elle a h\u00e9rit\u00e9 de leurs supers caract\u00e8res.... Avec la morphologie de papa \ud83d\ude42\u00a0Saine APR et NF Voir le pedigree d'Unaya sur Chiens de France Wordpress Photo Gallery<\/p>\n<p class=\"continue-reading-button\"> <a class=\"continue-reading-link\" href=\"https:\/\/www.lanuitdelune.fr\/index.php\/unaya-de-la-nuit-delune\/\">Continue reading<i class=\"crycon-right-dir\"><\/i><\/a><\/p>\n","protected":false},"author":2,"featured_media":0,"parent":0,"menu_order":0,"comment_status":"closed","ping_status":"closed","template":"","meta":{"footnotes":""},"class_list":["post-2614","page","type-page","status-publish","hentry"],"_links":{"self":[{"href":"https:\/\/www.lanuitdelune.fr\/index.php\/wp-json\/wp\/v2\/pages\/2614","targetHints":{"allow":["GET"]}}],"collection":[{"href":"https:\/\/www.lanuitdelune.fr\/index.php\/wp-json\/wp\/v2\/pages"}],"about":[{"href":"https:\/\/www.lanuitdelune.fr\/index.php\/wp-json\/wp\/v2\/types\/page"}],"author":[{"embeddable":true,"href":"https:\/\/www.lanuitdelune.fr\/index.php\/wp-json\/wp\/v2\/users\/2"}],"replies":[{"embeddable":true,"href":"https:\/\/www.lanuitdelune.fr\/index.php\/wp-json\/wp\/v2\/comments?post=2614"}],"version-history":[{"count":1,"href":"https:\/\/www.lanuitdelune.fr\/index.php\/wp-json\/wp\/v2\/pages\/2614\/revisions"}],"predecessor-version":[{"id":2615,"href":"https:\/\/www.lanuitdelune.fr\/index.php\/wp-json\/wp\/v2\/pages\/2614\/revisions\/2615"}],"wp:attachment":[{"href":"https:\/\/www.lanuitdelune.fr\/index.php\/wp-json\/wp\/v2\/media?parent=2614"}],"curies":[{"name":"wp","href":"https:\/\/api.w.org\/{rel}","templated":true}]}}