{"id":2557,"date":"2023-05-25T13:59:07","date_gmt":"2023-05-25T12:59:07","guid":{"rendered":"https:\/\/www.lanuitdelune.fr\/?page_id=2557"},"modified":"2023-05-25T13:59:07","modified_gmt":"2023-05-25T12:59:07","slug":"sylvanas-coursevent-de-la-nuit-delune","status":"publish","type":"page","link":"https:\/\/www.lanuitdelune.fr\/index.php\/sylvanas-coursevent-de-la-nuit-delune\/","title":{"rendered":"Sylvanas Coursevent de La Nuit d'Elune"},"content":{"rendered":"<div id=\"dslc-content\" class=\"dslc-content dslc-clearfix\"><div id=\"dslc-main\">\r\n\t\t\t<div  class=\"dslc-modules-section \" style=\"\" data-section-id=\"16fbe803280\">\r\n\t\t\t\t\r\n\t\t\t\t\r\n\t\t\t\t<div class=\"dslc-modules-section-wrapper dslc-clearfix\"><style type=\"text\/css\" id=\"dslca-modules-area-\"><\/style><div  class=\"dslc-modules-area dslc-col dslc-12-col dslc-last-col dslc-valign- \" data-size=\"12\" data-valign=\"\" data-modules-area-id=\"\" >\r\n\t\t<div id=\"dslc-module-3668243f175\" class=\"dslc-module-front dslc-module-DSLC_Image dslc-in-viewport-check dslc-in-viewport-anim-none  dslc-col dslc-6-col  dslc-module-handle-like-regular \" data-module-id=\"3668243f175\" data-module=\"DSLC_Image\" data-dslc-module-size=\"6\" data-dslc-anim=\"none\" data-dslc-anim-delay=\"\" data-dslc-anim-duration=\"650\"  data-dslc-anim-easing=\"ease\" data-dslc-preset=\"none\" >\r\n\r\n\t\t\t\r\n\t\t\t\r\n\t\t\t\t<div class=\"dslc-image-container\">\r\n\t\t<div class=\"dslc-image\">\r\n\r\n\t\t\t\r\n\t\t\t\t\r\n\t\t\t\t\t\t\t\t\t<img src=\"https:\/\/www.lanuitdelune.fr\/wp-content\/uploads\/2023\/05\/307515498_1130375964231375_7593886828652996501_nf-13x20.jpg\" alt=\"\" title=\"\" srcset=\"https:\/\/www.lanuitdelune.fr\/wp-content\/uploads\/2023\/05\/307515498_1130375964231375_7593886828652996501_nf.jpg 1093w, https:\/\/www.lanuitdelune.fr\/wp-content\/uploads\/2023\/05\/307515498_1130375964231375_7593886828652996501_nf-201x300.jpg 201w, https:\/\/www.lanuitdelune.fr\/wp-content\/uploads\/2023\/05\/307515498_1130375964231375_7593886828652996501_nf-685x1024.jpg 685w, https:\/\/www.lanuitdelune.fr\/wp-content\/uploads\/2023\/05\/307515498_1130375964231375_7593886828652996501_nf-768x1147.jpg 768w, https:\/\/www.lanuitdelune.fr\/wp-content\/uploads\/2023\/05\/307515498_1130375964231375_7593886828652996501_nf-1028x1536.jpg 1028w, https:\/\/www.lanuitdelune.fr\/wp-content\/uploads\/2023\/05\/307515498_1130375964231375_7593886828652996501_nf-100x150.jpg 100w\" sizes=\"(max-width: 1093px) 100vw, 1093px\" \/>\r\n\t\t\t\t\r\n\t\t\t\t\t\t\t\t\t<\/div><!-- .dslc-image -->\r\n\t\t<\/div>\r\n\t\t\r\n\t\t\t\t<\/div><!-- .dslc-module -->\r\n\t\t\r\n\t\t<div id=\"dslc-module-386ac44ae58\" class=\"dslc-module-front dslc-module-DSLC_Text_Simple dslc-in-viewport-check dslc-in-viewport-anim-none  dslc-col dslc-6-col dslc-last-col  dslc-module-handle-like-regular \" data-module-id=\"386ac44ae58\" data-module=\"DSLC_Text_Simple\" data-dslc-module-size=\"6\" data-dslc-anim=\"none\" data-dslc-anim-delay=\"\" data-dslc-anim-duration=\"650\"  data-dslc-anim-easing=\"ease\" data-dslc-preset=\"none\" >\r\n\r\n\t\t\t\r\n\t\t\t\r\n\t\t\r\n\t\t<div class=\"dslc-text-module-content\">\r\n\t\t\t<div id=\"dslc-module-165\" class=\"dslc-module-front dslc-module-DSLC_Text_Simple dslc-in-viewport-check dslc-in-viewport-anim-none dslc-col dslc-6-col dslc-module-handle-like-regular dslc-in-viewport dslc-first-col\" data-module-id=\"165\" data-module=\"DSLC_Text_Simple\" data-dslc-module-size=\"6\" data-dslc-anim=\"none\" data-dslc-anim-delay=\"\" data-dslc-anim-duration=\"650\" data-dslc-anim-easing=\"ease\" data-dslc-preset=\"none\"><div class=\"dslc-text-module-content\"><p style=\"text-align: left;\">Sylvanas est tr\u00e8s c\u00e2line, tr\u00e8s joueuse et tr\u00e8s proche de ses ma\u00eetres (peu \u00eatre un peu trop des fois :)) Elle adore se mettre sur le dessus du canap\u00e9 et \"couler\" sur nous....<\/p><p style=\"text-align: left;\">Un peu le m\u00eame caract\u00e8re que sa m\u00e8re Liara !<\/p><p style=\"text-align: left;\">Nous l\u2019\u00e9levons chez nous, comme les autres, n\u00e9e ici.\u00a0<\/p><p style=\"text-align: left;\">LOF et confirm\u00e9e.<\/p><p style=\"text-align: left;\"><strong>Saine APR et NF par h\u00e9r\u00e9dit\u00e9, identifi\u00e9e g\u00e9n\u00e9tiquement.<\/strong><\/p><\/div><\/div>\t\t<\/div>\r\n\r\n\t\t\r\n\t\t\t\t<\/div><!-- .dslc-module -->\r\n\t\t\r\n\t\t<div id=\"dslc-module-c81dd53cab9\" class=\"dslc-module-front dslc-module-DSLC_Image dslc-in-viewport-check dslc-in-viewport-anim-none  dslc-col dslc-5-col  dslc-module-handle-like-regular \" data-module-id=\"c81dd53cab9\" data-module=\"DSLC_Image\" data-dslc-module-size=\"5\" data-dslc-anim=\"none\" data-dslc-anim-delay=\"\" data-dslc-anim-duration=\"650\"  data-dslc-anim-easing=\"ease\" data-dslc-preset=\"none\" >\r\n\r\n\t\t\t\r\n\t\t\t\r\n\t\t\t\t<div class=\"dslc-image-container\">\r\n\t\t<div class=\"dslc-image\">\r\n\r\n\t\t\t\r\n\t\t\t\t\r\n\t\t\t\t\t\t\t\t\t<a class=\"\" href=\"https:\/\/delanuitdelune.chiens-de-france.com\/cocker-spaniel-anglais,de-la-nuit-d-elune,chiens-fiche,sylvanas-coursevent-de-la-nuit-d-elune,49431,1298797.html\" target=\"_self\"  >\r\n\t\t\t\t\t\t\t\t\t<img src=\"https:\/\/www.lanuitdelune.fr\/wp-content\/uploads\/2016\/07\/la-nuit-delune-sur-chiens-de-france.jpg\" alt=\"\" title=\"Voir le pedigree de Sylvanas sur Chiens de France\" srcset=\"https:\/\/www.lanuitdelune.fr\/wp-content\/uploads\/2016\/07\/la-nuit-delune-sur-chiens-de-france.jpg 556w, https:\/\/www.lanuitdelune.fr\/wp-content\/uploads\/2016\/07\/la-nuit-delune-sur-chiens-de-france-300x131.jpg 300w, https:\/\/www.lanuitdelune.fr\/wp-content\/uploads\/2016\/07\/la-nuit-delune-sur-chiens-de-france-250x109.jpg 250w, https:\/\/www.lanuitdelune.fr\/wp-content\/uploads\/2016\/07\/la-nuit-delune-sur-chiens-de-france-150x65.jpg 150w\" sizes=\"(max-width: 556px) 100vw, 556px\" \/>\r\n\t\t\t\t\t\t\t\t\t<\/a>\r\n\t\t\t\t\r\n\t\t\t\t\r\n\t\t\t\t\t<div class=\"dslc-image-caption\">\r\n\r\n\t\t\t\t\t\t\t\t\t\t\t\t\tVoir le pedigree de Sylvanas sur Chiens de France\t\t\t\t\t\t\t\t\t\t\t<\/div>\r\n\t\t\t\t\t\t\t\t\t<\/div><!-- .dslc-image -->\r\n\t\t<\/div>\r\n\t\t\r\n\t\t\t\t<\/div><!-- .dslc-module -->\r\n\t\t<\/div><\/div><\/div>\r\n\t\t\t<div  class=\"dslc-modules-section \" style=\"\" data-section-id=\"16fbe803280\">\r\n\t\t\t\t\r\n\t\t\t\t\r\n\t\t\t\t<div class=\"dslc-modules-section-wrapper dslc-clearfix\"><style type=\"text\/css\" id=\"dslca-modules-area-\"><\/style><div  class=\"dslc-modules-area dslc-col dslc-12-col dslc-last-col dslc-valign- \" data-size=\"12\" data-valign=\"\" data-modules-area-id=\"\" >\r\n\t\t<div id=\"dslc-module-8593f4492de\" class=\"dslc-module-front dslc-module-DSLC_Text_Simple dslc-in-viewport-check dslc-in-viewport-anim-none  dslc-col dslc-12-col dslc-last-col  dslc-module-handle-like-regular \" data-module-id=\"8593f4492de\" data-module=\"DSLC_Text_Simple\" data-dslc-module-size=\"12\" data-dslc-anim=\"none\" data-dslc-anim-delay=\"\" data-dslc-anim-duration=\"650\"  data-dslc-anim-easing=\"ease\" data-dslc-preset=\"none\" >\r\n\r\n\t\t\t\r\n\t\t\t\r\n\t\t\r\n\t\t<div class=\"dslc-text-module-content\">\r\n\t\t\t<p><div id=\"grid-gallery-15-36741\" data-gg-id=\"15\" data-title=\"Sylvanas Coursevent de La Nuit d&amp;#039;Elune\" data-grid-type=\"0\" data-offset=\"5.3\" data-area-position=\"center\" data-icons=\"\" data-preloader=\"true\" data-width=\"215\" data-height=\"215\" data-padding=\"0\" data-quicksand=\"disabled\" data-quicksand-duration=\"1800\" data-popup-theme=\"theme_6\" data-popup-type=\"pretty-photo\" data-popup-image-text=\"data-description\" data-popup-widthsize=\"auto\" data-popup-heightsize=\"auto\" data-popup-i18n-words=\"{&quot;close&quot;:&quot;fermer&quot;,&quot;next&quot;:&quot;suivant&quot;,&quot;previous&quot;:&quot;pr\\u00e9c\\u00e9dent&quot;,&quot;start_slideshow&quot;:&quot;d\\u00e9marrer le diaporama&quot;,&quot;stop_slideshow&quot;:&quot;arr\\u00e9ter le diaporama&quot;,&quot;image&quot;:&quot;image&quot;,&quot;of&quot;:&quot;de&quot;,&quot;prev&quot;:&quot;pr\\u00e9c.&quot;,&quot;cExpand&quot;:&quot;Agrandir&quot;,&quot;cPrevious&quot;:&quot;Pr\\u00e9c\\u00e9dent&quot;,&quot;cNext&quot;:&quot;Suivant&quot;,&quot;cExpandStr&quot;:&quot;Agrandir l&#039;image&quot;,&quot;cRotate&quot;:&quot;Pivoter&quot;,&quot;cDetails&quot;:&quot;Details&quot;}\" data-popup-slideshow=\"false\" data-popup-slideshow-speed=\"2500\" data-popup-hoverstop=\"true\" data-popup-slideshow-auto=\"false\" data-popup-background=\"\" data-popup-transparency=\"30\" data-popup-disable-history=\"\" data-popup-disable-changed-url=\"\" data-popup-border-type=\"\" data-popup-border-color=\"\" data-popup-border-width=\"\" data-popup-border-enable=\"\" data-fullscreen=\"false\" data-hide-tooltip=\"false\" data-caption-font-family=\"Default\" data-caption-text-size=\"140\" data-is-mobile=\"0\" data-caption-mobile=\"false\" data-hide-long-tltp-title=\"0\" data-caption-disabled-on-mobile=\"false\" data-popup-placement-type=\"0\" data-social-sharing=\"{&quot;enabled&quot;:&quot;&quot;,&quot;gallerySharing&quot;:{&quot;enabled&quot;:null,&quot;position&quot;:null},&quot;imageSharing&quot;:{&quot;enabled&quot;:null,&quot;wrapperClass&quot;:&quot; vertical &quot;},&quot;popupSharing&quot;:{&quot;enabled&quot;:null,&quot;wrapperClass&quot;:&quot; vertical &quot;}}\" class=\"grid-gallery grid-gallery-fixed \" style=\" width:100%; height:auto; margin-left:auto; margin-right:auto;position:relative;\"> <div class=\"gallery-loading\"> <div class=\"blocks\"> <div class=\"block\"><\/div> <div class=\"block\"><\/div> <div class=\"block\"><\/div> <div class=\"block\"><\/div> <\/div> <\/div> <div class=\"gallery-sharing-top\" style=\"display:none;\"> <\/div> <div id=\"photos-15\" class=\"grid-gallery-photos\"><FIGURE class=\"grid-gallery-caption\" data-grid-gallery-type=\"quarter-slide-up\" data-index=\"0\" style=\"display:none;border-radius:00;; margin:5.3px; width:2150;\" ><div class=\"crop\" style=\" width:2150; height:2150; overflow:hidden;\"><img src=\"https:\/\/www.lanuitdelune.fr\/wp-content\/uploads\/2023\/05\/307515498_1130375964231375_7593886828652996501_nf-215x215.jpg\" class=\"ggImg\" alt=\"307515498_1130375964231375_7593886828652996501_nf\" title=\"307515498_1130375964231375_7593886828652996501_nf\" data-description=\"307515498_1130375964231375_7593886828652996501_nf\" data-caption=\"307515498_1130375964231375_7593886828652996501_nf\" data-title=\"307515498_1130375964231375_7593886828652996501_nf\" style=\" width:215px; height:215px;\" \/><\/div><FIGCAPTION class=\"\" data-alpha=\"5\" style=\"color:#ffffff; background-color:#6f0000; font-size:140; text-align:2; font-family:Default;\" ><div class=\"grid-gallery-figcaption-wrap\" style=\"\"><\/div><\/FIGCAPTION><\/FIGURE><FIGURE class=\"grid-gallery-caption\" data-grid-gallery-type=\"quarter-slide-up\" data-index=\"1\" style=\"display:none;border-radius:00;; margin:5.3px; width:2150;\" ><div class=\"crop\" style=\" width:2150; height:2150; overflow:hidden;\"><img src=\"https:\/\/www.lanuitdelune.fr\/wp-content\/uploads\/2023\/05\/280517299_10159202741013853_2171468749732820833_n-215x215.jpg\" class=\"ggImg\" alt=\"280517299_10159202741013853_2171468749732820833_n\" title=\"280517299_10159202741013853_2171468749732820833_n\" data-description=\"280517299_10159202741013853_2171468749732820833_n\" data-caption=\"280517299_10159202741013853_2171468749732820833_n\" data-title=\"280517299_10159202741013853_2171468749732820833_n\" style=\" width:215px; height:215px;\" \/><\/div><FIGCAPTION class=\"\" data-alpha=\"5\" style=\"color:#ffffff; background-color:#6f0000; font-size:140; text-align:2; font-family:Default;\" ><div class=\"grid-gallery-figcaption-wrap\" style=\"\"><\/div><\/FIGCAPTION><\/FIGURE><FIGURE class=\"grid-gallery-caption\" data-grid-gallery-type=\"quarter-slide-up\" data-index=\"2\" style=\"display:none;border-radius:00;; margin:5.3px; width:2150;\" ><div class=\"crop\" style=\" width:2150; height:2150; overflow:hidden;\"><img src=\"https:\/\/www.lanuitdelune.fr\/wp-content\/uploads\/2023\/05\/20230407_203520-rotated-215x215.jpg\" class=\"ggImg\" alt=\"20230407_203520\" title=\"20230407_203520\" data-description=\"20230407_203520\" data-caption=\"20230407_203520\" data-title=\"20230407_203520\" style=\" width:215px; height:215px;\" \/><\/div><FIGCAPTION class=\"\" data-alpha=\"5\" style=\"color:#ffffff; background-color:#6f0000; font-size:140; text-align:2; font-family:Default;\" ><div class=\"grid-gallery-figcaption-wrap\" style=\"\"><\/div><\/FIGCAPTION><\/FIGURE><FIGURE class=\"grid-gallery-caption\" data-grid-gallery-type=\"quarter-slide-up\" data-index=\"3\" style=\"display:none;border-radius:00;; margin:5.3px; width:2150;\" ><div class=\"crop\" style=\" width:2150; height:2150; overflow:hidden;\"><img src=\"https:\/\/www.lanuitdelune.fr\/wp-content\/uploads\/2023\/05\/325574057_550125473695019_3905790916889045204_n1-215x215.jpg\" class=\"ggImg\" alt=\"325574057_550125473695019_3905790916889045204_n1\" title=\"325574057_550125473695019_3905790916889045204_n1\" data-description=\"325574057_550125473695019_3905790916889045204_n1\" data-caption=\"325574057_550125473695019_3905790916889045204_n1\" data-title=\"325574057_550125473695019_3905790916889045204_n1\" style=\" width:215px; height:215px;\" \/><\/div><FIGCAPTION class=\"\" data-alpha=\"5\" style=\"color:#ffffff; background-color:#6f0000; font-size:140; text-align:2; font-family:Default;\" ><div class=\"grid-gallery-figcaption-wrap\" style=\"\"><\/div><\/FIGCAPTION><\/FIGURE><FIGURE class=\"grid-gallery-caption\" data-grid-gallery-type=\"quarter-slide-up\" data-index=\"4\" style=\"display:none;border-radius:00;; margin:5.3px; width:2150;\" ><div class=\"crop\" style=\" width:2150; height:2150; overflow:hidden;\"><img src=\"https:\/\/www.lanuitdelune.fr\/wp-content\/uploads\/2023\/05\/340028868_788798135569587_3077608401570319124_n-215x215.jpg\" class=\"ggImg\" alt=\"340028868_788798135569587_3077608401570319124_n\" title=\"340028868_788798135569587_3077608401570319124_n\" data-description=\"340028868_788798135569587_3077608401570319124_n\" data-caption=\"340028868_788798135569587_3077608401570319124_n\" data-title=\"340028868_788798135569587_3077608401570319124_n\" style=\" width:215px; height:215px;\" \/><\/div><FIGCAPTION class=\"\" data-alpha=\"5\" style=\"color:#ffffff; background-color:#6f0000; font-size:140; text-align:2; font-family:Default;\" ><div class=\"grid-gallery-figcaption-wrap\" style=\"\"><\/div><\/FIGCAPTION><\/FIGURE> <div class=\"grid-gallery-clearfix\"><\/div> <\/div> <div class=\"gallery-sharing-bottom\" style=\"display:none;\"> <\/div> <div class=\"gallery-sharing-image\" style=\"display:none;\"> <\/div> <div class=\"gallery-sharing-popup\" style=\"display:none;\"> <\/div> <div class=\"grid-gallery-clearfix\"><\/div> <\/div> <!-- Gallery by Supsystic plugin1.15.33 --><a title=\"Wordpress Photo Gallery\" style=\"display:none;\" href=\"https:\/\/supsystic.com\/plugins\/photo-gallery\/?utm_medium=love_link\" target=\"_blank\">Wordpress Photo Gallery<\/a><\/p>\t\t<\/div>\r\n\r\n\t\t\r\n\t\t\t\t<\/div><!-- .dslc-module -->\r\n\t\t<\/div><\/div><\/div><\/div><\/div>","protected":false},"excerpt":{"rendered":"<p>Sylvanas est tr\u00e8s c\u00e2line, tr\u00e8s joueuse et tr\u00e8s proche de ses ma\u00eetres (peu \u00eatre un peu trop des fois :)) Elle adore se mettre sur le dessus du canap\u00e9 et \"couler\" sur nous....Un peu le m\u00eame caract\u00e8re que sa m\u00e8re Liara !Nous l\u2019\u00e9levons chez nous, comme les autres, n\u00e9e ici.\u00a0LOF\u2026<\/p>\n<p class=\"continue-reading-button\"> <a class=\"continue-reading-link\" href=\"https:\/\/www.lanuitdelune.fr\/index.php\/sylvanas-coursevent-de-la-nuit-delune\/\">Continue reading<i class=\"crycon-right-dir\"><\/i><\/a><\/p>\n","protected":false},"author":2,"featured_media":0,"parent":0,"menu_order":0,"comment_status":"closed","ping_status":"closed","template":"","meta":{"footnotes":""},"class_list":["post-2557","page","type-page","status-publish","hentry"],"_links":{"self":[{"href":"https:\/\/www.lanuitdelune.fr\/index.php\/wp-json\/wp\/v2\/pages\/2557","targetHints":{"allow":["GET"]}}],"collection":[{"href":"https:\/\/www.lanuitdelune.fr\/index.php\/wp-json\/wp\/v2\/pages"}],"about":[{"href":"https:\/\/www.lanuitdelune.fr\/index.php\/wp-json\/wp\/v2\/types\/page"}],"author":[{"embeddable":true,"href":"https:\/\/www.lanuitdelune.fr\/index.php\/wp-json\/wp\/v2\/users\/2"}],"replies":[{"embeddable":true,"href":"https:\/\/www.lanuitdelune.fr\/index.php\/wp-json\/wp\/v2\/comments?post=2557"}],"version-history":[{"count":1,"href":"https:\/\/www.lanuitdelune.fr\/index.php\/wp-json\/wp\/v2\/pages\/2557\/revisions"}],"predecessor-version":[{"id":2563,"href":"https:\/\/www.lanuitdelune.fr\/index.php\/wp-json\/wp\/v2\/pages\/2557\/revisions\/2563"}],"wp:attachment":[{"href":"https:\/\/www.lanuitdelune.fr\/index.php\/wp-json\/wp\/v2\/media?parent=2557"}],"curies":[{"name":"wp","href":"https:\/\/api.w.org\/{rel}","templated":true}]}}