{"id":2392,"date":"2020-10-18T21:37:08","date_gmt":"2020-10-18T20:37:08","guid":{"rendered":"https:\/\/www.lanuitdelune.fr\/?page_id=2392"},"modified":"2020-10-18T21:37:14","modified_gmt":"2020-10-18T20:37:14","slug":"education","status":"publish","type":"page","link":"https:\/\/www.lanuitdelune.fr\/index.php\/education\/","title":{"rendered":"Education"},"content":{"rendered":"<div id=\"dslc-content\" class=\"dslc-content dslc-clearfix\"><div id=\"dslc-main\">\r\n\t\t\t<div  class=\"dslc-modules-section \" style=\"\" data-section-id=\"399b5bd2942\">\r\n\t\t\t\t\r\n\t\t\t\t\r\n\t\t\t\t<div class=\"dslc-modules-section-wrapper dslc-clearfix\"><style type=\"text\/css\" id=\"dslca-modules-area-\"><\/style><div  class=\"dslc-modules-area dslc-col dslc-12-col dslc-last-col dslc-valign- \" data-size=\"12\" data-valign=\"\" data-modules-area-id=\"\" >\r\n\t\t<div id=\"dslc-module-f73d1e7e3fd\" class=\"dslc-module-front dslc-module-DSLC_Text_Simple dslc-in-viewport-check dslc-in-viewport-anim-none  dslc-col dslc-8-col  dslc-module-handle-like-regular \" data-module-id=\"f73d1e7e3fd\" data-module=\"DSLC_Text_Simple\" data-dslc-module-size=\"8\" data-dslc-anim=\"none\" data-dslc-anim-delay=\"\" data-dslc-anim-duration=\"650\"  data-dslc-anim-easing=\"ease\" data-dslc-preset=\"none\" >\r\n\r\n\t\t\t\r\n\t\t\t\r\n\t\t\r\n\t\t<div class=\"dslc-text-module-content\">\r\n\t\t\t<h4><a href=\"https:\/\/www.espritdog.com\/\"><strong>Esprit Dog<\/strong><\/a><\/h4><h5>Formations en ligne pour \u00e9duquer son chiot\/chien, vous avez un acc\u00e8s \u00e0 vie \u00e0 toutes les vid\u00e9os :)<\/h5><h5>Code promo sur ces 3 formations (NUITDELUNE) :<\/h5><p>Esprit Dog Chiot -> <a href=\"https:\/\/www.espritdog.com\/chiot\">https:\/\/www.espritdog.com\/chiot<\/a><\/p><ul class=\"homepage_formations_list_item_args\"><li class=\"homepage_formations_list_item_args_text first\">Film\u00e9 en temps r\u00e9el avec un chiot<\/li><li class=\"homepage_formations_list_item_args_text\">Pour les chiots de 0 \u00e0 1 an<\/li><li class=\"homepage_formations_list_item_args_text last\">Tous les conseils d\u00e8s son arriv\u00e9e \u00e0 la maison<\/li><\/ul><p>Esprit Dog Family -> <a href=\"https:\/\/www.espritdog.com\/esprit-dog-family\/\">https:\/\/www.espritdog.com\/esprit-dog-family<\/a><\/p><ul class=\"homepage_formations_list_item_args\"><li class=\"homepage_formations_list_item_args_text first\">Plus de 250 exercices en vid\u00e9o<\/li><li class=\"homepage_formations_list_item_args_text\">Toutes les cl\u00e9s pour \u00e9duquer votre chien<\/li><li class=\"homepage_formations_list_item_args_text last\">10 fois moins cher qu'un \u00e9ducateur canin<\/li><\/ul><p>Esprit Dog Senior -> <a href=\"https:\/\/www.espritdog.com\/esprit-dog-chien-senior\/\">https:\/\/www.espritdog.com\/esprit-dog-senior<\/a><\/p><ul class=\"homepage_formations_list_item_args\"><li class=\"homepage_formations_list_item_args_text first\">Tout pour garder votre chien en bonne sant\u00e9<\/li><li class=\"homepage_formations_list_item_args_text\">Comment g\u00e9rer les situations de la vie quotidienne<\/li><li class=\"homepage_formations_list_item_args_text last\">Des exercices adapt\u00e9s pour le stimuler<\/li><\/ul><p><br><br>B\u00e9n\u00e9ficiez d'une remise avec le code promo \"NUITDELUNE\" sur les formations Esprit Dog Chiot\/Family\/Senior :)<\/p><p>\u00a0<\/p><p>Nous sommes en partenariat avec ces formations qui son vraiment tr\u00e8s bien faites, utiles et tr\u00e8s bien expliqu\u00e9es sur l'\u00e9ducation.<\/p>\t\t<\/div>\r\n\r\n\t\t\r\n\t\t\t\t<\/div><!-- .dslc-module -->\r\n\t\t\r\n\t\t<div id=\"dslc-module-fc3f70148aa\" class=\"dslc-module-front dslc-module-DSLC_Image dslc-in-viewport-check dslc-in-viewport-anim-none  dslc-col dslc-4-col dslc-last-col  dslc-module-handle-like-regular \" data-module-id=\"fc3f70148aa\" data-module=\"DSLC_Image\" data-dslc-module-size=\"4\" data-dslc-anim=\"none\" data-dslc-anim-delay=\"0\" data-dslc-anim-duration=\"650\"  data-dslc-anim-easing=\"ease\" data-dslc-preset=\"none\" >\r\n\r\n\t\t\t\r\n\t\t\t\r\n\t\t\t\t<div class=\"dslc-image-container\">\r\n\t\t<div class=\"dslc-image\">\r\n\r\n\t\t\t\r\n\t\t\t\t\r\n\t\t\t\t\t\t\t\t\t<img src=\"https:\/\/www.lanuitdelune.fr\/wp-content\/uploads\/2025\/03\/Flyers-esprit-dog-nouveau-scaled.jpg\" alt=\"\" title=\"\" srcset=\"https:\/\/www.lanuitdelune.fr\/wp-content\/uploads\/2025\/03\/Flyers-esprit-dog-nouveau-scaled.jpg 1810w, https:\/\/www.lanuitdelune.fr\/wp-content\/uploads\/2025\/03\/Flyers-esprit-dog-nouveau-212x300.jpg 212w, https:\/\/www.lanuitdelune.fr\/wp-content\/uploads\/2025\/03\/Flyers-esprit-dog-nouveau-724x1024.jpg 724w, https:\/\/www.lanuitdelune.fr\/wp-content\/uploads\/2025\/03\/Flyers-esprit-dog-nouveau-768x1086.jpg 768w, https:\/\/www.lanuitdelune.fr\/wp-content\/uploads\/2025\/03\/Flyers-esprit-dog-nouveau-1086x1536.jpg 1086w, https:\/\/www.lanuitdelune.fr\/wp-content\/uploads\/2025\/03\/Flyers-esprit-dog-nouveau-1448x2048.jpg 1448w, https:\/\/www.lanuitdelune.fr\/wp-content\/uploads\/2025\/03\/Flyers-esprit-dog-nouveau-106x150.jpg 106w\" sizes=\"(max-width: 1810px) 100vw, 1810px\" \/>\r\n\t\t\t\t\r\n\t\t\t\t\t\t\t\t\t<\/div><!-- .dslc-image -->\r\n\t\t<\/div>\r\n\t\t\r\n\t\t\t\t<\/div><!-- .dslc-module -->\r\n\t\t<\/div><\/div><\/div><\/div><\/div>","protected":false},"excerpt":{"rendered":"<p>Esprit DogFormations en ligne pour \u00e9duquer son chiot\/chien, vous avez un acc\u00e8s \u00e0 vie \u00e0 toutes les vid\u00e9os :)Code promo sur ces 3 formations (NUITDELUNE) :Esprit Dog Chiot -> https:\/\/www.espritdog.com\/chiotFilm\u00e9 en temps r\u00e9el avec un chiotPour les chiots de 0 \u00e0 1 anTous les conseils d\u00e8s son arriv\u00e9e \u00e0 la\u2026<\/p>\n<p class=\"continue-reading-button\"> <a class=\"continue-reading-link\" href=\"https:\/\/www.lanuitdelune.fr\/index.php\/education\/\">Continue reading<i class=\"crycon-right-dir\"><\/i><\/a><\/p>\n","protected":false},"author":2,"featured_media":0,"parent":0,"menu_order":0,"comment_status":"closed","ping_status":"closed","template":"","meta":{"footnotes":""},"class_list":["post-2392","page","type-page","status-publish","hentry"],"_links":{"self":[{"href":"https:\/\/www.lanuitdelune.fr\/index.php\/wp-json\/wp\/v2\/pages\/2392","targetHints":{"allow":["GET"]}}],"collection":[{"href":"https:\/\/www.lanuitdelune.fr\/index.php\/wp-json\/wp\/v2\/pages"}],"about":[{"href":"https:\/\/www.lanuitdelune.fr\/index.php\/wp-json\/wp\/v2\/types\/page"}],"author":[{"embeddable":true,"href":"https:\/\/www.lanuitdelune.fr\/index.php\/wp-json\/wp\/v2\/users\/2"}],"replies":[{"embeddable":true,"href":"https:\/\/www.lanuitdelune.fr\/index.php\/wp-json\/wp\/v2\/comments?post=2392"}],"version-history":[{"count":1,"href":"https:\/\/www.lanuitdelune.fr\/index.php\/wp-json\/wp\/v2\/pages\/2392\/revisions"}],"predecessor-version":[{"id":2393,"href":"https:\/\/www.lanuitdelune.fr\/index.php\/wp-json\/wp\/v2\/pages\/2392\/revisions\/2393"}],"wp:attachment":[{"href":"https:\/\/www.lanuitdelune.fr\/index.php\/wp-json\/wp\/v2\/media?parent=2392"}],"curies":[{"name":"wp","href":"https:\/\/api.w.org\/{rel}","templated":true}]}}