{"id":1989,"date":"2018-03-26T14:11:46","date_gmt":"2018-03-26T13:11:46","guid":{"rendered":"http:\/\/www.lanuitdelune.fr\/?page_id=1989"},"modified":"2018-03-26T14:11:46","modified_gmt":"2018-03-26T13:11:46","slug":"resultats-en-expo-2018","status":"publish","type":"page","link":"https:\/\/www.lanuitdelune.fr\/index.php\/resultats-en-expo-2018\/","title":{"rendered":"R\u00e9sultats en expo 2018"},"content":{"rendered":"<div id=\"dslc-content\" class=\"dslc-content dslc-clearfix\"><div id=\"dslc-main\">\r\n\t\t\t<div  class=\"dslc-modules-section \" style=\"\" data-section-id=\"d3610ac0db4\">\r\n\t\t\t\t\r\n\t\t\t\t\r\n\t\t\t\t<div class=\"dslc-modules-section-wrapper dslc-clearfix\"><style type=\"text\/css\" id=\"dslca-modules-area-\"><\/style><div  class=\"dslc-modules-area dslc-col dslc-12-col dslc-last-col\" data-size=\"12\" data-valign=\"\" data-modules-area-id=\"\" >\r\n\t\t<div id=\"dslc-module-927369a6213\" class=\"dslc-module-front dslc-module-DSLC_Text_Simple dslc-in-viewport-check dslc-in-viewport-anim-none  dslc-col dslc-12-col dslc-last-col  dslc-module-handle-like-regular \" data-module-id=\"927369a6213\" data-module=\"DSLC_Text_Simple\" data-dslc-module-size=\"12\" data-dslc-anim=\"none\" data-dslc-anim-delay=\"\" data-dslc-anim-duration=\"650\"  data-dslc-anim-easing=\"ease\" data-dslc-preset=\"none\" >\r\n\r\n\t\t\t\r\n\t\t\t\r\n\t\t\r\n\t\t<div class=\"dslc-text-module-content\">\r\n\t\t\t<h4 style=\"text-align: center;\"><strong>25\/03\/2018 - Exposition canine internationale d'Angers<br><\/strong><\/h4><h5 style=\"text-align: center;\">Ville : Angers - Juge : Mme GORMAN Kathy<\/h5>\t\t<\/div>\r\n\r\n\t\t\r\n\t\t\t\t<\/div><!-- .dslc-module -->\r\n\t\t\r\n\t\t<div id=\"dslc-module-4ee079b8951\" class=\"dslc-module-front dslc-module-DSLC_Image dslc-in-viewport-check dslc-in-viewport-anim-none  dslc-col dslc-3-col  dslc-module-handle-like-regular \" data-module-id=\"4ee079b8951\" data-module=\"DSLC_Image\" data-dslc-module-size=\"3\" data-dslc-anim=\"none\" data-dslc-anim-delay=\"\" data-dslc-anim-duration=\"650\"  data-dslc-anim-easing=\"ease\" data-dslc-preset=\"none\" >\r\n\r\n\t\t\t\r\n\t\t\t\r\n\t\t\t\t<div class=\"dslc-image-container\">\r\n\t\t<div class=\"dslc-image\">\r\n\r\n\t\t\t\r\n\t\t\t\t\r\n\t\t\t\t\t\t\t\t\t<img src=\"https:\/\/www.lanuitdelune.fr\/wp-content\/uploads\/2018\/03\/29513015_10155727237788853_6967381869901250132_n.jpg\" alt=\"\" title=\"19756696_10155027579153853_6134677120888084140_n\" srcset=\"https:\/\/www.lanuitdelune.fr\/wp-content\/uploads\/2018\/03\/29513015_10155727237788853_6967381869901250132_n.jpg 960w, https:\/\/www.lanuitdelune.fr\/wp-content\/uploads\/2018\/03\/29513015_10155727237788853_6967381869901250132_n-300x225.jpg 300w, https:\/\/www.lanuitdelune.fr\/wp-content\/uploads\/2018\/03\/29513015_10155727237788853_6967381869901250132_n-768x576.jpg 768w, https:\/\/www.lanuitdelune.fr\/wp-content\/uploads\/2018\/03\/29513015_10155727237788853_6967381869901250132_n-150x113.jpg 150w\" sizes=\"(max-width: 960px) 100vw, 960px\" \/>\r\n\t\t\t\t\r\n\t\t\t\t\t\t\t\t\t<\/div><!-- .dslc-image -->\r\n\t\t<\/div>\r\n\t\t\r\n\t\t\t\t<\/div><!-- .dslc-module -->\r\n\t\t\r\n\t\t<div id=\"dslc-module-f4e76c63b20\" class=\"dslc-module-front dslc-module-DSLC_Text_Simple dslc-in-viewport-check dslc-in-viewport-anim-none  dslc-col dslc-8-col  dslc-module-handle-like-regular \" data-module-id=\"f4e76c63b20\" data-module=\"DSLC_Text_Simple\" data-dslc-module-size=\"8\" data-dslc-anim=\"none\" data-dslc-anim-delay=\"\" data-dslc-anim-duration=\"650\"  data-dslc-anim-easing=\"ease\" data-dslc-preset=\"none\" >\r\n\r\n\t\t\t\r\n\t\t\t\r\n\t\t\r\n\t\t<div class=\"dslc-text-module-content\">\r\n\t\t\t<p>Ma\u00efev Chantelombre de La Nuit d'Elune<\/p><p>Classe interm\u00e9diaire : 1\u00e8re excellente + RCACS<\/p>\t\t<\/div>\r\n\r\n\t\t\r\n\t\t\t\t<\/div><!-- .dslc-module -->\r\n\t\t\r\n\t\t<div id=\"dslc-module-816a5a69d7d\" class=\"dslc-module-front dslc-module-DSLC_Text_Simple dslc-in-viewport-check dslc-in-viewport-anim-none  dslc-col dslc-12-col  dslc-module-handle-like-regular \" data-module-id=\"816a5a69d7d\" data-module=\"DSLC_Text_Simple\" data-dslc-module-size=\"12\" data-dslc-anim=\"none\" data-dslc-anim-delay=\"\" data-dslc-anim-duration=\"650\"  data-dslc-anim-easing=\"ease\" data-dslc-preset=\"none\" >\r\n\r\n\t\t\t\r\n\t\t\t\r\n\t\t\r\n\t\t<div class=\"dslc-text-module-content\">\r\n\t\t\t<p>Tr\u00e8s jolie t\u00eate avec une bonne expression - Excellent avant\/arri\u00e8re - Excellente ossature - C\u00f4tes bien arrondies - J'aurais aim\u00e9 un rein un peu plus court - Poil de bonne texture et \u00e9pais - Mouvement Ok et tr\u00e8s \u00e9nergique.<\/p>\t\t<\/div>\r\n\r\n\t\t\r\n\t\t\t\t<\/div><!-- .dslc-module -->\r\n\t\t<\/div><\/div><\/div><\/div><\/div>","protected":false},"excerpt":{"rendered":"<p>25\/03\/2018 - Exposition canine internationale d'AngersVille : Angers - Juge : Mme GORMAN Kathy Ma\u00efev Chantelombre de La Nuit d'EluneClasse interm\u00e9diaire : 1\u00e8re excellente + RCACS Tr\u00e8s jolie t\u00eate avec une bonne expression - Excellent avant\/arri\u00e8re - Excellente ossature - C\u00f4tes bien arrondies - J'aurais aim\u00e9 un rein un peu\u2026<\/p>\n<p class=\"continue-reading-button\"> <a class=\"continue-reading-link\" href=\"https:\/\/www.lanuitdelune.fr\/index.php\/resultats-en-expo-2018\/\">Continue reading<i class=\"crycon-right-dir\"><\/i><\/a><\/p>\n","protected":false},"author":2,"featured_media":0,"parent":0,"menu_order":0,"comment_status":"closed","ping_status":"closed","template":"","meta":{"footnotes":""},"class_list":["post-1989","page","type-page","status-publish","hentry"],"_links":{"self":[{"href":"https:\/\/www.lanuitdelune.fr\/index.php\/wp-json\/wp\/v2\/pages\/1989","targetHints":{"allow":["GET"]}}],"collection":[{"href":"https:\/\/www.lanuitdelune.fr\/index.php\/wp-json\/wp\/v2\/pages"}],"about":[{"href":"https:\/\/www.lanuitdelune.fr\/index.php\/wp-json\/wp\/v2\/types\/page"}],"author":[{"embeddable":true,"href":"https:\/\/www.lanuitdelune.fr\/index.php\/wp-json\/wp\/v2\/users\/2"}],"replies":[{"embeddable":true,"href":"https:\/\/www.lanuitdelune.fr\/index.php\/wp-json\/wp\/v2\/comments?post=1989"}],"version-history":[{"count":1,"href":"https:\/\/www.lanuitdelune.fr\/index.php\/wp-json\/wp\/v2\/pages\/1989\/revisions"}],"predecessor-version":[{"id":1990,"href":"https:\/\/www.lanuitdelune.fr\/index.php\/wp-json\/wp\/v2\/pages\/1989\/revisions\/1990"}],"wp:attachment":[{"href":"https:\/\/www.lanuitdelune.fr\/index.php\/wp-json\/wp\/v2\/media?parent=1989"}],"curies":[{"name":"wp","href":"https:\/\/api.w.org\/{rel}","templated":true}]}}