{"id":1930,"date":"2017-10-17T14:07:46","date_gmt":"2017-10-17T13:07:46","guid":{"rendered":"http:\/\/www.lanuitdelune.fr\/?page_id=1930"},"modified":"2017-10-17T14:07:46","modified_gmt":"2017-10-17T13:07:46","slug":"male-ou-femelle","status":"publish","type":"page","link":"https:\/\/www.lanuitdelune.fr\/index.php\/male-ou-femelle\/","title":{"rendered":"M\u00e2le ou femelle ?"},"content":{"rendered":"<div id=\"dslc-content\" class=\"dslc-content dslc-clearfix\"><div id=\"dslc-main\">\r\n\t\t\t<div  class=\"dslc-modules-section \" style=\"\" data-section-id=\"8daa6eac11f\">\r\n\t\t\t\t\r\n\t\t\t\t\r\n\t\t\t\t<div class=\"dslc-modules-section-wrapper dslc-clearfix\"><style type=\"text\/css\" id=\"dslca-modules-area-\"><\/style><div  class=\"dslc-modules-area dslc-col dslc-12-col dslc-last-col\" data-size=\"12\" data-valign=\"\" data-modules-area-id=\"\" >\r\n\t\t<div id=\"dslc-module-c66986c8460\" class=\"dslc-module-front dslc-module-DSLC_Image dslc-in-viewport-check dslc-in-viewport-anim-none  dslc-col dslc-12-col dslc-last-col  dslc-module-handle-like-regular \" data-module-id=\"c66986c8460\" data-module=\"DSLC_Image\" data-dslc-module-size=\"12\" data-dslc-anim=\"none\" data-dslc-anim-delay=\"\" data-dslc-anim-duration=\"650\"  data-dslc-anim-easing=\"ease\" data-dslc-preset=\"none\" >\r\n\r\n\t\t\t\r\n\t\t\t\r\n\t\t\t\t<div class=\"dslc-image-container\">\r\n\t\t<div class=\"dslc-image\">\r\n\r\n\t\t\t\r\n\t\t\t\t\r\n\t\t\t\t\t\t\t\t\t<img src=\"https:\/\/www.lanuitdelune.fr\/wp-content\/uploads\/2018\/12\/48359931_10156318122983853_1036486156688031744_n-e1544970419753-650x650.jpg\" alt=\"\" title=\"\"   \/>\r\n\t\t\t\t\r\n\t\t\t\t\t\t\t\t\t<\/div><!-- .dslc-image -->\r\n\t\t<\/div>\r\n\t\t\r\n\t\t\t\t<\/div><!-- .dslc-module -->\r\n\t\t\r\n\t\t<div id=\"dslc-module-cf61985483c\" class=\"dslc-module-front dslc-module-DSLC_Text_Simple dslc-in-viewport-check dslc-in-viewport-anim-none  dslc-col dslc-12-col dslc-last-col  dslc-module-handle-like-regular \" data-module-id=\"cf61985483c\" data-module=\"DSLC_Text_Simple\" data-dslc-module-size=\"12\" data-dslc-anim=\"none\" data-dslc-anim-delay=\"\" data-dslc-anim-duration=\"650\"  data-dslc-anim-easing=\"ease\" data-dslc-preset=\"none\" >\r\n\r\n\t\t\t\r\n\t\t\t\r\n\t\t\r\n\t\t<div class=\"dslc-text-module-content\">\r\n\t\t\t<p>On me demande souvent m\u00e2le ou femelle\u00a0?<br><br>Les femelles car \u00ab\u00a0plus douces, plus c\u00e2lines\u00a0\u00bb que les m\u00e2les, \u00a0hors c\u2019est faux, les m\u00e2les peuvent \u00eatre tr\u00e8s c\u00e2lins et doux\u00a0!<br><br>Si vous n\u2019avez pas d\u2019id\u00e9e fixe sur le sexe et que vous ne souhaitez pas faire de port\u00e9e, l\u2019un ou l\u2019autre conviendra tr\u00e8s bien.<br>Tout d\u00e9pend du caract\u00e8re du chien.<br><br>Je propose de venir faire un tour \u00e0 l'\u00e9levage pour voir le caract\u00e8re des parents, les petits auront \u00e0 peu de chose pr\u00e8s, quasiment le m\u00eame que leurs parents (avec leurs petits \"trucs\" en plus quand m\u00eame :))<br><br>J\u2019essaie de choisir en fonction du caract\u00e8re recherch\u00e9 par les futurs propri\u00e9taires, si le crit\u00e8re de couleur n\u2019entre pas en jeu.<br><br>Ils peuvent \u00eatre joueur, c\u00e2lin, ind\u00e9pendant\u2026 Que ce soit un m\u00e2le ou une femelle.<br>Si on souhaite faire des port\u00e9es, il est clair qu\u2019une femelle aura des petits, le m\u00e2le n\u2019en aura pas.<br>\u00a0<br><strong><u>Pour la femelle :<\/u><\/strong><br><strong><span class=\"gras\">Id\u00e9e re\u00e7ue : <\/span><\/strong>La femelle n'est pas plus c\u00e2line qu'un m\u00e2le, elle peut m\u00eame avoir son petit caract\u00e8re durant les chaleurs.<br><br><strong><span class=\"gras\">L\u2019avantage :<\/span><\/strong> elle ne l\u00e8ve pas la patte pour faire pipi. La femelle sera morphologiquement plus petite et plus fine.<br><strong><span class=\"gras\">L\u2019inconv\u00e9nient :<\/span><\/strong> elle aura ses chaleurs tous les 6 mois pendant 3 semaines voir plus si elle n\u2019est pas st\u00e9rilis\u00e9e. Elle attirera tous les m\u00e2les du coin et risque d\u2019avoir des petits non d\u00e9sir\u00e9s si vous ne faites pas attention, c'est tr\u00e8s rapide.<br>La st\u00e9rilisation est plus co\u00fbteuse pour les femelles.<br><br><strong><u>Pour le m\u00e2le :<\/u><\/strong><br><strong><span class=\"gras\">Id\u00e9e re\u00e7ue :<\/span><\/strong> Un m\u00e2le ne l\u00e8ve pas la patte parce qu'il a envie de faire pipi, il commence seulement \u00e0 lever la patte entre 8 et 10 mois voir plus tard pour certains, c'est l'entr\u00e9e dans la \"pubert\u00e9e\".<br>Il l\u00e8ve la patte pour laisser sa \"marque\" quand des odeurs d'autres chiens sont pr\u00e9sentes. Du coup, il n'a pas de raison de faire pipi partout chez lui si la propret\u00e9 est acquise. Ca ne se passera que lors des promenades.<br><br><strong><span class=\"gras\">L\u2019avantage : <\/span><\/strong>il n\u2019a pas de chaleur, la castration est beaucoup moins on\u00e9reuse si l'on ne souhaite pas de petit. Il est plus costaud, plus poilu et plus grand que la femelle.<br><span class=\"gras\"><strong>L\u2019inconv\u00e9nient :<\/strong> si i<\/span>l reste \u00ab\u00a0entier\u00a0\u00bb il pourrait se battre avec un autre \u00ab\u00a0entier\u00a0\u00bb pour une femelle, s'il est dominant.<br>\u00a0<br>\u00a0<br>Alors, si on a pas vraiment d\u2019id\u00e9e, que l\u2019on sait que le chien sera st\u00e9rilis\u00e9, autant choisir le caract\u00e8re <img title=\"smiley\" src=\"https:\/\/eleveurs.chiens-de-france.com\/ckeditor\/plugins\/smiley\/images\/regular_smile.png\" alt=\"smiley\" data-cke-saved-src=\"https:\/\/eleveurs.chiens-de-france.com\/ckeditor\/plugins\/smiley\/images\/regular_smile.png\"><\/p>\t\t<\/div>\r\n\r\n\t\t\r\n\t\t\t\t<\/div><!-- .dslc-module -->\r\n\t\t<\/div><\/div><\/div><\/div><\/div>","protected":false},"excerpt":{"rendered":"<p>On me demande souvent m\u00e2le ou femelle\u00a0?Les femelles car \u00ab\u00a0plus douces, plus c\u00e2lines\u00a0\u00bb que les m\u00e2les, \u00a0hors c\u2019est faux, les m\u00e2les peuvent \u00eatre tr\u00e8s c\u00e2lins et doux\u00a0!Si vous n\u2019avez pas d\u2019id\u00e9e fixe sur le sexe et que vous ne souhaitez pas faire de port\u00e9e, l\u2019un ou l\u2019autre conviendra tr\u00e8s bien.Tout\u2026<\/p>\n<p class=\"continue-reading-button\"> <a class=\"continue-reading-link\" href=\"https:\/\/www.lanuitdelune.fr\/index.php\/male-ou-femelle\/\">Continue reading<i class=\"crycon-right-dir\"><\/i><\/a><\/p>\n","protected":false},"author":2,"featured_media":0,"parent":0,"menu_order":0,"comment_status":"closed","ping_status":"closed","template":"","meta":{"footnotes":""},"class_list":["post-1930","page","type-page","status-publish","hentry"],"_links":{"self":[{"href":"https:\/\/www.lanuitdelune.fr\/index.php\/wp-json\/wp\/v2\/pages\/1930","targetHints":{"allow":["GET"]}}],"collection":[{"href":"https:\/\/www.lanuitdelune.fr\/index.php\/wp-json\/wp\/v2\/pages"}],"about":[{"href":"https:\/\/www.lanuitdelune.fr\/index.php\/wp-json\/wp\/v2\/types\/page"}],"author":[{"embeddable":true,"href":"https:\/\/www.lanuitdelune.fr\/index.php\/wp-json\/wp\/v2\/users\/2"}],"replies":[{"embeddable":true,"href":"https:\/\/www.lanuitdelune.fr\/index.php\/wp-json\/wp\/v2\/comments?post=1930"}],"version-history":[{"count":1,"href":"https:\/\/www.lanuitdelune.fr\/index.php\/wp-json\/wp\/v2\/pages\/1930\/revisions"}],"predecessor-version":[{"id":1931,"href":"https:\/\/www.lanuitdelune.fr\/index.php\/wp-json\/wp\/v2\/pages\/1930\/revisions\/1931"}],"wp:attachment":[{"href":"https:\/\/www.lanuitdelune.fr\/index.php\/wp-json\/wp\/v2\/media?parent=1930"}],"curies":[{"name":"wp","href":"https:\/\/api.w.org\/{rel}","templated":true}]}}