{"id":1920,"date":"2017-10-04T13:59:31","date_gmt":"2017-10-04T12:59:31","guid":{"rendered":"http:\/\/www.lanuitdelune.fr\/?page_id=1920"},"modified":"2017-10-04T13:59:31","modified_gmt":"2017-10-04T12:59:31","slug":"dysplasie-de-la-hanche","status":"publish","type":"page","link":"https:\/\/www.lanuitdelune.fr\/index.php\/dysplasie-de-la-hanche\/","title":{"rendered":"Dysplasie de la hanche"},"content":{"rendered":"<div id=\"dslc-content\" class=\"dslc-content dslc-clearfix\"><div id=\"dslc-main\">\r\n\t\t\t<div  class=\"dslc-modules-section \" style=\"\" data-section-id=\"f368e9dd6d7\">\r\n\t\t\t\t\r\n\t\t\t\t\r\n\t\t\t\t<div class=\"dslc-modules-section-wrapper dslc-clearfix\"><style type=\"text\/css\" id=\"dslca-modules-area-\"><\/style><div  class=\"dslc-modules-area dslc-col dslc-12-col dslc-last-col\" data-size=\"12\" data-valign=\"\" data-modules-area-id=\"\" >\r\n\t\t<div id=\"dslc-module-06d374de9d9\" class=\"dslc-module-front dslc-module-DSLC_Image dslc-in-viewport-check dslc-in-viewport-anim-none  dslc-col dslc-12-col dslc-last-col  dslc-module-handle-like-regular \" data-module-id=\"06d374de9d9\" data-module=\"DSLC_Image\" data-dslc-module-size=\"12\" data-dslc-anim=\"none\" data-dslc-anim-delay=\"\" data-dslc-anim-duration=\"650\"  data-dslc-anim-easing=\"ease\" data-dslc-preset=\"none\" >\r\n\r\n\t\t\t\r\n\t\t\t\r\n\t\t\t\t<div class=\"dslc-image-container\">\r\n\t\t<div class=\"dslc-image\">\r\n\r\n\t\t\t\r\n\t\t\t\t\r\n\t\t\t\t\t\t\t\t\t<img src=\"https:\/\/www.lanuitdelune.fr\/wp-content\/uploads\/2017\/10\/dysplasie-chien.jpg\" alt=\"\" title=\"\" srcset=\"https:\/\/www.lanuitdelune.fr\/wp-content\/uploads\/2017\/10\/dysplasie-chien.jpg 250w, https:\/\/www.lanuitdelune.fr\/wp-content\/uploads\/2017\/10\/dysplasie-chien-150x112.jpg 150w\" sizes=\"(max-width: 250px) 100vw, 250px\" \/>\r\n\t\t\t\t\r\n\t\t\t\t\t\t\t\t\t<\/div><!-- .dslc-image -->\r\n\t\t<\/div>\r\n\t\t\r\n\t\t\t\t<\/div><!-- .dslc-module -->\r\n\t\t\r\n\t\t<div id=\"dslc-module-925877906e9\" class=\"dslc-module-front dslc-module-DSLC_Text_Simple dslc-in-viewport-check dslc-in-viewport-anim-none  dslc-col dslc-12-col dslc-last-col  dslc-module-handle-like-regular \" data-module-id=\"925877906e9\" data-module=\"DSLC_Text_Simple\" data-dslc-module-size=\"12\" data-dslc-anim=\"none\" data-dslc-anim-delay=\"\" data-dslc-anim-duration=\"650\"  data-dslc-anim-easing=\"ease\" data-dslc-preset=\"none\" >\r\n\r\n\t\t\t\r\n\t\t\t\r\n\t\t\r\n\t\t<div class=\"dslc-text-module-content\">\r\n\t\t\t<div>Voici un article publi\u00e9 sur Facebook, cr\u00e9\u00e9 par des v\u00e9t\u00e9rinaires. A lire :)<\/div><div>\u00a0<\/div><div class=\"_2cuy _3dgx _2vxa\"><strong>HD - DYSPLASIE DE LA HANCHE ....<\/strong><\/div><div>\u00a0<\/div><div class=\"_2cuy _3dgx _2vxa\">Au risque de me r\u00e9p\u00e9ter dans mes explications que j'ai d\u00e9j\u00e0 donn\u00e9....et aussi parce que j'ai une amie qui subit une \"chasse aux sorci\u00e8res\" actuellement sur ce probl\u00e8me (que les gens sont ignorants,corbeaux, m\u00e9chants).... GROS RAPPEL (apr\u00e8s \u00e7a, ne dites pas \"je ne savais pas\"! ).<\/div><div>\u00a0<\/div><div class=\"_2cuy _3dgx _2vxa\">LA DYSPLASIE DE LA HANCHE:<\/div><div class=\"_2cuy _3dgx _2vxa\">Plusieurs degr\u00e9s de gravit\u00e9s sont constat\u00e9s, ils donnent lieu \u00e0 un classement officiel :<\/div><ul><li class=\"_2cuy _3dgx _2vxa\">Classe A : aucun signe de dysplasie ;<\/li><li class=\"_2cuy _3dgx _2vxa\">Classe B : \u00e9tat des hanches presque normal ;<\/li><li class=\"_2cuy _3dgx _2vxa\">Classe C : dysplasie l\u00e9g\u00e8re ;<\/li><li class=\"_2cuy _3dgx _2vxa\">Classe D : dysplasie moyenne ;<\/li><li class=\"_2cuy _3dgx _2vxa\">Classe E : dysplasie grave.<\/li><\/ul><div class=\"_2cuy _3dgx _2vxa\">S'il ne fait aucun doute que la dysplasie est dans la majorit\u00e9 des cas h\u00e9r\u00e9ditaire, CE N'EST PAS LE SEUL FACTEUR EN CAUSE, la dysplasie est en fait MULTIFACTORIELLE !!!!!.<\/div><div>\u00a0<\/div><div class=\"_2cuy _3dgx _2vxa\">Le g\u00e8ne h\u00e9r\u00e9ditaire est tr\u00e8s complexe (la dysplasie ne d\u00e9pende pas d\u2019un seul g\u00e8ne mais de l\u2019influence combin\u00e9e de plusieurs g\u00e8nes) et d\u2019autre part parce que le facteur h\u00e9r\u00e9ditaire n\u2019est pas seul en cause. Cependant, tous les animaux porteurs n\u2019expriment pas la maladie. Il y a donc une difficult\u00e9 certaine \u00e0 l\u2019\u00e9radiquer par la s\u00e9lection g\u00e9n\u00e9tique. Encore l\u00e0, il est possible que les g\u00e8nes fautifs ne se soient pas manifest\u00e9s chez les parents mais qu\u2019ils se d\u00e9clarent chez le chiot.<\/div><div class=\"_2cuy _3dgx _2vxa\">Les CONDITIONS DE VIE interviennent \u00e9galement dans une proportion TR\u00c8S IMPORTANTE autant pour son apparition que pour son \u00e9volution. Ainsi faut-il \u00e9viter de trop forcer sur l' EXERCICE PHYSIQUE durant toute la p\u00e9riode de croissance du chiot. L'ALIMENTATION est \u00e9galement un facteur d\u00e9clenchant tr\u00e8s important, en particulier dans le cas d'un EXC\u00c8S de calcium ou d'une alimentation TROP RICHE en \u00e9nergie OU D\u00c9FICIENTE, une croissance TROP RAPIDE, un exc\u00e8s de POIDS. Il faut \u00e9galement \u00e9viter au chien les SOLS GLISSANTS, sources de CHUTES pouvant entra\u00eener des d\u00e9formations articulaires d\u00e9finitives, les ESCALIERS.<\/div><div>\u00a0<\/div><div class=\"_2cuy _3dgx _2vxa\">Pr\u00e9vention:<\/div><ul><li class=\"_2cuy _3dgx _2vxa\">Une alimentation adapt\u00e9e et bien \u00e9quilibr\u00e9e permettra le maintien strict du poids normal du chien ;<\/li><li class=\"_2cuy _3dgx _2vxa\">La limitation d'exercices produisant des efforts excessifs notamment pendant la p\u00e9riode de croissance.<\/li><li class=\"_2cuy _3dgx _2vxa\">Limiter la promenade \u00e0 5 minutes par mois de vie. Ainsi, un chien de 4 mois ne sortira pas plus de 20 minutes \u00e0 la fois.<\/li><li class=\"_2cuy _3dgx _2vxa\">\u00c9viter toute forme de sauts, qui pourraient blesser votre compagnon ou nuire \u00e0 ses articulations sur le long terme. Cela inclut le fait d\u2019utiliser les marches, d\u2019entrer ou de descendre d\u2019un v\u00e9hicule, de monter sur le canap\u00e9, etc.<\/li><li class=\"_2cuy _3dgx _2vxa\">\u00c9viter qu\u2019il s\u2019excite trop sur une surface glissante comme le linol\u00e9um, carrelage.... Les risques de glisser et de chuter sont alors plus importants.<\/li><li class=\"_2cuy _3dgx _2vxa\">Emp\u00eacher que votre chien se tienne sur ses pattes arri\u00e8res.<\/li><\/ul><div class=\"_2cuy _3dgx _2vxa\"><strong>Il est quasiment impossible de savoir si un chiot est atteint de dysplasie de la hanche en observant sa seule d\u00e9marche.<\/strong> Les \u00ab apprentis experts \u00bb qui dispensent leurs conseils \u00e0 tort et \u00e0 travers, affolant de cr\u00e9dules ma\u00eetres rencontr\u00e9s en promenade avec leur chiot, par des diagnostics compl\u00e8tement erron\u00e9s, se laissent souvent leurrer par une oscillation des jarrets ou par certains mouvements saccad\u00e9s du post\u00e9rieur : ces ph\u00e9nom\u00e8nes sont dus \u00e0 la croissance et ne sont en aucun cas li\u00e9s \u00e0 une quelconque pathologie.<\/div><div>\u00a0<\/div><div class=\"_2cuy _3dgx _2vxa\">Didier Jaminet & Charly St Remy.<\/div><div>\u00a0<\/div><div class=\"_2cuy _3dgx _2vxa\">(source divers : Dr Alain Fournier. Dr Guillaume Ragetly. Dr Lebernard. Point V\u00e9t\u00e9rinaire)<\/div>\t\t<\/div>\r\n\r\n\t\t\r\n\t\t\t\t<\/div><!-- .dslc-module -->\r\n\t\t<\/div><\/div><\/div>\r\n\t\t\t<div  class=\"dslc-modules-section \" style=\"\" data-section-id=\"b8435902d87\">\r\n\t\t\t\t\r\n\t\t\t\t\r\n\t\t\t\t<div class=\"dslc-modules-section-wrapper dslc-clearfix\"><style type=\"text\/css\" id=\"dslca-modules-area-\"><\/style><div  class=\"dslc-modules-area dslc-col dslc-12-col dslc-last-col\" data-size=\"12\" data-valign=\"\" data-modules-area-id=\"\" >\r\n\t\t<div id=\"dslc-module-e75a64b0a8b\" class=\"dslc-module-front dslc-module-DSLC_Text_Simple dslc-in-viewport-check dslc-in-viewport-anim-none  dslc-col dslc-12-col dslc-last-col  dslc-module-handle-like-regular \" data-module-id=\"e75a64b0a8b\" data-module=\"DSLC_Text_Simple\" data-dslc-module-size=\"12\" data-dslc-anim=\"none\" data-dslc-anim-delay=\"\" data-dslc-anim-duration=\"650\"  data-dslc-anim-easing=\"ease\" data-dslc-preset=\"none\" >\r\n\r\n\t\t\t\r\n\t\t\t\r\n\t\t\r\n\t\t<div class=\"dslc-text-module-content\">\r\n\t\t\t<p><div id=\"grid-gallery-12-66155\" data-gg-id=\"12\" data-title=\"Dysplasie\" data-grid-type=\"0\" data-offset=\"5.3\" data-area-position=\"center\" data-icons=\"\" data-preloader=\"true\" data-width=\"215\" data-height=\"215\" data-padding=\"0\" data-quicksand=\"disabled\" data-quicksand-duration=\"1800\" data-popup-theme=\"theme_6\" data-popup-type=\"pretty-photo\" data-popup-image-text=\"data-description\" data-popup-widthsize=\"auto\" data-popup-heightsize=\"auto\" data-popup-i18n-words=\"{&quot;close&quot;:&quot;fermer&quot;,&quot;next&quot;:&quot;suivant&quot;,&quot;previous&quot;:&quot;pr\\u00e9c\\u00e9dent&quot;,&quot;start_slideshow&quot;:&quot;d\\u00e9marrer le diaporama&quot;,&quot;stop_slideshow&quot;:&quot;arr\\u00e9ter le diaporama&quot;,&quot;image&quot;:&quot;image&quot;,&quot;of&quot;:&quot;de&quot;,&quot;prev&quot;:&quot;pr\\u00e9c.&quot;,&quot;cExpand&quot;:&quot;Agrandir&quot;,&quot;cPrevious&quot;:&quot;Pr\\u00e9c\\u00e9dent&quot;,&quot;cNext&quot;:&quot;Suivant&quot;,&quot;cExpandStr&quot;:&quot;Agrandir l&#039;image&quot;,&quot;cRotate&quot;:&quot;Pivoter&quot;,&quot;cDetails&quot;:&quot;Details&quot;}\" data-popup-slideshow=\"false\" data-popup-slideshow-speed=\"2500\" data-popup-hoverstop=\"true\" data-popup-slideshow-auto=\"false\" data-popup-background=\"\" data-popup-transparency=\"30\" data-popup-disable-history=\"\" data-popup-disable-changed-url=\"\" data-popup-border-type=\"\" data-popup-border-color=\"\" data-popup-border-width=\"\" data-popup-border-enable=\"\" data-fullscreen=\"false\" data-hide-tooltip=\"false\" data-caption-font-family=\"Default\" data-caption-text-size=\"140\" data-is-mobile=\"0\" data-caption-mobile=\"false\" data-hide-long-tltp-title=\"0\" data-caption-disabled-on-mobile=\"false\" data-popup-placement-type=\"0\" data-social-sharing=\"{&quot;enabled&quot;:&quot;&quot;,&quot;gallerySharing&quot;:{&quot;enabled&quot;:null,&quot;position&quot;:null},&quot;imageSharing&quot;:{&quot;enabled&quot;:null,&quot;wrapperClass&quot;:&quot; vertical &quot;},&quot;popupSharing&quot;:{&quot;enabled&quot;:null,&quot;wrapperClass&quot;:&quot; vertical &quot;}}\" class=\"grid-gallery grid-gallery-fixed \" style=\" width:100%; height:auto; margin-left:auto; margin-right:auto;position:relative;\"> <div class=\"gallery-loading\"> <div class=\"blocks\"> <div class=\"block\"><\/div> <div class=\"block\"><\/div> <div class=\"block\"><\/div> <div class=\"block\"><\/div> <\/div> <\/div> <div class=\"gallery-sharing-top\" style=\"display:none;\"> <\/div> <div id=\"photos-12\" class=\"grid-gallery-photos\"><FIGURE class=\"grid-gallery-caption\" data-grid-gallery-type=\"quarter-slide-up\" data-index=\"0\" style=\"display:none;border-radius:00;; margin:5.3px; width:2150;\" ><div class=\"crop\" style=\" width:2150; height:2150; overflow:hidden;\"><img src=\"http:\/\/www.lanuitdelune.fr\/wp-content\/uploads\/2018\/10\/dysplasie-1-215x215.jpg\" class=\"ggImg\" alt=\"dysplasie 1\" title=\"dysplasie 1\" data-description=\"dysplasie 1\" data-caption=\"dysplasie 1\" data-title=\"dysplasie 1\" style=\" width:215px; height:215px;\" \/><\/div><FIGCAPTION class=\"\" data-alpha=\"5\" style=\"color:#ffffff; background-color:#6f0000; font-size:140; text-align:2; font-family:Default;\" ><div class=\"grid-gallery-figcaption-wrap\" style=\"\"><\/div><\/FIGCAPTION><\/FIGURE><FIGURE class=\"grid-gallery-caption\" data-grid-gallery-type=\"quarter-slide-up\" data-index=\"1\" style=\"display:none;border-radius:00;; margin:5.3px; width:2150;\" ><div class=\"crop\" style=\" width:2150; height:2150; overflow:hidden;\"><img src=\"http:\/\/www.lanuitdelune.fr\/wp-content\/uploads\/2018\/10\/dysplasie-2-215x215.jpg\" class=\"ggImg\" alt=\"dysplasie 2\" title=\"dysplasie 2\" data-description=\"dysplasie 2\" data-caption=\"dysplasie 2\" data-title=\"dysplasie 2\" style=\" width:215px; height:215px;\" \/><\/div><FIGCAPTION class=\"\" data-alpha=\"5\" style=\"color:#ffffff; background-color:#6f0000; font-size:140; text-align:2; font-family:Default;\" ><div class=\"grid-gallery-figcaption-wrap\" style=\"\"><\/div><\/FIGCAPTION><\/FIGURE><FIGURE class=\"grid-gallery-caption\" data-grid-gallery-type=\"quarter-slide-up\" data-index=\"2\" style=\"display:none;border-radius:00;; margin:5.3px; width:2150;\" ><div class=\"crop\" style=\" width:2150; height:2150; overflow:hidden;\"><img src=\"http:\/\/www.lanuitdelune.fr\/wp-content\/uploads\/2018\/10\/activit\u00e9-chiot-215x215.jpg\" class=\"ggImg\" alt=\"activit\u00e9 chiot\" title=\"activit\u00e9 chiot\" data-description=\"activit\u00e9 chiot\" data-caption=\"activit\u00e9 chiot\" data-title=\"activit\u00e9 chiot\" style=\" width:215px; height:215px;\" \/><\/div><FIGCAPTION class=\"\" data-alpha=\"5\" style=\"color:#ffffff; background-color:#6f0000; font-size:140; text-align:2; font-family:Default;\" ><div class=\"grid-gallery-figcaption-wrap\" style=\"\"><\/div><\/FIGCAPTION><\/FIGURE> <div class=\"grid-gallery-clearfix\"><\/div> <\/div> <div class=\"gallery-sharing-bottom\" style=\"display:none;\"> <\/div> <div class=\"gallery-sharing-image\" style=\"display:none;\"> <\/div> <div class=\"gallery-sharing-popup\" style=\"display:none;\"> <\/div> <div class=\"grid-gallery-clearfix\"><\/div> <\/div> <!-- Gallery by Supsystic plugin1.15.33 --><a title=\"Wordpress Photo Gallery\" style=\"display:none;\" href=\"https:\/\/supsystic.com\/plugins\/photo-gallery\/?utm_medium=love_link\" target=\"_blank\">Wordpress Photo Gallery<\/a><\/p>\t\t<\/div>\r\n\r\n\t\t\r\n\t\t\t\t<\/div><!-- .dslc-module -->\r\n\t\t<\/div><\/div><\/div><\/div><\/div>","protected":false},"excerpt":{"rendered":"<p>Voici un article publi\u00e9 sur Facebook, cr\u00e9\u00e9 par des v\u00e9t\u00e9rinaires. A lire \ud83d\ude42\u00a0HD - DYSPLASIE DE LA HANCHE ....\u00a0Au risque de me r\u00e9p\u00e9ter dans mes explications que j'ai d\u00e9j\u00e0 donn\u00e9....et aussi parce que j'ai une amie qui subit une \"chasse aux sorci\u00e8res\" actuellement sur ce probl\u00e8me (que les gens sont\u2026<\/p>\n<p class=\"continue-reading-button\"> <a class=\"continue-reading-link\" href=\"https:\/\/www.lanuitdelune.fr\/index.php\/dysplasie-de-la-hanche\/\">Continue reading<i class=\"crycon-right-dir\"><\/i><\/a><\/p>\n","protected":false},"author":2,"featured_media":0,"parent":0,"menu_order":0,"comment_status":"closed","ping_status":"closed","template":"","meta":{"footnotes":""},"class_list":["post-1920","page","type-page","status-publish","hentry"],"_links":{"self":[{"href":"https:\/\/www.lanuitdelune.fr\/index.php\/wp-json\/wp\/v2\/pages\/1920","targetHints":{"allow":["GET"]}}],"collection":[{"href":"https:\/\/www.lanuitdelune.fr\/index.php\/wp-json\/wp\/v2\/pages"}],"about":[{"href":"https:\/\/www.lanuitdelune.fr\/index.php\/wp-json\/wp\/v2\/types\/page"}],"author":[{"embeddable":true,"href":"https:\/\/www.lanuitdelune.fr\/index.php\/wp-json\/wp\/v2\/users\/2"}],"replies":[{"embeddable":true,"href":"https:\/\/www.lanuitdelune.fr\/index.php\/wp-json\/wp\/v2\/comments?post=1920"}],"version-history":[{"count":1,"href":"https:\/\/www.lanuitdelune.fr\/index.php\/wp-json\/wp\/v2\/pages\/1920\/revisions"}],"predecessor-version":[{"id":1921,"href":"https:\/\/www.lanuitdelune.fr\/index.php\/wp-json\/wp\/v2\/pages\/1920\/revisions\/1921"}],"wp:attachment":[{"href":"https:\/\/www.lanuitdelune.fr\/index.php\/wp-json\/wp\/v2\/media?parent=1920"}],"curies":[{"name":"wp","href":"https:\/\/api.w.org\/{rel}","templated":true}]}}