{"id":1916,"date":"2017-10-04T13:53:53","date_gmt":"2017-10-04T12:53:53","guid":{"rendered":"http:\/\/www.lanuitdelune.fr\/?page_id=1916"},"modified":"2017-10-04T13:53:53","modified_gmt":"2017-10-04T12:53:53","slug":"apr-et-nf","status":"publish","type":"page","link":"https:\/\/www.lanuitdelune.fr\/index.php\/apr-et-nf\/","title":{"rendered":"APR et NF"},"content":{"rendered":"<div id=\"dslc-content\" class=\"dslc-content dslc-clearfix\"><div id=\"dslc-main\">\r\n\t\t\t<div  class=\"dslc-modules-section \" style=\"\" data-section-id=\"e683ad3a854\">\r\n\t\t\t\t\r\n\t\t\t\t\r\n\t\t\t\t<div class=\"dslc-modules-section-wrapper dslc-clearfix\"><style type=\"text\/css\" id=\"dslca-modules-area-\"><\/style><div  class=\"dslc-modules-area dslc-col dslc-12-col dslc-last-col\" data-size=\"12\" data-valign=\"\" data-modules-area-id=\"\" >\r\n\t\t<div id=\"dslc-module-4ef7ed9e2c9\" class=\"dslc-module-front dslc-module-DSLC_Image dslc-in-viewport-check dslc-in-viewport-anim-none  dslc-col dslc-12-col dslc-last-col  dslc-module-handle-like-regular \" data-module-id=\"4ef7ed9e2c9\" data-module=\"DSLC_Image\" data-dslc-module-size=\"12\" data-dslc-anim=\"none\" data-dslc-anim-delay=\"\" data-dslc-anim-duration=\"650\"  data-dslc-anim-easing=\"ease\" data-dslc-preset=\"none\" >\r\n\r\n\t\t\t\r\n\t\t\t\r\n\t\t\t\t<div class=\"dslc-image-container\">\r\n\t\t<div class=\"dslc-image\">\r\n\r\n\t\t\t\r\n\t\t\t\t\r\n\t\t\t\t\t\t\t\t\t<img src=\"https:\/\/www.lanuitdelune.fr\/wp-content\/uploads\/2017\/10\/accouplements_maladies_genetiques_du_chien_432_323_filled.jpg\" alt=\"\" title=\"\" srcset=\"https:\/\/www.lanuitdelune.fr\/wp-content\/uploads\/2017\/10\/accouplements_maladies_genetiques_du_chien_432_323_filled.jpg 432w, https:\/\/www.lanuitdelune.fr\/wp-content\/uploads\/2017\/10\/accouplements_maladies_genetiques_du_chien_432_323_filled-300x224.jpg 300w, https:\/\/www.lanuitdelune.fr\/wp-content\/uploads\/2017\/10\/accouplements_maladies_genetiques_du_chien_432_323_filled-150x112.jpg 150w\" sizes=\"(max-width: 432px) 100vw, 432px\" \/>\r\n\t\t\t\t\r\n\t\t\t\t\t\t\t\t\t<\/div><!-- .dslc-image -->\r\n\t\t<\/div>\r\n\t\t\r\n\t\t\t\t<\/div><!-- .dslc-module -->\r\n\t\t\r\n\t\t<div id=\"dslc-module-363db07f3b7\" class=\"dslc-module-front dslc-module-DSLC_Text_Simple dslc-in-viewport-check dslc-in-viewport-anim-none  dslc-col dslc-12-col dslc-last-col  dslc-module-handle-like-regular \" data-module-id=\"363db07f3b7\" data-module=\"DSLC_Text_Simple\" data-dslc-module-size=\"12\" data-dslc-anim=\"none\" data-dslc-anim-delay=\"\" data-dslc-anim-duration=\"650\"  data-dslc-anim-easing=\"ease\" data-dslc-preset=\"none\" >\r\n\r\n\t\t\t\r\n\t\t\t\r\n\t\t\r\n\t\t<div class=\"dslc-text-module-content\">\r\n\t\t\t<div class=\"_2cuy _3dgx _2vxa\"><strong><span class=\"_4yxo _4yxr\">L\u2019APR : Atrophie Progressive de la R\u00e9tine est une perte de vision progressive.<\/span><\/strong><\/div><div class=\"_2cuy _3dgx _2vxa\">Perte de vision progressive<\/div><div class=\"_2cuy _3dgx _2vxa\"><span class=\"_4yxo\">Description :<\/span> D\u00e9g\u00e9n\u00e9rescence progressive des b\u00e2tonnets et des c\u00f4nes<\/div><div class=\"_2cuy _3dgx _2vxa\"><span class=\"_4yxo\">Sympt\u00f4mes :<\/span> Perte de vision progressive (nocturne puis diurne) pouvant aller jusqu'\u00e0 la c\u00e9cit\u00e9 totale<\/div><div class=\"_2cuy _3dgx _2vxa\"><span class=\"_4yxo\">Age d'apparition :<\/span> Entre 2 et 12 ans<\/div><div>\u00a0<\/div><div class=\"_2cuy _3dgx _2vxa\"><em><span class=\"_4yxp\">Source : Antag\u00e8ne<\/span><\/em><\/div><div class=\"_2cuy _3dgx _2vxa\">\u00a0<\/div><div class=\"_2cuy _3dgx _2vxa\">L\u2019APR est une maladie h\u00e9r\u00e9ditaire de l\u2019\u0153il qui touche \u00e9norm\u00e9ment de races de chiens, dont le Cocker Anglais. Elle provoque la d\u00e9g\u00e9n\u00e9rescence et la mort de cellules de la r\u00e9tine. Les chiens atteints par cette maladie seront aveugles vers l\u2019\u00e2ge de 8 ans.<\/div><div class=\"_2cuy _3dgx _2vxa\">Le chien peut \u00eatre :<\/div><ul><li class=\"_2cuy _3dgx _2vxa\">sain (A) : il ne porte pas le g\u00eane, ne la transmettra donc pas \u00e0 sa descendance.<\/li><li class=\"_2cuy _3dgx _2vxa\">porteur sain (B) : il porte le g\u00eane mais ne d\u00e9clarera jamais la maladie, pourra, par contre, la transmettre \u00e0 ses descendants.<\/li><li class=\"_2cuy _3dgx _2vxa\">atteint (C) : il porte le g\u00e8ne et exprimera la maladie, sa descendance aura forc\u00e9ment des porteurs ou atteints.<\/li><\/ul><div class=\"_2cuy _3dgx _2vxa\">\u00a0<\/div><div class=\"_2cuy _3dgx _2vxa\"><strong><span class=\"_4yxo _4yxr\">La NF : N\u00e9phropathie Familiale est une insuffisance r\u00e9nale pr\u00e9coce.<\/span><\/strong><\/div><div>\u00a0<\/div><div class=\"_2cuy _3dgx _2vxa\">Insuffisance r\u00e9nale pr\u00e9coce<\/div><div class=\"_2cuy _3dgx _2vxa\"><span class=\"_4yxo\">Description :<\/span> Anomalie d'une prot\u00e9ine de la membrane basale du rein entrainant une d\u00e9t\u00e9rioration de la structure du glom\u00e9rule et sa perte de fonction<\/div><div class=\"_2cuy _3dgx _2vxa\"><span class=\"_4yxo\">Sympt\u00f4mes :<\/span> Consommation excessive d\u2019eau, volume excessif d\u2019urine, perte de poids, vomissements, diarrh\u00e9es, insuffisance r\u00e9nale progressive et irr\u00e9versible jusqu\u2019au d\u00e9c\u00e8s de l\u2019animal<\/div><div class=\"_2cuy _3dgx _2vxa\"><span class=\"_4yxo\">Age d'apparition :<\/span> Entre 6 mois et 2 ans<\/div><div>\u00a0<\/div><div class=\"_2cuy _3dgx _2vxa\"><em><span class=\"_4yxp\">Source : Antag\u00e8ne<\/span><\/em><\/div><div>\u00a0<\/div><div class=\"_2cuy _3dgx _2vxa\">C\u2019est une maladie r\u00e9nale h\u00e9r\u00e9ditaire, les signes cliniques et biologiques apparaissent le plus souvent vers l\u2019\u00e2ge de 6 mois, jusqu\u2019\u00e0 2 ans. Elle \u00e9volue inexorablement vers la mort du chiot.<\/div><div class=\"_2cuy _3dgx _2vxa\">Le chien peut \u00eatre :<\/div><ul><li class=\"_2cuy _3dgx _2vxa\">sain (A) : il ne porte pas le g\u00eane, ne la transmettra donc pas \u00e0 sa descendance.<\/li><li class=\"_2cuy _3dgx _2vxa\">porteur sain (B): il porte le g\u00eane mais ne d\u00e9clarera jamais la maladie, pourra, par contre, la transmettre \u00e0 ses descendants.<\/li><li class=\"_2cuy _3dgx _2vxa\">atteint (C) : il porte le g\u00e8ne et exprimera la maladie, sa descendance aura forc\u00e9ment des porteurs ou atteints.<\/li><\/ul><div class=\"_2cuy _3dgx _2vxa\">\u00a0<\/div><div class=\"_2cuy _3dgx _2vxa\">Il existe maintenant des tests g\u00e9n\u00e9tiques \u00e0 faire pour ne pas transmettre ces g\u00e8nes h\u00e9r\u00e9ditaires aux chiots, choisissez des chiens sains pour ne pas avoir de soucis plus tard.<\/div>\t\t<\/div>\r\n\r\n\t\t\r\n\t\t\t\t<\/div><!-- .dslc-module -->\r\n\t\t<\/div><\/div><\/div><\/div><\/div>","protected":false},"excerpt":{"rendered":"<p>L\u2019APR : Atrophie Progressive de la R\u00e9tine est une perte de vision progressive.Perte de vision progressiveDescription : D\u00e9g\u00e9n\u00e9rescence progressive des b\u00e2tonnets et des c\u00f4nesSympt\u00f4mes : Perte de vision progressive (nocturne puis diurne) pouvant aller jusqu'\u00e0 la c\u00e9cit\u00e9 totaleAge d'apparition : Entre 2 et 12 ans\u00a0Source : Antag\u00e8ne\u00a0L\u2019APR est une maladie\u2026<\/p>\n<p class=\"continue-reading-button\"> <a class=\"continue-reading-link\" href=\"https:\/\/www.lanuitdelune.fr\/index.php\/apr-et-nf\/\">Continue reading<i class=\"crycon-right-dir\"><\/i><\/a><\/p>\n","protected":false},"author":2,"featured_media":0,"parent":0,"menu_order":0,"comment_status":"closed","ping_status":"closed","template":"","meta":{"footnotes":""},"class_list":["post-1916","page","type-page","status-publish","hentry"],"_links":{"self":[{"href":"https:\/\/www.lanuitdelune.fr\/index.php\/wp-json\/wp\/v2\/pages\/1916","targetHints":{"allow":["GET"]}}],"collection":[{"href":"https:\/\/www.lanuitdelune.fr\/index.php\/wp-json\/wp\/v2\/pages"}],"about":[{"href":"https:\/\/www.lanuitdelune.fr\/index.php\/wp-json\/wp\/v2\/types\/page"}],"author":[{"embeddable":true,"href":"https:\/\/www.lanuitdelune.fr\/index.php\/wp-json\/wp\/v2\/users\/2"}],"replies":[{"embeddable":true,"href":"https:\/\/www.lanuitdelune.fr\/index.php\/wp-json\/wp\/v2\/comments?post=1916"}],"version-history":[{"count":1,"href":"https:\/\/www.lanuitdelune.fr\/index.php\/wp-json\/wp\/v2\/pages\/1916\/revisions"}],"predecessor-version":[{"id":1917,"href":"https:\/\/www.lanuitdelune.fr\/index.php\/wp-json\/wp\/v2\/pages\/1916\/revisions\/1917"}],"wp:attachment":[{"href":"https:\/\/www.lanuitdelune.fr\/index.php\/wp-json\/wp\/v2\/media?parent=1916"}],"curies":[{"name":"wp","href":"https:\/\/api.w.org\/{rel}","templated":true}]}}