{"id":1839,"date":"2017-07-27T18:36:10","date_gmt":"2017-07-27T17:36:10","guid":{"rendered":"http:\/\/www.lanuitdelune.fr\/?page_id=1839"},"modified":"2017-07-27T18:54:12","modified_gmt":"2017-07-27T17:54:12","slug":"les-retraites","status":"publish","type":"page","link":"https:\/\/www.lanuitdelune.fr\/index.php\/les-retraites\/","title":{"rendered":"Les retrait\u00e9s"},"content":{"rendered":"<div id=\"dslc-content\" class=\"dslc-content dslc-clearfix\"><div id=\"dslc-main\">\r\n\t\t\t<div  class=\"dslc-modules-section \" style=\"\" data-section-id=\"d52af37c646\">\r\n\t\t\t\t\r\n\t\t\t\t\r\n\t\t\t\t<div class=\"dslc-modules-section-wrapper dslc-clearfix\"><style type=\"text\/css\" id=\"dslca-modules-area-\"><\/style><div  class=\"dslc-modules-area dslc-col dslc-12-col dslc-last-col dslc-valign- \" data-size=\"12\" data-valign=\"\" data-modules-area-id=\"\" >\r\n\t\t<div id=\"dslc-module-7877ce98837\" class=\"dslc-module-front dslc-module-DSLC_Text_Simple dslc-in-viewport-check dslc-in-viewport-anim-none  dslc-col dslc-12-col dslc-last-col  dslc-module-handle-like-regular \" data-module-id=\"7877ce98837\" data-module=\"DSLC_Text_Simple\" data-dslc-module-size=\"12\" data-dslc-anim=\"none\" data-dslc-anim-delay=\"\" data-dslc-anim-duration=\"650\"  data-dslc-anim-easing=\"ease\" data-dslc-preset=\"none\" >\r\n\r\n\t\t\t\r\n\t\t\t\r\n\t\t\r\n\t\t<div class=\"dslc-text-module-content\">\r\n\t\t\t<p>Les retrait\u00e9s seront plac\u00e9s dans des familles choisies en fonction de leurs caract\u00e8res.<br><br>Nous pr\u00e9f\u00e9rons qu'elles soient avec des personnes qui peuvent \u00eatre avec eux toute la journ\u00e9e (t\u00e9l\u00e9travail, retraite...).<br><br>Des annonces seront publi\u00e9es pour les prochains. <\/p><p>\u00a0<\/p><p><span style=\"color: #ff0000;\">SI VOUS N'ETES PAS INTERESSES, MERCI DE NE PAS NOUS CONTACTER....<\/span><\/p>\t\t<\/div>\r\n\r\n\t\t\r\n\t\t\t\t<\/div><!-- .dslc-module -->\r\n\t\t\r\n\t\t<div id=\"dslc-module-88317843ec5\" class=\"dslc-module-front dslc-module-DSLC_Text_Simple dslc-in-viewport-check dslc-in-viewport-anim-none  dslc-col dslc-12-col dslc-last-col  dslc-module-handle-like-regular \" data-module-id=\"88317843ec5\" data-module=\"DSLC_Text_Simple\" data-dslc-module-size=\"12\" data-dslc-anim=\"none\" data-dslc-anim-delay=\"\" data-dslc-anim-duration=\"650\"  data-dslc-anim-easing=\"ease\" data-dslc-preset=\"none\" >\r\n\r\n\t\t\t\r\n\t\t\t\r\n\t\t\r\n\t\t<div class=\"dslc-text-module-content\">\r\n\t\t\t<p>Prochaine retrait\u00e9, Nova Terra... Ok veto pour une toute derni\u00e8re port\u00e9e, elle partira fin d'ann\u00e9e 2025...<br><br>Nova a besoin d'une famille qui sera l\u00e0 toute la journ\u00e9e pour elle. Tr\u00e8s c\u00e2line, elle aime les canap\u00e9s, propre, ne d\u00e9truit rien... Chienne PARFAITE !!!! <\/p><p>Son petit d\u00e9faut : Elle aime changer souvent le gout de ses croquettes.... :)<\/p><p>\u00a0<\/p>\t\t<\/div>\r\n\r\n\t\t\r\n\t\t\t\t<\/div><!-- .dslc-module -->\r\n\t\t\r\n\t\t<div id=\"dslc-module-0cf64201e8f\" class=\"dslc-module-front dslc-module-DSLC_Image dslc-in-viewport-check dslc-in-viewport-anim-none  dslc-col dslc-12-col dslc-last-col  dslc-module-handle-like-regular \" data-module-id=\"0cf64201e8f\" data-module=\"DSLC_Image\" data-dslc-module-size=\"12\" data-dslc-anim=\"none\" data-dslc-anim-delay=\"0\" data-dslc-anim-duration=\"650\"  data-dslc-anim-easing=\"ease\" data-dslc-preset=\"none\" >\r\n\r\n\t\t\t\r\n\t\t\t\r\n\t\t\t\t<div class=\"dslc-image-container\">\r\n\t\t<div class=\"dslc-image\">\r\n\r\n\t\t\t\r\n\t\t\t\t\r\n\t\t\t\t\t\t\t\t\t<img src=\"https:\/\/www.lanuitdelune.fr\/wp-content\/uploads\/2025\/03\/nova.jpg\" alt=\"\" title=\"\" srcset=\"https:\/\/www.lanuitdelune.fr\/wp-content\/uploads\/2025\/03\/nova.jpg 1536w, https:\/\/www.lanuitdelune.fr\/wp-content\/uploads\/2025\/03\/nova-225x300.jpg 225w, https:\/\/www.lanuitdelune.fr\/wp-content\/uploads\/2025\/03\/nova-768x1024.jpg 768w, https:\/\/www.lanuitdelune.fr\/wp-content\/uploads\/2025\/03\/nova-1152x1536.jpg 1152w, https:\/\/www.lanuitdelune.fr\/wp-content\/uploads\/2025\/03\/nova-113x150.jpg 113w\" sizes=\"(max-width: 1536px) 100vw, 1536px\" \/>\r\n\t\t\t\t\r\n\t\t\t\t\t\t\t\t\t<\/div><!-- .dslc-image -->\r\n\t\t<\/div>\r\n\t\t\r\n\t\t\t\t<\/div><!-- .dslc-module -->\r\n\t\t<\/div><\/div><\/div><\/div><input type=\"hidden\" id=\"dslca-post-data-thumb\" value=\"https:\/\/www.lanuitdelune.fr\/wp-content\/uploads\/2016\/11\/15241326_10154330847813853_1880636368234279910_n.jpg\" \/><\/div>","protected":false},"excerpt":{"rendered":"<p>Les retrait\u00e9s seront plac\u00e9s dans des familles choisies en fonction de leurs caract\u00e8res.Nous pr\u00e9f\u00e9rons qu'elles soient avec des personnes qui peuvent \u00eatre avec eux toute la journ\u00e9e (t\u00e9l\u00e9travail, retraite...).Des annonces seront publi\u00e9es pour les prochains. \u00a0SI VOUS N'ETES PAS INTERESSES, MERCI DE NE PAS NOUS CONTACTER.... Prochaine retrait\u00e9, Nova Terra...\u2026<\/p>\n<p class=\"continue-reading-button\"> <a class=\"continue-reading-link\" href=\"https:\/\/www.lanuitdelune.fr\/index.php\/les-retraites\/\">Continue reading<i class=\"crycon-right-dir\"><\/i><\/a><\/p>\n","protected":false},"author":2,"featured_media":1660,"parent":0,"menu_order":0,"comment_status":"closed","ping_status":"closed","template":"","meta":{"footnotes":""},"class_list":["post-1839","page","type-page","status-publish","has-post-thumbnail","hentry"],"_links":{"self":[{"href":"https:\/\/www.lanuitdelune.fr\/index.php\/wp-json\/wp\/v2\/pages\/1839","targetHints":{"allow":["GET"]}}],"collection":[{"href":"https:\/\/www.lanuitdelune.fr\/index.php\/wp-json\/wp\/v2\/pages"}],"about":[{"href":"https:\/\/www.lanuitdelune.fr\/index.php\/wp-json\/wp\/v2\/types\/page"}],"author":[{"embeddable":true,"href":"https:\/\/www.lanuitdelune.fr\/index.php\/wp-json\/wp\/v2\/users\/2"}],"replies":[{"embeddable":true,"href":"https:\/\/www.lanuitdelune.fr\/index.php\/wp-json\/wp\/v2\/comments?post=1839"}],"version-history":[{"count":3,"href":"https:\/\/www.lanuitdelune.fr\/index.php\/wp-json\/wp\/v2\/pages\/1839\/revisions"}],"predecessor-version":[{"id":1843,"href":"https:\/\/www.lanuitdelune.fr\/index.php\/wp-json\/wp\/v2\/pages\/1839\/revisions\/1843"}],"wp:featuredmedia":[{"embeddable":true,"href":"https:\/\/www.lanuitdelune.fr\/index.php\/wp-json\/wp\/v2\/media\/1660"}],"wp:attachment":[{"href":"https:\/\/www.lanuitdelune.fr\/index.php\/wp-json\/wp\/v2\/media?parent=1839"}],"curies":[{"name":"wp","href":"https:\/\/api.w.org\/{rel}","templated":true}]}}