{"id":158,"date":"2016-02-08T20:12:23","date_gmt":"2016-02-08T19:12:23","guid":{"rendered":"http:\/\/www.lanuitdelune.fr\/?page_id=158"},"modified":"2025-10-30T22:57:39","modified_gmt":"2025-10-30T21:57:39","slug":"nos-femelles","status":"publish","type":"page","link":"https:\/\/www.lanuitdelune.fr\/index.php\/nos-femelles\/","title":{"rendered":"Nos femelles"},"content":{"rendered":"<div id=\"dslc-content\" class=\"dslc-content dslc-clearfix\"><div id=\"dslc-main\">\r\n\t\t\t<div  class=\"dslc-modules-section \" style=\"\" data-section-id=\"5487281330e\">\r\n\t\t\t\t\r\n\t\t\t\t\r\n\t\t\t\t<div class=\"dslc-modules-section-wrapper dslc-clearfix\"><style type=\"text\/css\" id=\"dslca-modules-area-\"><\/style><div  class=\"dslc-modules-area dslc-col dslc-12-col dslc-last-col dslc-valign- \" data-size=\"12\" data-valign=\"\" data-modules-area-id=\"\" >\r\n\t\t<div id=\"dslc-module-289\" class=\"dslc-module-front dslc-module-DSLC_Separator dslc-in-viewport-check dslc-in-viewport-anim-none  dslc-col dslc-12-col dslc-last-col  dslc-module-handle-like-regular \" data-module-id=\"289\" data-module=\"DSLC_Separator\" data-dslc-module-size=\"12\" data-dslc-anim=\"none\" data-dslc-anim-delay=\"0\" data-dslc-anim-duration=\"650\"  data-dslc-anim-easing=\"ease\" data-dslc-preset=\"none\" >\r\n\r\n\t\t\t\r\n\t\t\t\r\n\t\t\t\t\t<div class=\"dslc-separator-wrapper\">\r\n\t\t\t\t<div class=\"dslc-separator dslc-separator-style-solid\">\r\n\t\t\t\t\t\t\t\t\t<\/div>\r\n\t\t\t\t<div><\/div>\r\n\t\t\t<\/div><!-- .dslc-separator-wrapper -->\r\n\t\t\t\r\n\t\t\t\t<\/div><!-- .dslc-module -->\r\n\t\t\r\n\t\t<div id=\"dslc-module-295\" class=\"dslc-module-front dslc-module-DSLC_Separator dslc-in-viewport-check dslc-in-viewport-anim-none  dslc-col dslc-12-col dslc-last-col  dslc-module-handle-like-regular \" data-module-id=\"295\" data-module=\"DSLC_Separator\" data-dslc-module-size=\"12\" data-dslc-anim=\"none\" data-dslc-anim-delay=\"0\" data-dslc-anim-duration=\"650\"  data-dslc-anim-easing=\"ease\" data-dslc-preset=\"none\" >\r\n\r\n\t\t\t\r\n\t\t\t\r\n\t\t\t\t\t<div class=\"dslc-separator-wrapper\">\r\n\t\t\t\t<div class=\"dslc-separator dslc-separator-style-solid\">\r\n\t\t\t\t\t\t\t\t\t<\/div>\r\n\t\t\t\t<div><\/div>\r\n\t\t\t<\/div><!-- .dslc-separator-wrapper -->\r\n\t\t\t\r\n\t\t\t\t<\/div><!-- .dslc-module -->\r\n\t\t\r\n\t\t<div id=\"dslc-module-296\" class=\"dslc-module-front dslc-module-DSLC_Image dslc-in-viewport-check dslc-in-viewport-anim-none  dslc-col dslc-6-col  dslc-module-handle-like-regular \" data-module-id=\"296\" data-module=\"DSLC_Image\" data-dslc-module-size=\"6\" data-dslc-anim=\"none\" data-dslc-anim-delay=\"0\" data-dslc-anim-duration=\"650\"  data-dslc-anim-easing=\"ease\" data-dslc-preset=\"none\" >\r\n\r\n\t\t\t\r\n\t\t\t\r\n\t\t\t\t<div class=\"dslc-image-container\">\r\n\t\t<div class=\"dslc-image\">\r\n\r\n\t\t\t\r\n\t\t\t\t\r\n\t\t\t\t\t\t\t\t\t<img src=\"https:\/\/www.lanuitdelune.fr\/wp-content\/uploads\/2016\/11\/liara-logo-1-e1478774949523.jpg\" alt=\"\" title=\"\"   \/>\r\n\t\t\t\t\r\n\t\t\t\t\t\t\t\t\t<\/div><!-- .dslc-image -->\r\n\t\t<\/div>\r\n\t\t\r\n\t\t\t\t<\/div><!-- .dslc-module -->\r\n\t\t\r\n\t\t<div id=\"dslc-module-297\" class=\"dslc-module-front dslc-module-DSLC_Image dslc-in-viewport-check dslc-in-viewport-anim-none  dslc-col dslc-6-col dslc-last-col  dslc-module-handle-like-regular \" data-module-id=\"297\" data-module=\"DSLC_Image\" data-dslc-module-size=\"6\" data-dslc-anim=\"none\" data-dslc-anim-delay=\"0\" data-dslc-anim-duration=\"650\"  data-dslc-anim-easing=\"ease\" data-dslc-preset=\"none\" >\r\n\r\n\t\t\t\r\n\t\t\t\r\n\t\t\t\t<div class=\"dslc-image-container\">\r\n\t\t<div class=\"dslc-image\">\r\n\r\n\t\t\t\r\n\t\t\t\t\r\n\t\t\t\t\t\t\t\t\t<a class=\"\" href=\"http:\/\/delanuitdelune.chiens-de-france.com\/cocker-spaniel-anglais,de-la-nuit-d-elune,chiens-fiche,liara-du-parfum-de-vanille,49431,1004594.html\" target=\"_self\"  >\r\n\t\t\t\t\t\t\t\t\t<img src=\"https:\/\/www.lanuitdelune.fr\/wp-content\/uploads\/2016\/07\/la-nuit-delune-sur-chiens-de-france.jpg\" alt=\"\" title=\"\" srcset=\"https:\/\/www.lanuitdelune.fr\/wp-content\/uploads\/2016\/07\/la-nuit-delune-sur-chiens-de-france.jpg 556w, https:\/\/www.lanuitdelune.fr\/wp-content\/uploads\/2016\/07\/la-nuit-delune-sur-chiens-de-france-300x131.jpg 300w, https:\/\/www.lanuitdelune.fr\/wp-content\/uploads\/2016\/07\/la-nuit-delune-sur-chiens-de-france-250x109.jpg 250w, https:\/\/www.lanuitdelune.fr\/wp-content\/uploads\/2016\/07\/la-nuit-delune-sur-chiens-de-france-150x65.jpg 150w\" sizes=\"(max-width: 556px) 100vw, 556px\" \/>\r\n\t\t\t\t\t\t\t\t\t<\/a>\r\n\t\t\t\t\r\n\t\t\t\t\r\n\t\t\t\t\t<div class=\"dslc-image-caption\">\r\n\r\n\t\t\t\t\t\t\t\t\t\t\t\t\tVoir le pedigree de Liara sur Chiens de France<br>\t\t\t\t\t\t\t\t\t\t\t<\/div>\r\n\t\t\t\t\t\t\t\t\t<\/div><!-- .dslc-image -->\r\n\t\t<\/div>\r\n\t\t\r\n\t\t\t\t<\/div><!-- .dslc-module -->\r\n\t\t\r\n\t\t<div id=\"dslc-module-298\" class=\"dslc-module-front dslc-module-DSLC_Text_Simple dslc-in-viewport-check dslc-in-viewport-anim-none  dslc-col dslc-12-col dslc-last-col  dslc-module-handle-like-regular \" data-module-id=\"298\" data-module=\"DSLC_Text_Simple\" data-dslc-module-size=\"12\" data-dslc-anim=\"none\" data-dslc-anim-delay=\"\" data-dslc-anim-duration=\"650\"  data-dslc-anim-easing=\"ease\" data-dslc-preset=\"none\" >\r\n\r\n\t\t\t\r\n\t\t\t\r\n\t\t\r\n\t\t<div class=\"dslc-text-module-content\">\r\n\t\t\t<p style=\"text-align: center;\">Liara du Parfum de Vanille, LOF et confirm\u00e9e.<\/p><p style=\"text-align: center;\">Saine APR et NF par h\u00e9r\u00e9dit\u00e9, identifi\u00e9e g\u00e9n\u00e9tiquement.<\/p>\t\t<\/div>\r\n\r\n\t\t\r\n\t\t\t\t<\/div><!-- .dslc-module -->\r\n\t\t\r\n\t\t<div id=\"dslc-module-299\" class=\"dslc-module-front dslc-module-DSLC_Separator dslc-in-viewport-check dslc-in-viewport-anim-none  dslc-col dslc-12-col dslc-last-col  dslc-module-handle-like-regular \" data-module-id=\"299\" data-module=\"DSLC_Separator\" data-dslc-module-size=\"12\" data-dslc-anim=\"none\" data-dslc-anim-delay=\"0\" data-dslc-anim-duration=\"650\"  data-dslc-anim-easing=\"ease\" data-dslc-preset=\"none\" >\r\n\r\n\t\t\t\r\n\t\t\t\r\n\t\t\t\t\t<div class=\"dslc-separator-wrapper\">\r\n\t\t\t\t<div class=\"dslc-separator dslc-separator-style-solid\">\r\n\t\t\t\t\t\t\t\t\t<\/div>\r\n\t\t\t\t<div><\/div>\r\n\t\t\t<\/div><!-- .dslc-separator-wrapper -->\r\n\t\t\t\r\n\t\t\t\t<\/div><!-- .dslc-module -->\r\n\t\t\r\n\t\t<div id=\"dslc-module-shsqr8cermg\" class=\"dslc-module-front dslc-module-DSLC_Image dslc-in-viewport-check dslc-in-viewport-anim-none  dslc-col dslc-6-col  dslc-module-handle-like-regular \" data-module-id=\"shsqr8cermg\" data-module=\"DSLC_Image\" data-dslc-module-size=\"6\" data-dslc-anim=\"none\" data-dslc-anim-delay=\"0\" data-dslc-anim-duration=\"650\"  data-dslc-anim-easing=\"ease\" data-dslc-preset=\"none\" >\r\n\r\n\t\t\t\r\n\t\t\t\r\n\t\t\t\t<div class=\"dslc-image-container\">\r\n\t\t<div class=\"dslc-image\">\r\n\r\n\t\t\t\r\n\t\t\t\t\r\n\t\t\t\t\t\t\t\t\t<a class=\"\" href=\"http:\/\/delanuitdelune.chiens-de-france.com\/cocker-spaniel-anglais,de-la-nuit-d-elune,chiens-fiche,ma%EF%BF%BDev-chantelombre-de-la-nuit-d-elune,49431,1018097.html\" target=\"_self\"  >\r\n\t\t\t\t\t\t\t\t\t<img src=\"https:\/\/www.lanuitdelune.fr\/wp-content\/uploads\/2016\/07\/la-nuit-delune-sur-chiens-de-france.jpg\" alt=\"\" title=\"\" srcset=\"https:\/\/www.lanuitdelune.fr\/wp-content\/uploads\/2016\/07\/la-nuit-delune-sur-chiens-de-france.jpg 556w, https:\/\/www.lanuitdelune.fr\/wp-content\/uploads\/2016\/07\/la-nuit-delune-sur-chiens-de-france-300x131.jpg 300w, https:\/\/www.lanuitdelune.fr\/wp-content\/uploads\/2016\/07\/la-nuit-delune-sur-chiens-de-france-250x109.jpg 250w, https:\/\/www.lanuitdelune.fr\/wp-content\/uploads\/2016\/07\/la-nuit-delune-sur-chiens-de-france-150x65.jpg 150w\" sizes=\"(max-width: 556px) 100vw, 556px\" \/>\r\n\t\t\t\t\t\t\t\t\t<\/a>\r\n\t\t\t\t\r\n\t\t\t\t\r\n\t\t\t\t\t<div class=\"dslc-image-caption\">\r\n\r\n\t\t\t\t\t\t\t\t\t\t\t\t\tVoir le pedigree de Ma\u00efev sur Chiens de France<br>\t\t\t\t\t\t\t\t\t\t\t<\/div>\r\n\t\t\t\t\t\t\t\t\t<\/div><!-- .dslc-image -->\r\n\t\t<\/div>\r\n\t\t\r\n\t\t\t\t<\/div><!-- .dslc-module -->\r\n\t\t\r\n\t\t<div id=\"dslc-module-sr8g0h1er1s\" class=\"dslc-module-front dslc-module-DSLC_Image dslc-in-viewport-check dslc-in-viewport-anim-none  dslc-col dslc-6-col dslc-last-col  dslc-module-handle-like-regular \" data-module-id=\"sr8g0h1er1s\" data-module=\"DSLC_Image\" data-dslc-module-size=\"6\" data-dslc-anim=\"none\" data-dslc-anim-delay=\"\" data-dslc-anim-duration=\"650\"  data-dslc-anim-easing=\"ease\" data-dslc-preset=\"none\" >\r\n\r\n\t\t\t\r\n\t\t\t\r\n\t\t\t\t<div class=\"dslc-image-container\">\r\n\t\t<div class=\"dslc-image\">\r\n\r\n\t\t\t\r\n\t\t\t\t\r\n\t\t\t\t\t\t\t\t\t<img src=\"https:\/\/www.lanuitdelune.fr\/wp-content\/uploads\/2017\/11\/20170709_194613-e1511188127685.jpg\" alt=\"\" title=\"\"   \/>\r\n\t\t\t\t\r\n\t\t\t\t\t\t\t\t\t<\/div><!-- .dslc-image -->\r\n\t\t<\/div>\r\n\t\t\r\n\t\t\t\t<\/div><!-- .dslc-module -->\r\n\t\t\r\n\t\t<div id=\"dslc-module-298\" class=\"dslc-module-front dslc-module-DSLC_Text_Simple dslc-in-viewport-check dslc-in-viewport-anim-none  dslc-col dslc-12-col dslc-last-col  dslc-module-handle-like-regular \" data-module-id=\"298\" data-module=\"DSLC_Text_Simple\" data-dslc-module-size=\"12\" data-dslc-anim=\"none\" data-dslc-anim-delay=\"\" data-dslc-anim-duration=\"650\"  data-dslc-anim-easing=\"ease\" data-dslc-preset=\"none\" >\r\n\r\n\t\t\t\r\n\t\t\t\r\n\t\t\r\n\t\t<div class=\"dslc-text-module-content\">\r\n\t\t\t<p style=\"text-align: center;\">Ma\u00efev Chantelombre de La Nuit d'Elune, LOF et confirm\u00e9e.<\/p><p style=\"text-align: center;\">\u00a0<\/p><p style=\"text-align: center;\">Saine APR et NF par h\u00e9r\u00e9dit\u00e9, identifi\u00e9e g\u00e9n\u00e9tiquement.<\/p>\t\t<\/div>\r\n\r\n\t\t\r\n\t\t\t\t<\/div><!-- .dslc-module -->\r\n\t\t\r\n\t\t<div id=\"dslc-module-i3i50b6mr0g\" class=\"dslc-module-front dslc-module-DSLC_Separator dslc-in-viewport-check dslc-in-viewport-anim-none  dslc-col dslc-12-col dslc-last-col  dslc-module-handle-like-regular \" data-module-id=\"i3i50b6mr0g\" data-module=\"DSLC_Separator\" data-dslc-module-size=\"12\" data-dslc-anim=\"none\" data-dslc-anim-delay=\"0\" data-dslc-anim-duration=\"650\"  data-dslc-anim-easing=\"ease\" data-dslc-preset=\"none\" >\r\n\r\n\t\t\t\r\n\t\t\t\r\n\t\t\t\t\t<div class=\"dslc-separator-wrapper\">\r\n\t\t\t\t<div class=\"dslc-separator dslc-separator-style-solid\">\r\n\t\t\t\t\t\t\t\t\t<\/div>\r\n\t\t\t\t<div><\/div>\r\n\t\t\t<\/div><!-- .dslc-separator-wrapper -->\r\n\t\t\t\r\n\t\t\t\t<\/div><!-- .dslc-module -->\r\n\t\t\r\n\t\t<div id=\"dslc-module-300\" class=\"dslc-module-front dslc-module-DSLC_Text_Simple dslc-in-viewport-check dslc-in-viewport-anim-none  dslc-col dslc-12-col dslc-last-col  dslc-module-handle-like-regular \" data-module-id=\"300\" data-module=\"DSLC_Text_Simple\" data-dslc-module-size=\"12\" data-dslc-anim=\"none\" data-dslc-anim-delay=\"0\" data-dslc-anim-duration=\"650\"  data-dslc-anim-easing=\"ease\" data-dslc-preset=\"none\" >\r\n\r\n\t\t\t\r\n\t\t\t\r\n\t\t\r\n\t\t<div class=\"dslc-text-module-content\">\r\n\t\t\t<div id=\"dslc-module-281\" class=\"dslc-module-front dslc-module-DSLC_Text_Simple dslc-in-viewport-check dslc-in-viewport-anim-none  dslc-col dslc-12-col dslc-last-col  dslc-module-handle-like-regular  dslc-in-viewport\" data-module-id=\"281\" data-dslc-module-id=\"DSLC_Text_Simple\" data-dslc-module-size=\"12\" data-dslc-anim=\"none\" data-dslc-anim-delay=\"0\" data-dslc-anim-duration=\"650\" data-dslc-anim-easing=\"ease\" data-dslc-preset=\"none\"><div class=\"dslc-text-module-content\"><p style=\"text-align: center;\">\u00a0<\/p><p style=\"text-align: center;\"><span style=\"text-decoration: underline;\"><strong>L\u2019APR : Atrophie Progressive de la R\u00e9tine est une perte de vision progressive.<\/strong><\/span><\/p><p style=\"text-align: center;\">C\u2019est une maladie qui provoque la perte de vision progressive, pouvant aller jusqu\u2019\u00e0 la c\u00e9cit\u00e9 totale, <br>appara\u00eet en g\u00e9n\u00e9ral entre 2 et 12 ans.<\/p><p style=\"text-align: center;\"><span style=\"text-decoration: underline;\"><strong>La NF : N\u00e9phropathie Familiale est une insuffisance r\u00e9nale pr\u00e9coce.<\/strong><\/span><\/p><p style=\"text-align: center;\">Cette maladie provoque une consommation excessive d\u2019eau, un volume excessif d\u2019urine, une perte de poids, des vomissements, <br>des diarrh\u00e9es, une insuffisance r\u00e9nale progressive et irr\u00e9versible jusqu\u2019au d\u00e9c\u00e8s de l\u2019animal.<\/p><\/div><\/div>\t\t<\/div>\r\n\r\n\t\t\r\n\t\t\t\t<\/div><!-- .dslc-module -->\r\n\t\t\r\n\t\t<div id=\"dslc-module-e01ns0vk6rg\" class=\"dslc-module-front dslc-module-DSLC_Separator dslc-in-viewport-check dslc-in-viewport-anim-none  dslc-col dslc-12-col dslc-last-col  dslc-module-handle-like-regular \" data-module-id=\"e01ns0vk6rg\" data-module=\"DSLC_Separator\" data-dslc-module-size=\"12\" data-dslc-anim=\"none\" data-dslc-anim-delay=\"0\" data-dslc-anim-duration=\"650\"  data-dslc-anim-easing=\"ease\" data-dslc-preset=\"none\" >\r\n\r\n\t\t\t\r\n\t\t\t\r\n\t\t\t\t\t<div class=\"dslc-separator-wrapper\">\r\n\t\t\t\t<div class=\"dslc-separator dslc-separator-style-solid\">\r\n\t\t\t\t\t\t\t\t\t<\/div>\r\n\t\t\t\t<div><\/div>\r\n\t\t\t<\/div><!-- .dslc-separator-wrapper -->\r\n\t\t\t\r\n\t\t\t\t<\/div><!-- .dslc-module -->\r\n\t\t<\/div><\/div><\/div><\/div><input type=\"hidden\" id=\"dslca-post-data-thumb\" value=\"https:\/\/www.lanuitdelune.fr\/wp-content\/uploads\/2016\/02\/gaia-1-e1474546667293.jpg\" \/><\/div>","protected":false},"excerpt":{"rendered":"<p>Voir le pedigree de Liara sur Chiens de France Liara du Parfum de Vanille, LOF et confirm\u00e9e.Saine APR et NF par h\u00e9r\u00e9dit\u00e9, identifi\u00e9e g\u00e9n\u00e9tiquement. Voir le pedigree de Ma\u00efev sur Chiens de France Ma\u00efev Chantelombre de La Nuit d'Elune, LOF et confirm\u00e9e.\u00a0Saine APR et NF par h\u00e9r\u00e9dit\u00e9, identifi\u00e9e g\u00e9n\u00e9tiquement. \u00a0L\u2019APR\u2026<\/p>\n<p class=\"continue-reading-button\"> <a class=\"continue-reading-link\" href=\"https:\/\/www.lanuitdelune.fr\/index.php\/nos-femelles\/\">Continue reading<i class=\"crycon-right-dir\"><\/i><\/a><\/p>\n","protected":false},"author":2,"featured_media":1142,"parent":0,"menu_order":0,"comment_status":"closed","ping_status":"closed","template":"","meta":{"footnotes":""},"class_list":["post-158","page","type-page","status-publish","has-post-thumbnail","hentry"],"_links":{"self":[{"href":"https:\/\/www.lanuitdelune.fr\/index.php\/wp-json\/wp\/v2\/pages\/158","targetHints":{"allow":["GET"]}}],"collection":[{"href":"https:\/\/www.lanuitdelune.fr\/index.php\/wp-json\/wp\/v2\/pages"}],"about":[{"href":"https:\/\/www.lanuitdelune.fr\/index.php\/wp-json\/wp\/v2\/types\/page"}],"author":[{"embeddable":true,"href":"https:\/\/www.lanuitdelune.fr\/index.php\/wp-json\/wp\/v2\/users\/2"}],"replies":[{"embeddable":true,"href":"https:\/\/www.lanuitdelune.fr\/index.php\/wp-json\/wp\/v2\/comments?post=158"}],"version-history":[{"count":16,"href":"https:\/\/www.lanuitdelune.fr\/index.php\/wp-json\/wp\/v2\/pages\/158\/revisions"}],"predecessor-version":[{"id":2663,"href":"https:\/\/www.lanuitdelune.fr\/index.php\/wp-json\/wp\/v2\/pages\/158\/revisions\/2663"}],"wp:featuredmedia":[{"embeddable":true,"href":"https:\/\/www.lanuitdelune.fr\/index.php\/wp-json\/wp\/v2\/media\/1142"}],"wp:attachment":[{"href":"https:\/\/www.lanuitdelune.fr\/index.php\/wp-json\/wp\/v2\/media?parent=158"}],"curies":[{"name":"wp","href":"https:\/\/api.w.org\/{rel}","templated":true}]}}