{"id":1389,"date":"2016-07-11T22:27:40","date_gmt":"2016-07-11T21:27:40","guid":{"rendered":"http:\/\/www.lanuitdelune.fr\/?page_id=1389"},"modified":"2025-03-19T11:55:41","modified_gmt":"2025-03-19T10:55:41","slug":"sites-partenaires","status":"publish","type":"page","link":"https:\/\/www.lanuitdelune.fr\/index.php\/sites-partenaires\/","title":{"rendered":"Liens utiles"},"content":{"rendered":"<div id=\"dslc-theme-content\"><div id=\"dslc-theme-content-inner\">\n<h5 class=\"wp-block-heading\">Formations en ligne pour \u00e9duquer son chiot\/chien, vous avez un acc\u00e8s \u00e0 vie \u00e0 toutes les vid\u00e9os \ud83d\ude42<\/h5>\n\n\n\n<figure class=\"wp-block-image size-large\"><img loading=\"lazy\" decoding=\"async\" width=\"1024\" height=\"1024\" src=\"https:\/\/www.lanuitdelune.fr\/wp-content\/uploads\/2025\/03\/Visuel-esprit-dog-1-1024x1024.jpg\" alt=\"\" class=\"wp-image-2651\" srcset=\"https:\/\/www.lanuitdelune.fr\/wp-content\/uploads\/2025\/03\/Visuel-esprit-dog-1-1024x1024.jpg 1024w, https:\/\/www.lanuitdelune.fr\/wp-content\/uploads\/2025\/03\/Visuel-esprit-dog-1-300x300.jpg 300w, https:\/\/www.lanuitdelune.fr\/wp-content\/uploads\/2025\/03\/Visuel-esprit-dog-1-150x150.jpg 150w, https:\/\/www.lanuitdelune.fr\/wp-content\/uploads\/2025\/03\/Visuel-esprit-dog-1-768x768.jpg 768w, https:\/\/www.lanuitdelune.fr\/wp-content\/uploads\/2025\/03\/Visuel-esprit-dog-1.jpg 1200w\" sizes=\"auto, (max-width: 1024px) 100vw, 1024px\" \/><\/figure>\n\n\n\n<h4 class=\"wp-block-heading\"><a href=\"https:\/\/www.espritdog.com\/\"><strong>Esprit Dog<\/strong><\/a><\/h4>\n\n\n\n<h5 class=\"wp-block-heading\">Code promo sur ces 3 formations (NUITDELUNE) :<\/h5>\n\n\n\n<p>Esprit Dog Chiot -&gt; <a href=\"https:\/\/www.espritdog.com\/chiot\">https:\/\/www.espritdog.com\/chiot<\/a><\/p>\n\n\n\n<ul class=\"wp-block-list\">\n<li>Film\u00e9 en temps r\u00e9el avec un chiot<\/li>\n\n\n\n<li>Pour les chiots de 0 \u00e0 1 an<\/li>\n\n\n\n<li>Tous les conseils d\u00e8s son arriv\u00e9e \u00e0 la maison<\/li>\n<\/ul>\n\n\n\n<p>Esprit Dog Family -&gt; <a href=\"https:\/\/www.espritdog.com\/esprit-dog-family\/\">https:\/\/www.espritdog.com\/esprit-dog-family<\/a><\/p>\n\n\n\n<ul class=\"wp-block-list\">\n<li>Plus de 250 exercices en vid\u00e9o<\/li>\n\n\n\n<li>Toutes les cl\u00e9s pour \u00e9duquer votre chien<\/li>\n\n\n\n<li>10 fois moins cher qu'un \u00e9ducateur canin<\/li>\n<\/ul>\n\n\n\n<p>Esprit Dog Senior -&gt; <a href=\"https:\/\/www.espritdog.com\/esprit-dog-chien-senior\/\">https:\/\/www.espritdog.com\/esprit-dog-senior<\/a><\/p>\n\n\n\n<ul class=\"wp-block-list\">\n<li>Tout pour garder votre chien en bonne sant\u00e9<\/li>\n\n\n\n<li>Comment g\u00e9rer les situations de la vie quotidienne<\/li>\n\n\n\n<li>Des exercices adapt\u00e9s pour le stimuler<\/li>\n<\/ul>\n\n\n\n<p><br><br>B\u00e9n\u00e9ficiez d'une remise avec le code promo \"NUITDELUNE\" sur les formations Esprit Dog Chiot\/Family\/Senior \ud83d\ude42<\/p>\n\n\n\n<p>Nous sommes en partenariat avec ces formations qui son vraiment tr\u00e8s bien faites, utiles et tr\u00e8s bien expliqu\u00e9es sur l'\u00e9ducation.<\/p>\n\n\n<h2 style=\"text-align: center;\"><span style=\"text-decoration: underline;\">Soci\u00e9t\u00e9 Centrale Canine :<\/span><\/h2>\n<p style=\"text-align: center;\"><span class=\"lien-text\">Association dont le but est d'am\u00e9liorer, de conduire et de rapprocher le monde du chien de race.<\/span><\/p>\n<p><a href=\"www.scc.fr\" target=\"_blank\" rel=\"noopener noreferrer\"><img loading=\"lazy\" decoding=\"async\" class=\"alignnone wp-image-1413 size-thumbnail aligncenter\" src=\"https:\/\/www.lanuitdelune.fr\/wp-content\/uploads\/2016\/07\/LOGO-SCC-POSITIF-RVB-150x150.jpg\" alt=\"LOGO SCC POSITIF-RVB\" width=\"150\" height=\"150\" srcset=\"https:\/\/www.lanuitdelune.fr\/wp-content\/uploads\/2016\/07\/LOGO-SCC-POSITIF-RVB-150x150.jpg 150w, https:\/\/www.lanuitdelune.fr\/wp-content\/uploads\/2016\/07\/LOGO-SCC-POSITIF-RVB-300x300.jpg 300w, https:\/\/www.lanuitdelune.fr\/wp-content\/uploads\/2016\/07\/LOGO-SCC-POSITIF-RVB.jpg 477w\" sizes=\"auto, (max-width: 150px) 100vw, 150px\" \/><\/a><\/p>\n<hr \/>\n<h2 style=\"text-align: center;\">SNPCC<\/h2>\n<p style=\"text-align: center;\">SYNDICAT NATIONAL DES PROFESSIONS<br \/>\nDU CHIEN ET DU CHAT<\/p>\n<p style=\"text-align: center;\"><span class=\"gras\">CM2C.NET - CM2C - 14 rue Saint Jean 75017 Paris<\/span><br \/>\n<a href=\"https:\/\/mediateurprofessionchienchat.fr\/\"><span class=\"gras\">www.mediateurprofessionchienchat.fr<\/span><\/a><\/p>\n<p>mediateur-conso@contact-snpcc.com\u00a0 -\u00a0 secretariat-conso@contact-snpcc.com<\/p>\n<p><a href=\"https:\/\/snpcc.com\"><img loading=\"lazy\" decoding=\"async\" class=\"aligncenter wp-image-2388 size-large\" src=\"https:\/\/www.lanuitdelune.fr\/wp-content\/uploads\/2020\/09\/snpcc-adherent-e1600786403743-1024x493.jpg\" alt=\"\" width=\"900\" height=\"433\" srcset=\"https:\/\/www.lanuitdelune.fr\/wp-content\/uploads\/2020\/09\/snpcc-adherent-e1600786403743-1024x493.jpg 1024w, https:\/\/www.lanuitdelune.fr\/wp-content\/uploads\/2020\/09\/snpcc-adherent-e1600786403743-300x144.jpg 300w, https:\/\/www.lanuitdelune.fr\/wp-content\/uploads\/2020\/09\/snpcc-adherent-e1600786403743-768x370.jpg 768w, https:\/\/www.lanuitdelune.fr\/wp-content\/uploads\/2020\/09\/snpcc-adherent-e1600786403743-1536x740.jpg 1536w, https:\/\/www.lanuitdelune.fr\/wp-content\/uploads\/2020\/09\/snpcc-adherent-e1600786403743-150x72.jpg 150w, https:\/\/www.lanuitdelune.fr\/wp-content\/uploads\/2020\/09\/snpcc-adherent-e1600786403743.jpg 1755w\" sizes=\"auto, (max-width: 900px) 100vw, 900px\" \/><\/a><\/p>\n<p style=\"text-align: center;\"><span class=\"lien-text\">\u00a0<\/span><\/p>\n<hr \/>\n<h2 style=\"text-align: center;\"><span style=\"text-decoration: underline;\">Zooplus<\/span><\/h2>\n<p style=\"text-align: center;\"><span class=\"st\">Animalerie en Ligne<\/span><\/p>\n<p style=\"text-align: center;\"><span class=\"st\">Animalerie en Ligne : nourriture pour animaux et accessoires. Grand choix de marques, promos et offres sp\u00e9ciales sur l'alimentation, la liti\u00e8re, les accessoires.<\/span><\/p>\n<p><a href=\"https:\/\/marketing.net.zooplus.fr\/ts\/i3971185\/tsc?amc=aff.zooplus.45340.53752.6891&amp;tst=!!TIMESTAMP!!\" target=\"_blank\" rel=\"noopener noreferrer\"><img loading=\"lazy\" decoding=\"async\" class=\"alignnone aligncenter\" src=\"https:\/\/marketing.net.zooplus.fr\/ts\/i3971185\/tsv?amc=aff.zooplus.45340.53752.6891&amp;tst=!!TIMESTAMP!!\" alt=\"zooplus.fr\" width=\"728\" height=\"90\" \/><\/a><\/p>\n<hr \/>\n<h2 style=\"text-align: center;\"><span style=\"text-decoration: underline;\">Chiens de France<\/span><\/h2>\n<p style=\"text-align: center;\"><span class=\"st\">Portail de l'Union des Eleveurs et passionn\u00e9s de <em>Chiens de France<\/em>.<br \/>\nComprend annuaire d'\u00e9leveurs, informations sur les races, les clubs et les pedigrees,\u00a0...<\/span><\/p>\n<h2 style=\"text-align: center;\"><a href=\"https:\/\/delanuitdelune.chiens-de-france.com\/cocker-spaniel-anglais.html\" target=\"_blank\" rel=\"noopener noreferrer\"><img loading=\"lazy\" decoding=\"async\" class=\"alignnone wp-image-1404 size-medium aligncenter\" src=\"https:\/\/www.lanuitdelune.fr\/wp-content\/uploads\/2016\/07\/chiens-de-france-300x74.jpg\" alt=\"chiens de france\" width=\"300\" height=\"74\" srcset=\"https:\/\/www.lanuitdelune.fr\/wp-content\/uploads\/2016\/07\/chiens-de-france-300x74.jpg 300w, https:\/\/www.lanuitdelune.fr\/wp-content\/uploads\/2016\/07\/chiens-de-france-250x62.jpg 250w, https:\/\/www.lanuitdelune.fr\/wp-content\/uploads\/2016\/07\/chiens-de-france-150x37.jpg 150w, https:\/\/www.lanuitdelune.fr\/wp-content\/uploads\/2016\/07\/chiens-de-france.jpg 329w\" sizes=\"auto, (max-width: 300px) 100vw, 300px\" \/><\/a><\/h2>\n<hr \/>\n<h2 style=\"text-align: center;\"><span style=\"text-decoration: underline;\">ProPlan<\/span><\/h2>\n<p style=\"text-align: center;\"><span class=\"st\">D\u00e9couvrez les gammes Purina <em>Proplan<\/em> Chien et chat, une alimentation de qualit\u00e9,<br \/>\nsaine et adapt\u00e9e \u00e0 votre chien ou chat. Retrouvez \u00e9galement des conseils...<\/span><\/p>\n<p style=\"text-align: center;\"><strong>Croquettes utilis\u00e9es par notre \u00e9levage.<\/strong><\/p>\n<p><a href=\"https:\/\/www.purina-proplan.fr\/\" target=\"_blank\" rel=\"noopener noreferrer\"><img loading=\"lazy\" decoding=\"async\" class=\"alignnone wp-image-1406 size-full aligncenter\" src=\"https:\/\/www.lanuitdelune.fr\/wp-content\/uploads\/2016\/07\/PP.jpg\" alt=\"PP\" width=\"253\" height=\"69\" srcset=\"https:\/\/www.lanuitdelune.fr\/wp-content\/uploads\/2016\/07\/PP.jpg 253w, https:\/\/www.lanuitdelune.fr\/wp-content\/uploads\/2016\/07\/PP-250x68.jpg 250w, https:\/\/www.lanuitdelune.fr\/wp-content\/uploads\/2016\/07\/PP-150x41.jpg 150w\" sizes=\"auto, (max-width: 253px) 100vw, 253px\" \/><\/a><\/p>\n<hr \/>\n<h2 style=\"text-align: center;\"><span style=\"text-decoration: underline;\">Spaniel Club<\/span><\/h2>\n<p style=\"text-align: center;\"><span class=\"st\">Site officiel du \"<em>Spaniel Club<\/em> Fran\u00e7ais\" - Club fond\u00e9 en 1898.<\/span><\/p>\n<p><a href=\"https:\/\/www.centrale-canine.fr\/spaniel-club-francais\" target=\"_blank\" rel=\"noopener noreferrer\"><img loading=\"lazy\" decoding=\"async\" class=\"wp-image-1407 size-full aligncenter\" src=\"https:\/\/www.lanuitdelune.fr\/wp-content\/uploads\/2016\/07\/spaniel-club-francais.jpg\" alt=\"spaniel-club-francais\" width=\"150\" height=\"189\" srcset=\"https:\/\/www.lanuitdelune.fr\/wp-content\/uploads\/2016\/07\/spaniel-club-francais.jpg 150w, https:\/\/www.lanuitdelune.fr\/wp-content\/uploads\/2016\/07\/spaniel-club-francais-119x150.jpg 119w\" sizes=\"auto, (max-width: 150px) 100vw, 150px\" \/><\/a><\/p>\n<hr \/>\n<h2 style=\"text-align: center;\"><span style=\"text-decoration: underline;\">C\u00e9dia<\/span><\/h2>\n<p style=\"text-align: center;\"><span class=\"st\">Expositions canines et r\u00e9sultats, standards de nombreuses races, annuaire.<\/span><\/p>\n<p style=\"text-align: center;\"><a href=\"https:\/\/cedia.fr\" target=\"_blank\" rel=\"noopener noreferrer\"><img loading=\"lazy\" decoding=\"async\" class=\"alignnone\" src=\"https:\/\/cedia.fr\/images\/ordi2.gif\" width=\"40\" height=\"34\" \/><\/a><a href=\"https:\/\/cedia.fr\"><img loading=\"lazy\" decoding=\"async\" class=\"alignnone\" src=\"https:\/\/cedia.fr\/images\/cyno.JPG\" alt=\"\" width=\"106\" height=\"34\" \/><\/a><\/p>\n<hr \/>\n<h2 style=\"text-align: center;\">Polytrans<\/h2>\n<p style=\"text-align: center;\">Animalerie en ligne : Polytrans<\/p>\n<p style=\"text-align: center;\"><span class=\"st\">Plus de 3800 articles dans les domaines de l'alimentation, hygi\u00e8ne, soins, accessoires canins et f\u00e9lins<\/span><\/p>\n<p><a href=\"https:\/\/www.polytrans.fr\/\" target=\"_blank\" rel=\"noopener noreferrer\"><img loading=\"lazy\" decoding=\"async\" class=\"alignnone wp-image-1450 size-full aligncenter\" src=\"https:\/\/www.lanuitdelune.fr\/wp-content\/uploads\/2016\/07\/polytrans1__079560700_0938_18062012.jpg\" alt=\"polytrans1__079560700_0938_18062012\" width=\"120\" height=\"40\" \/><\/a><\/p>\n<hr \/>\n<p><span class=\"HTML_TXT\"><span class=\"HTML_TAG\">\u00a0<\/span><\/span><\/p><\/div><\/div>","protected":false},"excerpt":{"rendered":"<p>Formations en ligne pour \u00e9duquer son chiot\/chien, vous avez un acc\u00e8s \u00e0 vie \u00e0 toutes les vid\u00e9os \ud83d\ude42 Esprit Dog Code promo sur ces 3 formations (NUITDELUNE) : Esprit Dog Chiot -&gt; https:\/\/www.espritdog.com\/chiot Esprit Dog Family -&gt; https:\/\/www.espritdog.com\/esprit-dog-family Esprit Dog Senior -&gt; https:\/\/www.espritdog.com\/esprit-dog-senior B\u00e9n\u00e9ficiez d'une remise avec le code promo\u2026<\/p>\n<p class=\"continue-reading-button\"> <a class=\"continue-reading-link\" href=\"https:\/\/www.lanuitdelune.fr\/index.php\/sites-partenaires\/\">Continue reading<i class=\"crycon-right-dir\"><\/i><\/a><\/p>\n","protected":false},"author":2,"featured_media":0,"parent":0,"menu_order":0,"comment_status":"closed","ping_status":"closed","template":"","meta":{"footnotes":""},"class_list":["post-1389","page","type-page","status-publish","hentry"],"_links":{"self":[{"href":"https:\/\/www.lanuitdelune.fr\/index.php\/wp-json\/wp\/v2\/pages\/1389","targetHints":{"allow":["GET"]}}],"collection":[{"href":"https:\/\/www.lanuitdelune.fr\/index.php\/wp-json\/wp\/v2\/pages"}],"about":[{"href":"https:\/\/www.lanuitdelune.fr\/index.php\/wp-json\/wp\/v2\/types\/page"}],"author":[{"embeddable":true,"href":"https:\/\/www.lanuitdelune.fr\/index.php\/wp-json\/wp\/v2\/users\/2"}],"replies":[{"embeddable":true,"href":"https:\/\/www.lanuitdelune.fr\/index.php\/wp-json\/wp\/v2\/comments?post=1389"}],"version-history":[{"count":32,"href":"https:\/\/www.lanuitdelune.fr\/index.php\/wp-json\/wp\/v2\/pages\/1389\/revisions"}],"predecessor-version":[{"id":2653,"href":"https:\/\/www.lanuitdelune.fr\/index.php\/wp-json\/wp\/v2\/pages\/1389\/revisions\/2653"}],"wp:attachment":[{"href":"https:\/\/www.lanuitdelune.fr\/index.php\/wp-json\/wp\/v2\/media?parent=1389"}],"curies":[{"name":"wp","href":"https:\/\/api.w.org\/{rel}","templated":true}]}}